{"id":19,"date":"2008-07-03T08:38:30","date_gmt":"2008-07-03T06:38:30","guid":{"rendered":"http:\/\/www.coeurssansfrontieres.com\/non-classifiee\/beitrittsformular\/"},"modified":"2016-07-04T23:57:34","modified_gmt":"2016-07-04T21:57:34","slug":"beitrittsformular","status":"publish","type":"page","link":"https:\/\/www.coeurssansfrontieres.com\/de\/startseite201805\/startseite-neue\/beitrittsformular\/","title":{"rendered":"Beitrittsformular"},"content":{"rendered":"<p>Pour adh\u00e9rer, merci de contacter au pr\u00e9alable <a href=\"https:\/\/www.coeurssansfrontieres.com\/de\/contacts\/blanc-michel\/\">Michel Blanc<\/a>, Pr\u00e9sident de l\u2019association.<\/p>\n<p><a href=\"https:\/\/www.coeurssansfrontieres.com\/wp-content\/uploads\/2008\/07\/ba2016fr.doc\" target=\"_blank\">Cliquez ici pour t\u00e9l\u00e9charger le bulletin d&#8217;adh\u00e9sion <strong>2016<\/strong> en langue fran\u00e7aise<\/a><\/p>\n<p><a href=\"https:\/\/www.coeurssansfrontieres.com\/wp-content\/uploads\/2008\/07\/ba2016de.doc\" target=\"_blank\">F\u00fcr das Beitrittsformular <strong>2016<\/strong> in deutscher Sprache hier anklicken<\/a><\/p>\n<p>&nbsp;<\/p>\n","protected":false},"excerpt":{"rendered":"<p>Pour adh\u00e9rer, merci de contacter au pr\u00e9alable Michel Blanc, Pr\u00e9sident de l\u2019association. Cliquez ici pour t\u00e9l\u00e9charger le bulletin d&#8217;adh\u00e9sion 2016 en langue fran\u00e7aise F\u00fcr das Beitrittsformular 2016 in deutscher Sprache hier anklicken &nbsp;<\/p>\n","protected":false},"author":249,"featured_media":0,"parent":4083,"menu_order":4,"comment_status":"open","ping_status":"closed","template":"","meta":{"_et_pb_use_builder":"on","_et_pb_old_content":"","_et_gb_content_width":"","footnotes":""},"class_list":["post-19","page","type-page","status-publish","hentry"],"yoast_head":"<!-- This site is optimized with the Yoast SEO plugin v27.4 - https:\/\/yoast.com\/product\/yoast-seo-wordpress\/ -->\n<title>Beitrittsformular - CSF - HOG<\/title>\n<meta name=\"robots\" content=\"index, follow, max-snippet:-1, max-image-preview:large, max-video-preview:-1\" \/>\n<link rel=\"canonical\" href=\"https:\/\/www.coeurssansfrontieres.com\/de\/startseite201805\/startseite-neue\/beitrittsformular\/\" \/>\n<meta property=\"og:locale\" content=\"de_DE\" \/>\n<meta property=\"og:type\" content=\"article\" \/>\n<meta property=\"og:title\" content=\"Beitrittsformular - CSF - HOG\" \/>\n<meta property=\"og:description\" content=\"Pour adh\u00e9rer, merci de contacter au pr\u00e9alable Michel Blanc, Pr\u00e9sident de l\u2019association. Cliquez ici pour t\u00e9l\u00e9charger le bulletin d&#039;adh\u00e9sion 2016 en langue fran\u00e7aise F\u00fcr das Beitrittsformular 2016 in deutscher Sprache hier anklicken &nbsp;\" \/>\n<meta property=\"og:url\" content=\"https:\/\/www.coeurssansfrontieres.com\/de\/startseite201805\/startseite-neue\/beitrittsformular\/\" \/>\n<meta property=\"og:site_name\" content=\"CSF - HOG\" \/>\n<meta property=\"article:modified_time\" content=\"2016-07-04T21:57:34+00:00\" \/>\n<meta name=\"twitter:card\" content=\"summary_large_image\" \/>\n<script type=\"application\/ld+json\" class=\"yoast-schema-graph\">{\"@context\":\"https:\\\/\\\/schema.org\",\"@graph\":[{\"@type\":\"WebPage\",\"@id\":\"https:\\\/\\\/www.coeurssansfrontieres.com\\\/de\\\/startseite201805\\\/startseite-neue\\\/beitrittsformular\\\/\",\"url\":\"https:\\\/\\\/www.coeurssansfrontieres.com\\\/de\\\/startseite201805\\\/startseite-neue\\\/beitrittsformular\\\/\",\"name\":\"Beitrittsformular - CSF - HOG\",\"isPartOf\":{\"@id\":\"https:\\\/\\\/www.coeurssansfrontieres.com\\\/fr\\\/#website\"},\"datePublished\":\"2008-07-03T06:38:30+00:00\",\"dateModified\":\"2016-07-04T21:57:34+00:00\",\"breadcrumb\":{\"@id\":\"https:\\\/\\\/www.coeurssansfrontieres.com\\\/de\\\/startseite201805\\\/startseite-neue\\\/beitrittsformular\\\/#breadcrumb\"},\"inLanguage\":\"de\",\"potentialAction\":[{\"@type\":\"ReadAction\",\"target\":[\"https:\\\/\\\/www.coeurssansfrontieres.com\\\/de\\\/startseite201805\\\/startseite-neue\\\/beitrittsformular\\\/\"]}]},{\"@type\":\"BreadcrumbList\",\"@id\":\"https:\\\/\\\/www.coeurssansfrontieres.com\\\/de\\\/startseite201805\\\/startseite-neue\\\/beitrittsformular\\\/#breadcrumb\",\"itemListElement\":[{\"@type\":\"ListItem\",\"position\":1,\"name\":\"Accueil\",\"item\":\"https:\\\/\\\/www.coeurssansfrontieres.com\\\/de\\\/\"},{\"@type\":\"ListItem\",\"position\":2,\"name\":\"Startseite201805\",\"item\":\"https:\\\/\\\/www.coeurssansfrontieres.com\\\/de\\\/startseite201805\\\/\"},{\"@type\":\"ListItem\",\"position\":3,\"name\":\"Startseite neue\",\"item\":\"https:\\\/\\\/www.coeurssansfrontieres.com\\\/de\\\/startseite201805\\\/startseite-neue\\\/\"},{\"@type\":\"ListItem\",\"position\":4,\"name\":\"Beitrittsformular\"}]},{\"@type\":\"WebSite\",\"@id\":\"https:\\\/\\\/www.coeurssansfrontieres.com\\\/fr\\\/#website\",\"url\":\"https:\\\/\\\/www.coeurssansfrontieres.com\\\/fr\\\/\",\"name\":\"C\u0153urs sans fronti\u00e8res\",\"description\":\"Association franco-allemande des Enfants de la Seconde Guerre Mondiale\",\"potentialAction\":[{\"@type\":\"SearchAction\",\"target\":{\"@type\":\"EntryPoint\",\"urlTemplate\":\"https:\\\/\\\/www.coeurssansfrontieres.com\\\/fr\\\/?s={search_term_string}\"},\"query-input\":{\"@type\":\"PropertyValueSpecification\",\"valueRequired\":true,\"valueName\":\"search_term_string\"}}],\"inLanguage\":\"de\"}]}<\/script>\n<!-- \/ Yoast SEO plugin. -->","yoast_head_json":{"title":"Beitrittsformular - CSF - HOG","robots":{"index":"index","follow":"follow","max-snippet":"max-snippet:-1","max-image-preview":"max-image-preview:large","max-video-preview":"max-video-preview:-1"},"canonical":"https:\/\/www.coeurssansfrontieres.com\/de\/startseite201805\/startseite-neue\/beitrittsformular\/","og_locale":"de_DE","og_type":"article","og_title":"Beitrittsformular - CSF - HOG","og_description":"Pour adh\u00e9rer, merci de contacter au pr\u00e9alable Michel Blanc, Pr\u00e9sident de l\u2019association. Cliquez ici pour t\u00e9l\u00e9charger le bulletin d'adh\u00e9sion 2016 en langue fran\u00e7aise F\u00fcr das Beitrittsformular 2016 in deutscher Sprache hier anklicken &nbsp;","og_url":"https:\/\/www.coeurssansfrontieres.com\/de\/startseite201805\/startseite-neue\/beitrittsformular\/","og_site_name":"CSF - HOG","article_modified_time":"2016-07-04T21:57:34+00:00","twitter_card":"summary_large_image","schema":{"@context":"https:\/\/schema.org","@graph":[{"@type":"WebPage","@id":"https:\/\/www.coeurssansfrontieres.com\/de\/startseite201805\/startseite-neue\/beitrittsformular\/","url":"https:\/\/www.coeurssansfrontieres.com\/de\/startseite201805\/startseite-neue\/beitrittsformular\/","name":"Beitrittsformular - CSF - HOG","isPartOf":{"@id":"https:\/\/www.coeurssansfrontieres.com\/fr\/#website"},"datePublished":"2008-07-03T06:38:30+00:00","dateModified":"2016-07-04T21:57:34+00:00","breadcrumb":{"@id":"https:\/\/www.coeurssansfrontieres.com\/de\/startseite201805\/startseite-neue\/beitrittsformular\/#breadcrumb"},"inLanguage":"de","potentialAction":[{"@type":"ReadAction","target":["https:\/\/www.coeurssansfrontieres.com\/de\/startseite201805\/startseite-neue\/beitrittsformular\/"]}]},{"@type":"BreadcrumbList","@id":"https:\/\/www.coeurssansfrontieres.com\/de\/startseite201805\/startseite-neue\/beitrittsformular\/#breadcrumb","itemListElement":[{"@type":"ListItem","position":1,"name":"Accueil","item":"https:\/\/www.coeurssansfrontieres.com\/de\/"},{"@type":"ListItem","position":2,"name":"Startseite201805","item":"https:\/\/www.coeurssansfrontieres.com\/de\/startseite201805\/"},{"@type":"ListItem","position":3,"name":"Startseite neue","item":"https:\/\/www.coeurssansfrontieres.com\/de\/startseite201805\/startseite-neue\/"},{"@type":"ListItem","position":4,"name":"Beitrittsformular"}]},{"@type":"WebSite","@id":"https:\/\/www.coeurssansfrontieres.com\/fr\/#website","url":"https:\/\/www.coeurssansfrontieres.com\/fr\/","name":"C\u0153urs sans fronti\u00e8res","description":"Association franco-allemande des Enfants de la Seconde Guerre Mondiale","potentialAction":[{"@type":"SearchAction","target":{"@type":"EntryPoint","urlTemplate":"https:\/\/www.coeurssansfrontieres.com\/fr\/?s={search_term_string}"},"query-input":{"@type":"PropertyValueSpecification","valueRequired":true,"valueName":"search_term_string"}}],"inLanguage":"de"}]}},"_links":{"self":[{"href":"https:\/\/www.coeurssansfrontieres.com\/de\/wp-json\/wp\/v2\/pages\/19","targetHints":{"allow":["GET"]}}],"collection":[{"href":"https:\/\/www.coeurssansfrontieres.com\/de\/wp-json\/wp\/v2\/pages"}],"about":[{"href":"https:\/\/www.coeurssansfrontieres.com\/de\/wp-json\/wp\/v2\/types\/page"}],"author":[{"embeddable":true,"href":"https:\/\/www.coeurssansfrontieres.com\/de\/wp-json\/wp\/v2\/users\/249"}],"replies":[{"embeddable":true,"href":"https:\/\/www.coeurssansfrontieres.com\/de\/wp-json\/wp\/v2\/comments?post=19"}],"version-history":[{"count":0,"href":"https:\/\/www.coeurssansfrontieres.com\/de\/wp-json\/wp\/v2\/pages\/19\/revisions"}],"up":[{"embeddable":true,"href":"https:\/\/www.coeurssansfrontieres.com\/de\/wp-json\/wp\/v2\/pages\/4083"}],"wp:attachment":[{"href":"https:\/\/www.coeurssansfrontieres.com\/de\/wp-json\/wp\/v2\/media?parent=19"}],"curies":[{"name":"wp","href":"https:\/\/api.w.org\/{rel}","templated":true}]}}