{"id":25417,"date":"2023-09-18T11:17:07","date_gmt":"2023-09-18T09:17:07","guid":{"rendered":"https:\/\/www.coeurssansfrontieres.com\/recherche2017\/articles-de-meggie\/"},"modified":"2023-09-18T11:36:27","modified_gmt":"2023-09-18T09:36:27","slug":"artikel-von-meggie-beck","status":"publish","type":"page","link":"https:\/\/www.coeurssansfrontieres.com\/de\/recherche2017\/artikel-von-meggie-beck\/","title":{"rendered":"Artikel von Meggie Beck"},"content":{"rendered":"<p>[et_pb_section fb_built=&#8220;1&#8243; custom_padding_last_edited=&#8220;on|desktop&#8220; admin_label=&#8220;section&#8220; _builder_version=&#8220;4.16&#8243; background_color=&#8220;#ffffff&#8220; custom_margin=&#8220;-150px||||false|false&#8220; custom_padding=&#8220;0px|||||&#8220; custom_padding_tablet=&#8220;50px|0|50px|0&#8243; custom_padding_phone=&#8220;&#8220; transparent_background=&#8220;off&#8220; padding_mobile=&#8220;off&#8220; make_fullwidth=&#8220;off&#8220; use_custom_width=&#8220;off&#8220; width_unit=&#8220;on&#8220; global_colors_info=&#8220;{}&#8220;][et_pb_row column_structure=&#8220;3_4,1_4&#8243; column_padding_mobile=&#8220;on&#8220; admin_label=&#8220;row&#8220; module_class=&#8220; et_pb_row_fullwidth&#8220; _builder_version=&#8220;4.16&#8243; background_size=&#8220;initial&#8220; background_position=&#8220;top_left&#8220; background_repeat=&#8220;repeat&#8220; width=&#8220;89%&#8220; width_tablet=&#8220;80%&#8220; width_phone=&#8220;&#8220; width_last_edited=&#8220;on|desktop&#8220; max_width=&#8220;89%&#8220; max_width_tablet=&#8220;80%&#8220; max_width_phone=&#8220;&#8220; max_width_last_edited=&#8220;on|desktop&#8220; custom_margin=&#8220;|auto||auto|false|false&#8220; custom_padding=&#8220;0px|100px|0px|2px|false|false&#8220; make_fullwidth=&#8220;on&#8220; use_custom_width=&#8220;off&#8220; width_unit=&#8220;on&#8220; global_colors_info=&#8220;{}&#8220;][et_pb_column type=&#8220;3_4&#8243; _builder_version=&#8220;4.16&#8243; custom_padding=&#8220;|||&#8220; global_colors_info=&#8220;{}&#8220; custom_padding__hover=&#8220;|||&#8220;][et_pb_text admin_label=&#8220;Texte&#8220; _builder_version=&#8220;4.22.1&#8243; background_size=&#8220;initial&#8220; background_position=&#8220;top_left&#8220; background_repeat=&#8220;repeat&#8220; custom_margin=&#8220;||0.8vh|5vw|false|false&#8220; custom_padding=&#8220;2vh||2vh||false|false&#8220; custom_css_main_element=&#8220;box-shadow: 6px 6px 6px #7C7C7C;||background-image: url(%22https:\/\/www.coeurssansfrontieres.com\/wp-content\/uploads\/2017\/10\/documents-csf.png%22),url(%22https:\/\/www.coeurssansfrontieres.com\/wp-content\/uploads\/2017\/10\/documents-csf.png%22);||background-size: 50px 50px, 50px 50px;||background-position: 5% 50%, 95% 50%; ||background-repeat: no-repeat,no-repeat;&#8220; text_text_shadow_style=&#8220;preset2&#8243; text_text_shadow_horizontal_length=&#8220;0.1em&#8220; text_text_shadow_vertical_length=&#8220;0.1em&#8220; text_text_shadow_blur_strength=&#8220;0.1em&#8220; border_radii=&#8220;on|25px|25px|25px|25px&#8220; border_width_all=&#8220;3px&#8220; border_color_all=&#8220;#e221ed&#8220; border_style_all=&#8220;double&#8220; box_shadow_style=&#8220;preset4&#8243; use_border_color=&#8220;off&#8220; border_color=&#8220;#ffffff&#8220; border_style=&#8220;solid&#8220; global_colors_info=&#8220;{}&#8220;]<\/p>\n<h1 style=\"text-align: center;\">Artikel von Meggie Beck<\/h1>\n<p>[\/et_pb_text][et_pb_text disabled_on=&#8220;on|on|on&#8220; admin_label=&#8220;Texte&#8220; _builder_version=&#8220;4.22.1&#8243; header_4_line_height=&#8220;1.2em&#8220; background_size=&#8220;initial&#8220; background_position=&#8220;top_left&#8220; background_repeat=&#8220;repeat&#8220; custom_margin=&#8220;||0.8vh|5vw|false|false&#8220; custom_padding=&#8220;1vh|2vw|0vh|2vw|false|false&#8220; custom_css_main_element=&#8220;box-shadow: 6px 6px 6px #7C7C7C;&#8220; text_text_shadow_style=&#8220;preset2&#8243; text_text_shadow_horizontal_length=&#8220;0.1em&#8220; text_text_shadow_vertical_length=&#8220;0.1em&#8220; text_text_shadow_blur_strength=&#8220;0.1em&#8220; border_radii=&#8220;on|25px|25px|25px|25px&#8220; border_width_all=&#8220;3px&#8220; border_color_all=&#8220;#e221ed&#8220; border_style_all=&#8220;double&#8220; box_shadow_style=&#8220;preset4&#8243; use_border_color=&#8220;on&#8220; border_color=&#8220;#e221ed&#8220; border_width=&#8220;3px&#8220; border_style=&#8220;double&#8220; disabled=&#8220;on&#8220; global_colors_info=&#8220;{}&#8220;]<\/p>\n<h4><strong>Ces histoires peuvent vous \u00e9voquer quelque chose. Dans le cas o\u00f9 vous pourriez nous aider \u00e0 faire progresser ces dossiers, nous vous serions reconnaissants de contacter les gestionnaires de la recherche.<\/strong><\/h4>\n<p>[\/et_pb_text][\/et_pb_column][et_pb_column type=&#8220;1_4&#8243; _builder_version=&#8220;4.16&#8243; custom_padding=&#8220;|||0px|false|false&#8220; global_colors_info=&#8220;{}&#8220; custom_padding__hover=&#8220;|||&#8220;][et_pb_button button_url=&#8220;https:\/\/www.coeurssansfrontieres.com\/de\/&#8220; button_text=&#8220;Zur\u00fcck zur Startseite&#8220; button_alignment=&#8220;center&#8220; disabled_on=&#8220;off|off|off&#8220; admin_label=&#8220;Bouton retour&#8220; _builder_version=&#8220;4.22.1&#8243; custom_button=&#8220;on&#8220; button_text_size=&#8220;15px&#8220; button_text_color=&#8220;#ffffff&#8220; button_bg_color=&#8220;#a55ba6&#8243; button_border_width=&#8220;1px&#8220; button_border_color=&#8220;#ffffff&#8220; button_border_radius=&#8220;25px&#8220; button_font=&#8220;|||||on|||&#8220; button_icon=&#8220;&#x4a;||divi||400&#8243; button_icon_color=&#8220;#ffffff&#8220; button_on_hover=&#8220;off&#8220; background_layout=&#8220;dark&#8220; custom_margin=&#8220;1vh||0px||false|false&#8220; button_text_shadow_style=&#8220;preset1&#8243; box_shadow_style=&#8220;preset4&#8243; global_colors_info=&#8220;{}&#8220; locked=&#8220;off&#8220;][\/et_pb_button][et_pb_image src=&#8220;https:\/\/www.coeurssansfrontieres.com\/wp-content\/uploads\/2017\/09\/Recherches-en-cours-OMBRE.png&#8220; show_bottom_space=&#8220;off&#8220; align=&#8220;center&#8220; align_tablet=&#8220;center&#8220; align_phone=&#8220;&#8220; align_last_edited=&#8220;on|desktop&#8220; disabled_on=&#8220;off|off|off&#8220; admin_label=&#8220;Image&#8220; _builder_version=&#8220;4.16&#8243; max_width=&#8220;50px&#8220; custom_margin=&#8220;2vh||||false|false&#8220; use_border_color=&#8220;off&#8220; border_color=&#8220;#ffffff&#8220; border_style=&#8220;solid&#8220; sticky=&#8220;on&#8220; always_center_on_mobile=&#8220;on&#8220; global_colors_info=&#8220;{}&#8220;][\/et_pb_image][et_pb_search exclude_pages=&#8220;on&#8220; include_categories=&#8220;213,186,237,232,230,240,199,196,256,203,254,252,211,228,209,193,172,176,174,173,224,155,67,2,23,14,215,226,175,222&#8243; placeholder=&#8220; ?&#8220; button_color=&#8220;#a61abf&#8220; admin_label=&#8220;Chercher&#8220; _builder_version=&#8220;4.22.1&#8243; form_field_background_color=&#8220;#E5C3DF&#8220; form_field_focus_background_color=&#8220;#e5c3df&#8220; button_font=&#8220;|on|||&#8220; button_text_color=&#8220;#ffffff&#8220; button_font_size=&#8220;10px&#8220; button_line_height=&#8220;1.5em&#8220; form_field_font=&#8220;|700|||||||&#8220; form_field_text_align=&#8220;center&#8220; form_field_font_size=&#8220;16px&#8220; form_field_line_height=&#8220;0.6em&#8220; background_color=&#8220;#e5c3df&#8220; text_orientation=&#8220;center&#8220; custom_padding=&#8220;0.4em|0.715em|0.4em|0.715em|false|false&#8220; custom_css_main_element=&#8220;box-shadow: 6px 6px 6px #7C7C7C;&#8220; custom_css_input_field=&#8220;font-weight: bold !important;||&#8220; button_text_shadow_style=&#8220;preset5&#8243; border_radii=&#8220;on|25px|25px|25px|25px&#8220; text_shadow_style=&#8220;preset5&#8243; hide_button=&#8220;off&#8220; input_font_size=&#8220;11&#8243; input_line_height=&#8220;2em&#8220; global_colors_info=&#8220;{}&#8220; button_text_size__hover_enabled=&#8220;off&#8220; button_one_text_size__hover_enabled=&#8220;off&#8220; button_two_text_size__hover_enabled=&#8220;off&#8220; button_text_color__hover_enabled=&#8220;off&#8220; button_one_text_color__hover_enabled=&#8220;off&#8220; button_two_text_color__hover_enabled=&#8220;off&#8220; button_border_width__hover_enabled=&#8220;off&#8220; button_one_border_width__hover_enabled=&#8220;off&#8220; button_two_border_width__hover_enabled=&#8220;off&#8220; button_border_color__hover_enabled=&#8220;off&#8220; button_one_border_color__hover_enabled=&#8220;off&#8220; button_two_border_color__hover_enabled=&#8220;off&#8220; button_border_radius__hover_enabled=&#8220;off&#8220; button_one_border_radius__hover_enabled=&#8220;off&#8220; button_two_border_radius__hover_enabled=&#8220;off&#8220; button_letter_spacing__hover_enabled=&#8220;off&#8220; button_one_letter_spacing__hover_enabled=&#8220;off&#8220; button_two_letter_spacing__hover_enabled=&#8220;off&#8220; button_bg_color__hover_enabled=&#8220;off&#8220; button_one_bg_color__hover_enabled=&#8220;off&#8220; button_two_bg_color__hover_enabled=&#8220;off&#8220;][\/et_pb_search][\/et_pb_column][\/et_pb_row][et_pb_row column_padding_mobile=&#8220;on&#8220; admin_label=&#8220;row&#8220; module_class=&#8220; et_pb_row_fullwidth&#8220; _builder_version=&#8220;4.16&#8243; background_size=&#8220;initial&#8220; background_position=&#8220;top_left&#8220; background_repeat=&#8220;repeat&#8220; width=&#8220;89%&#8220; width_tablet=&#8220;80%&#8220; width_phone=&#8220;&#8220; width_last_edited=&#8220;on|desktop&#8220; max_width=&#8220;89%&#8220; max_width_tablet=&#8220;80%&#8220; max_width_phone=&#8220;&#8220; max_width_last_edited=&#8220;on|desktop&#8220; custom_margin=&#8220;||||false|false&#8220; custom_padding=&#8220;0px|2px|0px|2px|false|false&#8220; make_fullwidth=&#8220;on&#8220; use_custom_width=&#8220;off&#8220; width_unit=&#8220;on&#8220; global_colors_info=&#8220;{}&#8220;][et_pb_column type=&#8220;4_4&#8243; _builder_version=&#8220;4.16&#8243; custom_padding=&#8220;|||&#8220; global_colors_info=&#8220;{}&#8220; custom_padding__hover=&#8220;|||&#8220;][et_pb_blog posts_number=&#8220;25&#8243; include_categories=&#8220;275&#8243; show_more=&#8220;on&#8220; show_author=&#8220;off&#8220; show_date=&#8220;off&#8220; show_categories=&#8220;off&#8220; admin_label=&#8220;Blog&#8220; module_class=&#8220;csfhog_blog01&#8243; _builder_version=&#8220;4.22.1&#8243; header_font=&#8220;|on|||&#8220; header_font_size=&#8220;20&#8243; body_font=&#8220;||on||&#8220; body_font_size=&#8220;18&#8243; meta_font_size=&#8220;18&#8243; meta_line_height=&#8220;1em&#8220; width=&#8220;90%&#8220; max_width=&#8220;90%&#8220; module_alignment=&#8220;center&#8220; custom_margin=&#8220;2vh|10vw||10vw|false|false&#8220; border_width_all=&#8220;1px&#8220; border_color_all=&#8220;#d01fe0&#8243; border_style_all=&#8220;solid&#8220; border_width_all_fullwidth=&#8220;1px&#8220; border_color_all_fullwidth=&#8220;#d01fe0&#8243; border_style_all_fullwidth=&#8220;solid&#8220; use_border_color=&#8220;on&#8220; border_color=&#8220;#d01fe0&#8243; border_style=&#8220;solid&#8220; use_dropshadow=&#8220;off&#8220; global_colors_info=&#8220;{}&#8220;][\/et_pb_blog][\/et_pb_column][\/et_pb_row][\/et_pb_section]<\/p>\n","protected":false},"excerpt":{"rendered":"<p>Artikel von Meggie BeckCes histoires peuvent vous \u00e9voquer quelque chose. Dans le cas o\u00f9 vous pourriez nous aider \u00e0 faire progresser ces dossiers, nous vous serions reconnaissants de contacter les gestionnaires de la recherche.<\/p>\n","protected":false},"author":249,"featured_media":0,"parent":4101,"menu_order":0,"comment_status":"closed","ping_status":"closed","template":"","meta":{"_et_pb_use_builder":"on","_et_pb_old_content":"","_et_gb_content_width":"","footnotes":""},"class_list":["post-25417","page","type-page","status-publish","hentry"],"yoast_head":"<!-- This site is optimized with the Yoast SEO plugin v27.5 - https:\/\/yoast.com\/product\/yoast-seo-wordpress\/ -->\n<title>Artikel von Meggie Beck - CSF - HOG<\/title>\n<meta name=\"robots\" content=\"index, follow, max-snippet:-1, max-image-preview:large, max-video-preview:-1\" \/>\n<link rel=\"canonical\" href=\"https:\/\/www.coeurssansfrontieres.com\/de\/recherche2017\/artikel-von-meggie-beck\/\" \/>\n<meta property=\"og:locale\" content=\"de_DE\" \/>\n<meta property=\"og:type\" content=\"article\" \/>\n<meta property=\"og:title\" content=\"Artikel von Meggie Beck - CSF - HOG\" \/>\n<meta property=\"og:description\" content=\"Artikel von Meggie BeckCes histoires peuvent vous \u00e9voquer quelque chose. Dans le cas o\u00f9 vous pourriez nous aider \u00e0 faire progresser ces dossiers, nous vous serions reconnaissants de contacter les gestionnaires de la recherche.\" \/>\n<meta property=\"og:url\" content=\"https:\/\/www.coeurssansfrontieres.com\/de\/recherche2017\/artikel-von-meggie-beck\/\" \/>\n<meta property=\"og:site_name\" content=\"CSF - HOG\" \/>\n<meta property=\"article:modified_time\" content=\"2023-09-18T09:36:27+00:00\" \/>\n<meta name=\"twitter:card\" content=\"summary_large_image\" \/>\n<meta name=\"twitter:label1\" content=\"Gesch\u00e4tzte Lesezeit\" \/>\n\t<meta name=\"twitter:data1\" content=\"2\u00a0Minuten\" \/>\n<script type=\"application\/ld+json\" class=\"yoast-schema-graph\">{\"@context\":\"https:\\\/\\\/schema.org\",\"@graph\":[{\"@type\":\"WebPage\",\"@id\":\"https:\\\/\\\/www.coeurssansfrontieres.com\\\/de\\\/recherche2017\\\/artikel-von-meggie-beck\\\/\",\"url\":\"https:\\\/\\\/www.coeurssansfrontieres.com\\\/de\\\/recherche2017\\\/artikel-von-meggie-beck\\\/\",\"name\":\"Artikel von Meggie Beck - CSF - HOG\",\"isPartOf\":{\"@id\":\"https:\\\/\\\/www.coeurssansfrontieres.com\\\/fr\\\/#website\"},\"datePublished\":\"2023-09-18T09:17:07+00:00\",\"dateModified\":\"2023-09-18T09:36:27+00:00\",\"breadcrumb\":{\"@id\":\"https:\\\/\\\/www.coeurssansfrontieres.com\\\/de\\\/recherche2017\\\/artikel-von-meggie-beck\\\/#breadcrumb\"},\"inLanguage\":\"de\",\"potentialAction\":[{\"@type\":\"ReadAction\",\"target\":[\"https:\\\/\\\/www.coeurssansfrontieres.com\\\/de\\\/recherche2017\\\/artikel-von-meggie-beck\\\/\"]}]},{\"@type\":\"BreadcrumbList\",\"@id\":\"https:\\\/\\\/www.coeurssansfrontieres.com\\\/de\\\/recherche2017\\\/artikel-von-meggie-beck\\\/#breadcrumb\",\"itemListElement\":[{\"@type\":\"ListItem\",\"position\":1,\"name\":\"Accueil\",\"item\":\"https:\\\/\\\/www.coeurssansfrontieres.com\\\/de\\\/\"},{\"@type\":\"ListItem\",\"position\":2,\"name\":\"Recherche2017\",\"item\":\"https:\\\/\\\/www.coeurssansfrontieres.com\\\/de\\\/recherche2017\\\/\"},{\"@type\":\"ListItem\",\"position\":3,\"name\":\"Artikel von Meggie Beck\"}]},{\"@type\":\"WebSite\",\"@id\":\"https:\\\/\\\/www.coeurssansfrontieres.com\\\/fr\\\/#website\",\"url\":\"https:\\\/\\\/www.coeurssansfrontieres.com\\\/fr\\\/\",\"name\":\"C\u0153urs sans fronti\u00e8res\",\"description\":\"Association franco-allemande des Enfants de la Seconde Guerre Mondiale\",\"potentialAction\":[{\"@type\":\"SearchAction\",\"target\":{\"@type\":\"EntryPoint\",\"urlTemplate\":\"https:\\\/\\\/www.coeurssansfrontieres.com\\\/fr\\\/?s={search_term_string}\"},\"query-input\":{\"@type\":\"PropertyValueSpecification\",\"valueRequired\":true,\"valueName\":\"search_term_string\"}}],\"inLanguage\":\"de\"}]}<\/script>\n<!-- \/ Yoast SEO plugin. -->","yoast_head_json":{"title":"Artikel von Meggie Beck - CSF - HOG","robots":{"index":"index","follow":"follow","max-snippet":"max-snippet:-1","max-image-preview":"max-image-preview:large","max-video-preview":"max-video-preview:-1"},"canonical":"https:\/\/www.coeurssansfrontieres.com\/de\/recherche2017\/artikel-von-meggie-beck\/","og_locale":"de_DE","og_type":"article","og_title":"Artikel von Meggie Beck - CSF - HOG","og_description":"Artikel von Meggie BeckCes histoires peuvent vous \u00e9voquer quelque chose. Dans le cas o\u00f9 vous pourriez nous aider \u00e0 faire progresser ces dossiers, nous vous serions reconnaissants de contacter les gestionnaires de la recherche.","og_url":"https:\/\/www.coeurssansfrontieres.com\/de\/recherche2017\/artikel-von-meggie-beck\/","og_site_name":"CSF - HOG","article_modified_time":"2023-09-18T09:36:27+00:00","twitter_card":"summary_large_image","twitter_misc":{"Gesch\u00e4tzte Lesezeit":"2\u00a0Minuten"},"schema":{"@context":"https:\/\/schema.org","@graph":[{"@type":"WebPage","@id":"https:\/\/www.coeurssansfrontieres.com\/de\/recherche2017\/artikel-von-meggie-beck\/","url":"https:\/\/www.coeurssansfrontieres.com\/de\/recherche2017\/artikel-von-meggie-beck\/","name":"Artikel von Meggie Beck - CSF - HOG","isPartOf":{"@id":"https:\/\/www.coeurssansfrontieres.com\/fr\/#website"},"datePublished":"2023-09-18T09:17:07+00:00","dateModified":"2023-09-18T09:36:27+00:00","breadcrumb":{"@id":"https:\/\/www.coeurssansfrontieres.com\/de\/recherche2017\/artikel-von-meggie-beck\/#breadcrumb"},"inLanguage":"de","potentialAction":[{"@type":"ReadAction","target":["https:\/\/www.coeurssansfrontieres.com\/de\/recherche2017\/artikel-von-meggie-beck\/"]}]},{"@type":"BreadcrumbList","@id":"https:\/\/www.coeurssansfrontieres.com\/de\/recherche2017\/artikel-von-meggie-beck\/#breadcrumb","itemListElement":[{"@type":"ListItem","position":1,"name":"Accueil","item":"https:\/\/www.coeurssansfrontieres.com\/de\/"},{"@type":"ListItem","position":2,"name":"Recherche2017","item":"https:\/\/www.coeurssansfrontieres.com\/de\/recherche2017\/"},{"@type":"ListItem","position":3,"name":"Artikel von Meggie Beck"}]},{"@type":"WebSite","@id":"https:\/\/www.coeurssansfrontieres.com\/fr\/#website","url":"https:\/\/www.coeurssansfrontieres.com\/fr\/","name":"C\u0153urs sans fronti\u00e8res","description":"Association franco-allemande des Enfants de la Seconde Guerre Mondiale","potentialAction":[{"@type":"SearchAction","target":{"@type":"EntryPoint","urlTemplate":"https:\/\/www.coeurssansfrontieres.com\/fr\/?s={search_term_string}"},"query-input":{"@type":"PropertyValueSpecification","valueRequired":true,"valueName":"search_term_string"}}],"inLanguage":"de"}]}},"_links":{"self":[{"href":"https:\/\/www.coeurssansfrontieres.com\/de\/wp-json\/wp\/v2\/pages\/25417","targetHints":{"allow":["GET"]}}],"collection":[{"href":"https:\/\/www.coeurssansfrontieres.com\/de\/wp-json\/wp\/v2\/pages"}],"about":[{"href":"https:\/\/www.coeurssansfrontieres.com\/de\/wp-json\/wp\/v2\/types\/page"}],"author":[{"embeddable":true,"href":"https:\/\/www.coeurssansfrontieres.com\/de\/wp-json\/wp\/v2\/users\/249"}],"replies":[{"embeddable":true,"href":"https:\/\/www.coeurssansfrontieres.com\/de\/wp-json\/wp\/v2\/comments?post=25417"}],"version-history":[{"count":3,"href":"https:\/\/www.coeurssansfrontieres.com\/de\/wp-json\/wp\/v2\/pages\/25417\/revisions"}],"predecessor-version":[{"id":25421,"href":"https:\/\/www.coeurssansfrontieres.com\/de\/wp-json\/wp\/v2\/pages\/25417\/revisions\/25421"}],"up":[{"embeddable":true,"href":"https:\/\/www.coeurssansfrontieres.com\/de\/wp-json\/wp\/v2\/pages\/4101"}],"wp:attachment":[{"href":"https:\/\/www.coeurssansfrontieres.com\/de\/wp-json\/wp\/v2\/media?parent=25417"}],"curies":[{"name":"wp","href":"https:\/\/api.w.org\/{rel}","templated":true}]}}