{"id":4311,"date":"2017-07-29T12:08:42","date_gmt":"2017-07-29T10:08:42","guid":{"rendered":"http:\/\/www.coeurssansfrontieres.com\/de\/temoins\/"},"modified":"2017-08-10T23:12:48","modified_gmt":"2017-08-10T21:12:48","slug":"temoins","status":"publish","type":"page","link":"https:\/\/www.coeurssansfrontieres.com\/de\/tests\/temoins\/","title":{"rendered":"T\u00e9moins"},"content":{"rendered":"<p>[et_pb_section admin_label=&#8220;section&#8220; transparent_background=&#8220;on&#8220; background_color=&#8220;#f98eff&#8220; allow_player_pause=&#8220;off&#8220; inner_shadow=&#8220;off&#8220; parallax=&#8220;off&#8220; parallax_method=&#8220;off&#8220; padding_mobile=&#8220;off&#8220; make_fullwidth=&#8220;off&#8220; use_custom_width=&#8220;off&#8220; width_unit=&#8220;on&#8220; make_equal=&#8220;off&#8220; use_custom_gutter=&#8220;off&#8220;][et_pb_row admin_label=&#8220;row&#8220; make_fullwidth=&#8220;on&#8220; use_custom_width=&#8220;off&#8220; width_unit=&#8220;on&#8220; use_custom_gutter=&#8220;off&#8220; custom_padding=&#8220;2px|2px|2px|2px&#8220; padding_mobile=&#8220;off&#8220; allow_player_pause=&#8220;off&#8220; parallax=&#8220;off&#8220; parallax_method=&#8220;off&#8220; make_equal=&#8220;off&#8220; parallax_1=&#8220;off&#8220; parallax_method_1=&#8220;off&#8220; parallax_2=&#8220;off&#8220; parallax_method_2=&#8220;off&#8220; column_padding_mobile=&#8220;on&#8220;][et_pb_column type=&#8220;3_4&#8243;][et_pb_text admin_label=&#8220;Texte&#8220; background_layout=&#8220;light&#8220; text_orientation=&#8220;left&#8220; use_border_color=&#8220;on&#8220; border_color=&#8220;#e221ed&#8220; border_style=&#8220;double&#8220; header_text_color=&#8220;#e221ed&#8220; text_text_color=&#8220;#e221ed&#8220; border_width=&#8220;3&#8243; custom_padding=&#8220;15px||15px|&#8220;]<\/p>\n<h1 style=\"text-align: center;\">Zeugen<\/h1>\n<p>[\/et_pb_text][et_pb_image admin_label=&#8220;Image&#8220; src=&#8220;https:\/\/www.coeurssansfrontieres.com\/wp-content\/uploads\/2016\/07\/favicon.png&#8220; show_in_lightbox=&#8220;off&#8220; url_new_window=&#8220;off&#8220; use_overlay=&#8220;off&#8220; animation=&#8220;off&#8220; sticky=&#8220;off&#8220; align=&#8220;left&#8220; force_fullwidth=&#8220;off&#8220; always_center_on_mobile=&#8220;on&#8220; use_border_color=&#8220;off&#8220; border_color=&#8220;#ffffff&#8220; border_style=&#8220;solid&#8220; custom_margin=&#8220;-100px||0px|&#8220;] [\/et_pb_image][et_pb_text admin_label=&#8220;Texte&#8220; background_layout=&#8220;light&#8220; text_orientation=&#8220;left&#8220; use_border_color=&#8220;on&#8220; border_color=&#8220;#e221ed&#8220; border_style=&#8220;double&#8220; custom_margin=&#8220;-50px||75px|&#8220; custom_padding=&#8220;15px|15px|15px|15px&#8220; text_font_size=&#8220;18&#8243; border_width=&#8220;3px&#8220; text_font=&#8220;|on|||&#8220; header_line_height=&#8220;2em&#8220;]<\/p>\n<h4 style=\"text-align: center;\"><strong>Wenn du \u00fcber deine Geschichte reden willst,<\/strong><br \/>\n<strong> \u00dcber deine Leiden,<\/strong><br \/>\n<strong> \u00dcber deine Freuden,<\/strong><br \/>\n<strong> \u00dcber deine Reise durch die Suche nach deiner Familie,<\/strong><br \/>\n<strong> \u00dcber deine Begeisterung, wenn deine Forschung fortschreitet,<\/strong><br \/>\n<strong> \u00dcber deine Entt\u00e4uschung, wenn der Abstand aufh\u00f6rt oder sich als falsch erweist,<\/strong><br \/>\n<strong> Ihre Ideen &#8230; etc.<\/strong><br \/>\n<strong> Kurz gesagt, sprechen Sie mit den anderen Kindern des Krieges, die Momente wie Ihre leben,<\/strong><br \/>\n<strong> Teilen Sie Ihre Gef\u00fchle,<\/strong><br \/>\n<strong> Weil sie deine Mitmenschen sind.<\/strong><br \/>\n<strong> Wer alles verstehen und alles h\u00f6ren kann. Wage es hier zu sprechen &#8230;<\/strong><\/h4>\n<p>[\/et_pb_text][et_pb_text admin_label=&#8220;Texte&#8220; background_layout=&#8220;light&#8220; text_orientation=&#8220;left&#8220; use_border_color=&#8220;on&#8220; border_color=&#8220;#e221ed&#8220; border_style=&#8220;double&#8220; custom_margin=&#8220;-50px||75px|&#8220; custom_padding=&#8220;15px|15px|15px|15px&#8220; text_font_size=&#8220;18&#8243; border_width=&#8220;3px&#8220;]<\/p>\n<h4 style=\"text-align: center;\"><strong>Beaucoup d&#8217;entre nous disent qu&#8217;apr\u00e8s une vie de silence il leur devient vital de parler, d&#8217;\u00e9changer, h\u00e9las, nous ne nous connaissons pas tous, les distances freinent ce souhait de partager les souvenirs, la vie, les sentiments quant \u00e0 la probl\u00e9matique de nos naissances, alors utilisons les moyens du 21\u00e8me si\u00e8cle en \u00e9changeant ici dans l&#8217;attente de le faire plus agr\u00e9ablement lors des r\u00e9unions r\u00e9gionales.\u00a0<\/strong><strong>\u00a0Vous pouvez selon votre propre choix le faire nomm\u00e9ment ou anonymement ou en utilisant un pseudo, et m\u00eame pourquoi pas votre n\u00b0 d&#8217;adh\u00e9rent.\u00a0<\/strong><\/h4>\n<h4 style=\"text-align: center;\"><strong>Les textes sont \u00e0 adresser, soit \u00e0 votre <span style=\"text-decoration: underline;\"><a href=\"https:\/\/www.coeurssansfrontieres.com\/de\/kontakt\/\">D\u00e9l\u00e9gu\u00e9 R\u00e9gional<\/a><\/span>, soit \u00e0<span style=\"text-decoration: underline;\"> <a href=\"https:\/\/www.coeurssansfrontieres.com\/de\/kontakt\/le-quentrec-chantal\/\">Chantal Le Quentrec<\/a>.<\/span><\/strong><\/h4>\n<h4><strong>Dans les cas o\u00f9 l&#8217;anonymat ou un pseudo sont souhait\u00e9s l&#8217;indiquer clairement, la discr\u00e9tion des d\u00e9l\u00e9gu\u00e9s r\u00e9gionaux et de l&#8217;ensemble de l&#8217;\u00e9quipe de direction vous est assur\u00e9e.<\/strong><\/h4>\n<p>[\/et_pb_text][et_pb_blog admin_label=&#8220;Blog&#8220; fullwidth=&#8220;on&#8220; include_categories=&#8220;163&#8243; show_thumbnail=&#8220;on&#8220; show_content=&#8220;off&#8220; show_more=&#8220;on&#8220; show_author=&#8220;off&#8220; show_date=&#8220;off&#8220; show_categories=&#8220;off&#8220; show_comments=&#8220;off&#8220; show_pagination=&#8220;off&#8220; offset_number=&#8220;0&#8243; use_overlay=&#8220;off&#8220; background_layout=&#8220;light&#8220; use_dropshadow=&#8220;off&#8220; use_border_color=&#8220;on&#8220; border_color=&#8220;#d01fe0&#8243; border_style=&#8220;solid&#8220; posts_number=&#8220;200&#8243; meta_line_height=&#8220;1em&#8220; header_font=&#8220;|on|||&#8220; header_font_size=&#8220;20&#8243; meta_font_size=&#8220;18&#8243; body_font=&#8220;||on||&#8220; body_font_size=&#8220;18&#8243; module_class=&#8220;bbb_blog_list&#8220; custom_css_main_element=&#8220;background-color : white;&#8220;] [\/et_pb_blog][\/et_pb_column][et_pb_column type=&#8220;1_4&#8243;][et_pb_text admin_label=&#8220;Texte&#8220; background_layout=&#8220;light&#8220; text_orientation=&#8220;left&#8220; text_font=&#8220;|on|||&#8220; text_text_color=&#8220;#ba1aa2&#8243; use_border_color=&#8220;off&#8220; border_color=&#8220;#ffffff&#8220; border_style=&#8220;solid&#8220; custom_margin=&#8220;||0px|&#8220; custom_padding=&#8220;0px||0px|&#8220;]<\/p>\n<p><img loading=\"lazy\" decoding=\"async\" class=\"wp-image-2074 alignleft\" src=\"https:\/\/www.coeurssansfrontieres.com\/wp-content\/uploads\/2017\/04\/images.png\" alt=\"\" width=\"33\" height=\"33\" srcset=\"https:\/\/www.coeurssansfrontieres.com\/wp-content\/uploads\/2017\/04\/images.png 225w, https:\/\/www.coeurssansfrontieres.com\/wp-content\/uploads\/2017\/04\/images-150x150.png 150w\" sizes=\"(max-width: 33px) 100vw, 33px\" \/><br \/>\nChercher un nom, un lieu, un mot &#8230; dans toutes les recherches en cours.<\/p>\n<p>&nbsp;<\/p>\n<p>[\/et_pb_text][et_pb_search admin_label=&#8220;Chercher&#8220; background_layout=&#8220;light&#8220; text_orientation=&#8220;left&#8220; exclude_pages=&#8220;on&#8220; exclude_posts=&#8220;off&#8220; include_categories=&#8220;54,70,36,24,42,26,48,50,52,68,152,62,60,150,8,32,6,44,27,38,64,74,34,72,1,11,40,76,56,58,30,28,66,46,22,13,15&#8243; hide_button=&#8220;off&#8220; placeholder=&#8220;???&#8220; button_color=&#8220;#a61abf&#8220; custom_margin=&#8220;0px|||&#8220; custom_padding=&#8220;0px||5px|&#8220;] [\/et_pb_search][et_pb_text admin_label=&#8220;Texte&#8220; background_layout=&#8220;light&#8220; text_orientation=&#8220;left&#8220; text_text_color=&#8220;#d11edb&#8220; use_border_color=&#8220;off&#8220; border_color=&#8220;#ffffff&#8220; border_style=&#8220;solid&#8220; custom_margin=&#8220;0px||0px|&#8220; custom_padding=&#8220;0px||0px|&#8220;]<\/p>\n<hr \/>\n<hr \/>\n<p>&nbsp;<\/p>\n<p>[\/et_pb_text][et_pb_sidebar admin_label=&#8220;Barre lat\u00e9rale&#8220; orientation=&#8220;right&#8220; area=&#8220;et_pb_widget_area_15&#8243; background_layout=&#8220;light&#8220; remove_border=&#8220;off&#8220; header_font=&#8220;|on|||&#8220; body_line_height=&#8220;2em&#8220;] [\/et_pb_sidebar][\/et_pb_column][\/et_pb_row][\/et_pb_section]<\/p>\n","protected":false},"excerpt":{"rendered":"<p>Zeugen Wenn du \u00fcber deine Geschichte reden willst, \u00dcber deine Leiden, \u00dcber deine Freuden, \u00dcber deine Reise durch die Suche nach deiner Familie, \u00dcber deine Begeisterung, wenn deine Forschung fortschreitet, \u00dcber deine Entt\u00e4uschung, wenn der Abstand aufh\u00f6rt oder sich als falsch erweist, Ihre Ideen &#8230; etc. Kurz gesagt, sprechen Sie mit den anderen Kindern des [&hellip;]<\/p>\n","protected":false},"author":249,"featured_media":0,"parent":3664,"menu_order":0,"comment_status":"closed","ping_status":"closed","template":"","meta":{"_et_pb_use_builder":"on","_et_pb_old_content":"","_et_gb_content_width":"","footnotes":""},"class_list":["post-4311","page","type-page","status-publish","hentry"],"yoast_head":"<!-- This site is optimized with the Yoast SEO plugin v27.5 - https:\/\/yoast.com\/product\/yoast-seo-wordpress\/ -->\n<title>T\u00e9moins - CSF - HOG<\/title>\n<meta name=\"robots\" content=\"index, follow, max-snippet:-1, max-image-preview:large, max-video-preview:-1\" \/>\n<link rel=\"canonical\" href=\"https:\/\/www.coeurssansfrontieres.com\/de\/tests\/temoins\/\" \/>\n<meta property=\"og:locale\" content=\"de_DE\" \/>\n<meta property=\"og:type\" content=\"article\" \/>\n<meta property=\"og:title\" content=\"T\u00e9moins - CSF - HOG\" \/>\n<meta property=\"og:description\" content=\"Zeugen Wenn du \u00fcber deine Geschichte reden willst, \u00dcber deine Leiden, \u00dcber deine Freuden, \u00dcber deine Reise durch die Suche nach deiner Familie, \u00dcber deine Begeisterung, wenn deine Forschung fortschreitet, \u00dcber deine Entt\u00e4uschung, wenn der Abstand aufh\u00f6rt oder sich als falsch erweist, Ihre Ideen ... etc. Kurz gesagt, sprechen Sie mit den anderen Kindern des [&hellip;]\" \/>\n<meta property=\"og:url\" content=\"https:\/\/www.coeurssansfrontieres.com\/de\/tests\/temoins\/\" \/>\n<meta property=\"og:site_name\" content=\"CSF - HOG\" \/>\n<meta property=\"article:modified_time\" content=\"2017-08-10T21:12:48+00:00\" \/>\n<meta property=\"og:image\" content=\"https:\/\/www.coeurssansfrontieres.com\/wp-content\/uploads\/2017\/04\/images.png\" \/>\n<meta name=\"twitter:card\" content=\"summary_large_image\" \/>\n<meta name=\"twitter:label1\" content=\"Gesch\u00e4tzte Lesezeit\" \/>\n\t<meta name=\"twitter:data1\" content=\"4\u00a0Minuten\" \/>\n<script type=\"application\/ld+json\" class=\"yoast-schema-graph\">{\"@context\":\"https:\\\/\\\/schema.org\",\"@graph\":[{\"@type\":\"WebPage\",\"@id\":\"https:\\\/\\\/www.coeurssansfrontieres.com\\\/de\\\/tests\\\/temoins\\\/\",\"url\":\"https:\\\/\\\/www.coeurssansfrontieres.com\\\/de\\\/tests\\\/temoins\\\/\",\"name\":\"T\u00e9moins - CSF - HOG\",\"isPartOf\":{\"@id\":\"https:\\\/\\\/www.coeurssansfrontieres.com\\\/fr\\\/#website\"},\"primaryImageOfPage\":{\"@id\":\"https:\\\/\\\/www.coeurssansfrontieres.com\\\/de\\\/tests\\\/temoins\\\/#primaryimage\"},\"image\":{\"@id\":\"https:\\\/\\\/www.coeurssansfrontieres.com\\\/de\\\/tests\\\/temoins\\\/#primaryimage\"},\"thumbnailUrl\":\"https:\\\/\\\/www.coeurssansfrontieres.com\\\/wp-content\\\/uploads\\\/2017\\\/04\\\/images.png\",\"datePublished\":\"2017-07-29T10:08:42+00:00\",\"dateModified\":\"2017-08-10T21:12:48+00:00\",\"breadcrumb\":{\"@id\":\"https:\\\/\\\/www.coeurssansfrontieres.com\\\/de\\\/tests\\\/temoins\\\/#breadcrumb\"},\"inLanguage\":\"de\",\"potentialAction\":[{\"@type\":\"ReadAction\",\"target\":[\"https:\\\/\\\/www.coeurssansfrontieres.com\\\/de\\\/tests\\\/temoins\\\/\"]}]},{\"@type\":\"ImageObject\",\"inLanguage\":\"de\",\"@id\":\"https:\\\/\\\/www.coeurssansfrontieres.com\\\/de\\\/tests\\\/temoins\\\/#primaryimage\",\"url\":\"https:\\\/\\\/www.coeurssansfrontieres.com\\\/wp-content\\\/uploads\\\/2017\\\/04\\\/images.png\",\"contentUrl\":\"https:\\\/\\\/www.coeurssansfrontieres.com\\\/wp-content\\\/uploads\\\/2017\\\/04\\\/images.png\"},{\"@type\":\"BreadcrumbList\",\"@id\":\"https:\\\/\\\/www.coeurssansfrontieres.com\\\/de\\\/tests\\\/temoins\\\/#breadcrumb\",\"itemListElement\":[{\"@type\":\"ListItem\",\"position\":1,\"name\":\"Accueil\",\"item\":\"https:\\\/\\\/www.coeurssansfrontieres.com\\\/de\\\/\"},{\"@type\":\"ListItem\",\"position\":2,\"name\":\"Tests\",\"item\":\"https:\\\/\\\/www.coeurssansfrontieres.com\\\/de\\\/tests\\\/\"},{\"@type\":\"ListItem\",\"position\":3,\"name\":\"T\u00e9moins\"}]},{\"@type\":\"WebSite\",\"@id\":\"https:\\\/\\\/www.coeurssansfrontieres.com\\\/fr\\\/#website\",\"url\":\"https:\\\/\\\/www.coeurssansfrontieres.com\\\/fr\\\/\",\"name\":\"C\u0153urs sans fronti\u00e8res\",\"description\":\"Association franco-allemande des Enfants de la Seconde Guerre Mondiale\",\"potentialAction\":[{\"@type\":\"SearchAction\",\"target\":{\"@type\":\"EntryPoint\",\"urlTemplate\":\"https:\\\/\\\/www.coeurssansfrontieres.com\\\/fr\\\/?s={search_term_string}\"},\"query-input\":{\"@type\":\"PropertyValueSpecification\",\"valueRequired\":true,\"valueName\":\"search_term_string\"}}],\"inLanguage\":\"de\"}]}<\/script>\n<!-- \/ Yoast SEO plugin. -->","yoast_head_json":{"title":"T\u00e9moins - CSF - HOG","robots":{"index":"index","follow":"follow","max-snippet":"max-snippet:-1","max-image-preview":"max-image-preview:large","max-video-preview":"max-video-preview:-1"},"canonical":"https:\/\/www.coeurssansfrontieres.com\/de\/tests\/temoins\/","og_locale":"de_DE","og_type":"article","og_title":"T\u00e9moins - CSF - HOG","og_description":"Zeugen Wenn du \u00fcber deine Geschichte reden willst, \u00dcber deine Leiden, \u00dcber deine Freuden, \u00dcber deine Reise durch die Suche nach deiner Familie, \u00dcber deine Begeisterung, wenn deine Forschung fortschreitet, \u00dcber deine Entt\u00e4uschung, wenn der Abstand aufh\u00f6rt oder sich als falsch erweist, Ihre Ideen ... etc. Kurz gesagt, sprechen Sie mit den anderen Kindern des [&hellip;]","og_url":"https:\/\/www.coeurssansfrontieres.com\/de\/tests\/temoins\/","og_site_name":"CSF - HOG","article_modified_time":"2017-08-10T21:12:48+00:00","og_image":[{"url":"https:\/\/www.coeurssansfrontieres.com\/wp-content\/uploads\/2017\/04\/images.png","type":"","width":"","height":""}],"twitter_card":"summary_large_image","twitter_misc":{"Gesch\u00e4tzte Lesezeit":"4\u00a0Minuten"},"schema":{"@context":"https:\/\/schema.org","@graph":[{"@type":"WebPage","@id":"https:\/\/www.coeurssansfrontieres.com\/de\/tests\/temoins\/","url":"https:\/\/www.coeurssansfrontieres.com\/de\/tests\/temoins\/","name":"T\u00e9moins - CSF - HOG","isPartOf":{"@id":"https:\/\/www.coeurssansfrontieres.com\/fr\/#website"},"primaryImageOfPage":{"@id":"https:\/\/www.coeurssansfrontieres.com\/de\/tests\/temoins\/#primaryimage"},"image":{"@id":"https:\/\/www.coeurssansfrontieres.com\/de\/tests\/temoins\/#primaryimage"},"thumbnailUrl":"https:\/\/www.coeurssansfrontieres.com\/wp-content\/uploads\/2017\/04\/images.png","datePublished":"2017-07-29T10:08:42+00:00","dateModified":"2017-08-10T21:12:48+00:00","breadcrumb":{"@id":"https:\/\/www.coeurssansfrontieres.com\/de\/tests\/temoins\/#breadcrumb"},"inLanguage":"de","potentialAction":[{"@type":"ReadAction","target":["https:\/\/www.coeurssansfrontieres.com\/de\/tests\/temoins\/"]}]},{"@type":"ImageObject","inLanguage":"de","@id":"https:\/\/www.coeurssansfrontieres.com\/de\/tests\/temoins\/#primaryimage","url":"https:\/\/www.coeurssansfrontieres.com\/wp-content\/uploads\/2017\/04\/images.png","contentUrl":"https:\/\/www.coeurssansfrontieres.com\/wp-content\/uploads\/2017\/04\/images.png"},{"@type":"BreadcrumbList","@id":"https:\/\/www.coeurssansfrontieres.com\/de\/tests\/temoins\/#breadcrumb","itemListElement":[{"@type":"ListItem","position":1,"name":"Accueil","item":"https:\/\/www.coeurssansfrontieres.com\/de\/"},{"@type":"ListItem","position":2,"name":"Tests","item":"https:\/\/www.coeurssansfrontieres.com\/de\/tests\/"},{"@type":"ListItem","position":3,"name":"T\u00e9moins"}]},{"@type":"WebSite","@id":"https:\/\/www.coeurssansfrontieres.com\/fr\/#website","url":"https:\/\/www.coeurssansfrontieres.com\/fr\/","name":"C\u0153urs sans fronti\u00e8res","description":"Association franco-allemande des Enfants de la Seconde Guerre Mondiale","potentialAction":[{"@type":"SearchAction","target":{"@type":"EntryPoint","urlTemplate":"https:\/\/www.coeurssansfrontieres.com\/fr\/?s={search_term_string}"},"query-input":{"@type":"PropertyValueSpecification","valueRequired":true,"valueName":"search_term_string"}}],"inLanguage":"de"}]}},"_links":{"self":[{"href":"https:\/\/www.coeurssansfrontieres.com\/de\/wp-json\/wp\/v2\/pages\/4311","targetHints":{"allow":["GET"]}}],"collection":[{"href":"https:\/\/www.coeurssansfrontieres.com\/de\/wp-json\/wp\/v2\/pages"}],"about":[{"href":"https:\/\/www.coeurssansfrontieres.com\/de\/wp-json\/wp\/v2\/types\/page"}],"author":[{"embeddable":true,"href":"https:\/\/www.coeurssansfrontieres.com\/de\/wp-json\/wp\/v2\/users\/249"}],"replies":[{"embeddable":true,"href":"https:\/\/www.coeurssansfrontieres.com\/de\/wp-json\/wp\/v2\/comments?post=4311"}],"version-history":[{"count":0,"href":"https:\/\/www.coeurssansfrontieres.com\/de\/wp-json\/wp\/v2\/pages\/4311\/revisions"}],"up":[{"embeddable":true,"href":"https:\/\/www.coeurssansfrontieres.com\/de\/wp-json\/wp\/v2\/pages\/3664"}],"wp:attachment":[{"href":"https:\/\/www.coeurssansfrontieres.com\/de\/wp-json\/wp\/v2\/media?parent=4311"}],"curies":[{"name":"wp","href":"https:\/\/api.w.org\/{rel}","templated":true}]}}