{"id":5402,"date":"2017-09-04T15:08:51","date_gmt":"2017-09-04T13:08:51","guid":{"rendered":"http:\/\/www.coeurssansfrontieres.com\/tests\/new-home-3b\/dokumente-und-zeugnisse\/gerlinda-swillen\/"},"modified":"2017-09-20T22:35:28","modified_gmt":"2017-09-20T20:35:28","slug":"bloggswillen","status":"publish","type":"page","link":"https:\/\/www.coeurssansfrontieres.com\/de\/startseite201805\/startseite-neue\/bloggswillen\/","title":{"rendered":"BlogGSwillen"},"content":{"rendered":"<p>[et_pb_section admin_label=&#8220;section&#8220;][et_pb_row admin_label=&#8220;row&#8220; make_fullwidth=&#8220;on&#8220; use_custom_width=&#8220;off&#8220; width_unit=&#8220;on&#8220; use_custom_gutter=&#8220;off&#8220; custom_padding=&#8220;2px|2px|2px|2px&#8220; padding_mobile=&#8220;off&#8220; allow_player_pause=&#8220;off&#8220; parallax=&#8220;off&#8220; parallax_method=&#8220;off&#8220; make_equal=&#8220;off&#8220; parallax_1=&#8220;off&#8220; parallax_method_1=&#8220;off&#8220; parallax_2=&#8220;off&#8220; parallax_method_2=&#8220;off&#8220; column_padding_mobile=&#8220;on&#8220;][et_pb_column type=&#8220;3_4&#8243;][et_pb_text admin_label=&#8220;Texte&#8220; background_layout=&#8220;light&#8220; text_orientation=&#8220;left&#8220; use_border_color=&#8220;off&#8220; border_color=&#8220;#ffffff&#8220; border_style=&#8220;solid&#8220; header_font=&#8220;|||on|&#8220; text_font=&#8220;|||on|&#8220; custom_css_main_element=&#8220;text-shadow: black 0.1em 0.1em 0.2em;&#8220;]<\/p>\n<h1 style=\"text-align: center;\"><strong>Gerlinda Swillen<\/strong><\/h1>\n<p>[\/et_pb_text][et_pb_text admin_label=&#8220;Texte&#8220; background_layout=&#8220;light&#8220; text_orientation=&#8220;left&#8220; use_border_color=&#8220;on&#8220; border_color=&#8220;#e221ed&#8220; border_style=&#8220;double&#8220; custom_margin=&#8220;||75px|&#8220; custom_padding=&#8220;10px|5px|10px|5px&#8220; text_font_size=&#8220;18&#8243; border_width=&#8220;3px&#8220; custom_css_main_element=&#8220;box-shadow: 6px 6px 6px #7C7C7C;&#8220;]<\/p>\n<h4><img loading=\"lazy\" decoding=\"async\" class=\"wp-image-4692 size-full alignleft\" src=\"https:\/\/www.coeurssansfrontieres.com\/wp-content\/uploads\/2017\/08\/GSwinnen-4.png\" alt=\"\" width=\"111\" height=\"111\" srcset=\"https:\/\/www.coeurssansfrontieres.com\/wp-content\/uploads\/2017\/08\/GSwinnen-4.png 111w, https:\/\/www.coeurssansfrontieres.com\/wp-content\/uploads\/2017\/08\/GSwinnen-4-45x45.png 45w\" sizes=\"(max-width: 111px) 100vw, 111px\" \/><\/h4>\n<h4>Aus ihrer pers\u00f6nlichen Forschung hat sie ihre Dissertation als Historikerin \u00fcber das Ph\u00e4nomen der Kriegskinder gemacht.<\/h4>\n<p>[\/et_pb_text][et_pb_blog admin_label=&#8220;Blog&#8220; fullwidth=&#8220;on&#8220; include_categories=&#8220;182&#8243; show_thumbnail=&#8220;on&#8220; show_content=&#8220;off&#8220; show_more=&#8220;on&#8220; show_author=&#8220;off&#8220; show_date=&#8220;off&#8220; show_categories=&#8220;off&#8220; show_comments=&#8220;off&#8220; show_pagination=&#8220;off&#8220; offset_number=&#8220;0&#8243; use_overlay=&#8220;off&#8220; background_layout=&#8220;light&#8220; use_dropshadow=&#8220;off&#8220; use_border_color=&#8220;on&#8220; border_color=&#8220;#d01fe0&#8243; border_style=&#8220;solid&#8220; posts_number=&#8220;20&#8243; meta_line_height=&#8220;1em&#8220; header_font=&#8220;|on|||&#8220; header_font_size=&#8220;20&#8243; meta_font_size=&#8220;18&#8243; body_font=&#8220;||on||&#8220; body_font_size=&#8220;18&#8243; module_class=&#8220;bbb_blog_list&#8220;] [\/et_pb_blog][\/et_pb_column][et_pb_column type=&#8220;1_4&#8243;][et_pb_image admin_label=&#8220;Image&#8220; src=&#8220;https:\/\/www.coeurssansfrontieres.com\/wp-content\/uploads\/2017\/08\/reunion-ombre.png&#8220; show_in_lightbox=&#8220;off&#8220; url_new_window=&#8220;off&#8220; use_overlay=&#8220;off&#8220; animation=&#8220;off&#8220; sticky=&#8220;on&#8220; align=&#8220;center&#8220; max_width=&#8220;50px&#8220; force_fullwidth=&#8220;off&#8220; always_center_on_mobile=&#8220;on&#8220; use_border_color=&#8220;off&#8220; border_color=&#8220;#ffffff&#8220; border_style=&#8220;solid&#8220;] [\/et_pb_image][et_pb_search admin_label=&#8220;Chercher&#8220; background_layout=&#8220;light&#8220; text_orientation=&#8220;left&#8220; exclude_pages=&#8220;on&#8220; exclude_posts=&#8220;off&#8220; include_categories=&#8220;54,70,36,24,42,26,48,50,52,68,152,62,60,150,162,32,170,44,27,38,166,64,74,34,72,1,161,11,168,40,76,56,58,30,154,28,66,46,163,22,13,167,15&#8243; hide_button=&#8220;off&#8220; placeholder=&#8220;Rechercher&#8220; button_color=&#8220;#a61abf&#8220; input_font_size=&#8220;11&#8243; button_font=&#8220;|on|||&#8220; button_line_height=&#8220;2em&#8220; button_font_size=&#8220;11&#8243; input_line_height=&#8220;2em&#8220; custom_css_main_element=&#8220;box-shadow: 6px 6px 6px #7C7C7C;&#8220;] [\/et_pb_search][et_pb_sidebar admin_label=&#8220;Barre lat\u00e9rale&#8220; orientation=&#8220;left&#8220; area=&#8220;et_pb_widget_area_32&#8243; background_layout=&#8220;light&#8220; remove_border=&#8220;off&#8220;] [\/et_pb_sidebar][\/et_pb_column][\/et_pb_row][\/et_pb_section]<\/p>\n","protected":false},"excerpt":{"rendered":"<p>Gerlinda Swillen Aus ihrer pers\u00f6nlichen Forschung hat sie ihre Dissertation als Historikerin \u00fcber das Ph\u00e4nomen der Kriegskinder gemacht.<\/p>\n","protected":false},"author":249,"featured_media":0,"parent":4083,"menu_order":0,"comment_status":"closed","ping_status":"closed","template":"","meta":{"_et_pb_use_builder":"on","_et_pb_old_content":"","_et_gb_content_width":"","footnotes":""},"class_list":["post-5402","page","type-page","status-publish","hentry"],"yoast_head":"<!-- This site is optimized with the Yoast SEO plugin v27.4 - https:\/\/yoast.com\/product\/yoast-seo-wordpress\/ -->\n<title>BlogGSwillen - CSF - HOG<\/title>\n<meta name=\"robots\" content=\"index, follow, max-snippet:-1, max-image-preview:large, max-video-preview:-1\" \/>\n<link rel=\"canonical\" href=\"https:\/\/www.coeurssansfrontieres.com\/de\/startseite201805\/startseite-neue\/bloggswillen\/\" \/>\n<meta property=\"og:locale\" content=\"de_DE\" \/>\n<meta property=\"og:type\" content=\"article\" \/>\n<meta property=\"og:title\" content=\"BlogGSwillen - CSF - HOG\" \/>\n<meta property=\"og:description\" content=\"Gerlinda Swillen Aus ihrer pers\u00f6nlichen Forschung hat sie ihre Dissertation als Historikerin \u00fcber das Ph\u00e4nomen der Kriegskinder gemacht.\" \/>\n<meta property=\"og:url\" content=\"https:\/\/www.coeurssansfrontieres.com\/de\/startseite201805\/startseite-neue\/bloggswillen\/\" \/>\n<meta property=\"og:site_name\" content=\"CSF - HOG\" \/>\n<meta property=\"article:modified_time\" content=\"2017-09-20T20:35:28+00:00\" \/>\n<meta property=\"og:image\" content=\"https:\/\/www.coeurssansfrontieres.com\/wp-content\/uploads\/2017\/08\/GSwinnen-4.png\" \/>\n<meta name=\"twitter:card\" content=\"summary_large_image\" \/>\n<meta name=\"twitter:label1\" content=\"Gesch\u00e4tzte Lesezeit\" \/>\n\t<meta name=\"twitter:data1\" content=\"2\u00a0Minuten\" \/>\n<script type=\"application\/ld+json\" class=\"yoast-schema-graph\">{\"@context\":\"https:\\\/\\\/schema.org\",\"@graph\":[{\"@type\":\"WebPage\",\"@id\":\"https:\\\/\\\/www.coeurssansfrontieres.com\\\/de\\\/startseite201805\\\/startseite-neue\\\/bloggswillen\\\/\",\"url\":\"https:\\\/\\\/www.coeurssansfrontieres.com\\\/de\\\/startseite201805\\\/startseite-neue\\\/bloggswillen\\\/\",\"name\":\"BlogGSwillen - CSF - HOG\",\"isPartOf\":{\"@id\":\"https:\\\/\\\/www.coeurssansfrontieres.com\\\/fr\\\/#website\"},\"primaryImageOfPage\":{\"@id\":\"https:\\\/\\\/www.coeurssansfrontieres.com\\\/de\\\/startseite201805\\\/startseite-neue\\\/bloggswillen\\\/#primaryimage\"},\"image\":{\"@id\":\"https:\\\/\\\/www.coeurssansfrontieres.com\\\/de\\\/startseite201805\\\/startseite-neue\\\/bloggswillen\\\/#primaryimage\"},\"thumbnailUrl\":\"https:\\\/\\\/www.coeurssansfrontieres.com\\\/wp-content\\\/uploads\\\/2017\\\/08\\\/GSwinnen-4.png\",\"datePublished\":\"2017-09-04T13:08:51+00:00\",\"dateModified\":\"2017-09-20T20:35:28+00:00\",\"breadcrumb\":{\"@id\":\"https:\\\/\\\/www.coeurssansfrontieres.com\\\/de\\\/startseite201805\\\/startseite-neue\\\/bloggswillen\\\/#breadcrumb\"},\"inLanguage\":\"de\",\"potentialAction\":[{\"@type\":\"ReadAction\",\"target\":[\"https:\\\/\\\/www.coeurssansfrontieres.com\\\/de\\\/startseite201805\\\/startseite-neue\\\/bloggswillen\\\/\"]}]},{\"@type\":\"ImageObject\",\"inLanguage\":\"de\",\"@id\":\"https:\\\/\\\/www.coeurssansfrontieres.com\\\/de\\\/startseite201805\\\/startseite-neue\\\/bloggswillen\\\/#primaryimage\",\"url\":\"https:\\\/\\\/www.coeurssansfrontieres.com\\\/wp-content\\\/uploads\\\/2017\\\/08\\\/GSwinnen-4.png\",\"contentUrl\":\"https:\\\/\\\/www.coeurssansfrontieres.com\\\/wp-content\\\/uploads\\\/2017\\\/08\\\/GSwinnen-4.png\"},{\"@type\":\"BreadcrumbList\",\"@id\":\"https:\\\/\\\/www.coeurssansfrontieres.com\\\/de\\\/startseite201805\\\/startseite-neue\\\/bloggswillen\\\/#breadcrumb\",\"itemListElement\":[{\"@type\":\"ListItem\",\"position\":1,\"name\":\"Accueil\",\"item\":\"https:\\\/\\\/www.coeurssansfrontieres.com\\\/de\\\/\"},{\"@type\":\"ListItem\",\"position\":2,\"name\":\"Startseite201805\",\"item\":\"https:\\\/\\\/www.coeurssansfrontieres.com\\\/de\\\/startseite201805\\\/\"},{\"@type\":\"ListItem\",\"position\":3,\"name\":\"Startseite neue\",\"item\":\"https:\\\/\\\/www.coeurssansfrontieres.com\\\/de\\\/startseite201805\\\/startseite-neue\\\/\"},{\"@type\":\"ListItem\",\"position\":4,\"name\":\"BlogGSwillen\"}]},{\"@type\":\"WebSite\",\"@id\":\"https:\\\/\\\/www.coeurssansfrontieres.com\\\/fr\\\/#website\",\"url\":\"https:\\\/\\\/www.coeurssansfrontieres.com\\\/fr\\\/\",\"name\":\"C\u0153urs sans fronti\u00e8res\",\"description\":\"Association franco-allemande des Enfants de la Seconde Guerre Mondiale\",\"potentialAction\":[{\"@type\":\"SearchAction\",\"target\":{\"@type\":\"EntryPoint\",\"urlTemplate\":\"https:\\\/\\\/www.coeurssansfrontieres.com\\\/fr\\\/?s={search_term_string}\"},\"query-input\":{\"@type\":\"PropertyValueSpecification\",\"valueRequired\":true,\"valueName\":\"search_term_string\"}}],\"inLanguage\":\"de\"}]}<\/script>\n<!-- \/ Yoast SEO plugin. -->","yoast_head_json":{"title":"BlogGSwillen - CSF - HOG","robots":{"index":"index","follow":"follow","max-snippet":"max-snippet:-1","max-image-preview":"max-image-preview:large","max-video-preview":"max-video-preview:-1"},"canonical":"https:\/\/www.coeurssansfrontieres.com\/de\/startseite201805\/startseite-neue\/bloggswillen\/","og_locale":"de_DE","og_type":"article","og_title":"BlogGSwillen - CSF - HOG","og_description":"Gerlinda Swillen Aus ihrer pers\u00f6nlichen Forschung hat sie ihre Dissertation als Historikerin \u00fcber das Ph\u00e4nomen der Kriegskinder gemacht.","og_url":"https:\/\/www.coeurssansfrontieres.com\/de\/startseite201805\/startseite-neue\/bloggswillen\/","og_site_name":"CSF - HOG","article_modified_time":"2017-09-20T20:35:28+00:00","og_image":[{"url":"https:\/\/www.coeurssansfrontieres.com\/wp-content\/uploads\/2017\/08\/GSwinnen-4.png","type":"","width":"","height":""}],"twitter_card":"summary_large_image","twitter_misc":{"Gesch\u00e4tzte Lesezeit":"2\u00a0Minuten"},"schema":{"@context":"https:\/\/schema.org","@graph":[{"@type":"WebPage","@id":"https:\/\/www.coeurssansfrontieres.com\/de\/startseite201805\/startseite-neue\/bloggswillen\/","url":"https:\/\/www.coeurssansfrontieres.com\/de\/startseite201805\/startseite-neue\/bloggswillen\/","name":"BlogGSwillen - CSF - HOG","isPartOf":{"@id":"https:\/\/www.coeurssansfrontieres.com\/fr\/#website"},"primaryImageOfPage":{"@id":"https:\/\/www.coeurssansfrontieres.com\/de\/startseite201805\/startseite-neue\/bloggswillen\/#primaryimage"},"image":{"@id":"https:\/\/www.coeurssansfrontieres.com\/de\/startseite201805\/startseite-neue\/bloggswillen\/#primaryimage"},"thumbnailUrl":"https:\/\/www.coeurssansfrontieres.com\/wp-content\/uploads\/2017\/08\/GSwinnen-4.png","datePublished":"2017-09-04T13:08:51+00:00","dateModified":"2017-09-20T20:35:28+00:00","breadcrumb":{"@id":"https:\/\/www.coeurssansfrontieres.com\/de\/startseite201805\/startseite-neue\/bloggswillen\/#breadcrumb"},"inLanguage":"de","potentialAction":[{"@type":"ReadAction","target":["https:\/\/www.coeurssansfrontieres.com\/de\/startseite201805\/startseite-neue\/bloggswillen\/"]}]},{"@type":"ImageObject","inLanguage":"de","@id":"https:\/\/www.coeurssansfrontieres.com\/de\/startseite201805\/startseite-neue\/bloggswillen\/#primaryimage","url":"https:\/\/www.coeurssansfrontieres.com\/wp-content\/uploads\/2017\/08\/GSwinnen-4.png","contentUrl":"https:\/\/www.coeurssansfrontieres.com\/wp-content\/uploads\/2017\/08\/GSwinnen-4.png"},{"@type":"BreadcrumbList","@id":"https:\/\/www.coeurssansfrontieres.com\/de\/startseite201805\/startseite-neue\/bloggswillen\/#breadcrumb","itemListElement":[{"@type":"ListItem","position":1,"name":"Accueil","item":"https:\/\/www.coeurssansfrontieres.com\/de\/"},{"@type":"ListItem","position":2,"name":"Startseite201805","item":"https:\/\/www.coeurssansfrontieres.com\/de\/startseite201805\/"},{"@type":"ListItem","position":3,"name":"Startseite neue","item":"https:\/\/www.coeurssansfrontieres.com\/de\/startseite201805\/startseite-neue\/"},{"@type":"ListItem","position":4,"name":"BlogGSwillen"}]},{"@type":"WebSite","@id":"https:\/\/www.coeurssansfrontieres.com\/fr\/#website","url":"https:\/\/www.coeurssansfrontieres.com\/fr\/","name":"C\u0153urs sans fronti\u00e8res","description":"Association franco-allemande des Enfants de la Seconde Guerre Mondiale","potentialAction":[{"@type":"SearchAction","target":{"@type":"EntryPoint","urlTemplate":"https:\/\/www.coeurssansfrontieres.com\/fr\/?s={search_term_string}"},"query-input":{"@type":"PropertyValueSpecification","valueRequired":true,"valueName":"search_term_string"}}],"inLanguage":"de"}]}},"_links":{"self":[{"href":"https:\/\/www.coeurssansfrontieres.com\/de\/wp-json\/wp\/v2\/pages\/5402","targetHints":{"allow":["GET"]}}],"collection":[{"href":"https:\/\/www.coeurssansfrontieres.com\/de\/wp-json\/wp\/v2\/pages"}],"about":[{"href":"https:\/\/www.coeurssansfrontieres.com\/de\/wp-json\/wp\/v2\/types\/page"}],"author":[{"embeddable":true,"href":"https:\/\/www.coeurssansfrontieres.com\/de\/wp-json\/wp\/v2\/users\/249"}],"replies":[{"embeddable":true,"href":"https:\/\/www.coeurssansfrontieres.com\/de\/wp-json\/wp\/v2\/comments?post=5402"}],"version-history":[{"count":0,"href":"https:\/\/www.coeurssansfrontieres.com\/de\/wp-json\/wp\/v2\/pages\/5402\/revisions"}],"up":[{"embeddable":true,"href":"https:\/\/www.coeurssansfrontieres.com\/de\/wp-json\/wp\/v2\/pages\/4083"}],"wp:attachment":[{"href":"https:\/\/www.coeurssansfrontieres.com\/de\/wp-json\/wp\/v2\/media?parent=5402"}],"curies":[{"name":"wp","href":"https:\/\/api.w.org\/{rel}","templated":true}]}}