{"id":585,"date":"2012-04-03T12:20:54","date_gmt":"2012-04-03T10:20:54","guid":{"rendered":"http:\/\/www.coeurssansfrontieres.com\/non-classifiee\/regionalorganisation\/"},"modified":"2017-11-05T17:03:46","modified_gmt":"2017-11-05T16:03:46","slug":"regionalorganisation","status":"publish","type":"page","link":"https:\/\/www.coeurssansfrontieres.com\/de\/startseite201805\/startseite-neue\/regionalorganisation\/","title":{"rendered":"Regionalorganisation"},"content":{"rendered":"<p>[et_pb_section admin_label=&#8220;section&#8220;][et_pb_row admin_label=&#8220;Ligne&#8220; make_fullwidth=&#8220;on&#8220; use_custom_width=&#8220;off&#8220; width_unit=&#8220;on&#8220; use_custom_gutter=&#8220;off&#8220; padding_mobile=&#8220;off&#8220; allow_player_pause=&#8220;off&#8220; parallax=&#8220;off&#8220; parallax_method=&#8220;off&#8220; make_equal=&#8220;off&#8220; parallax_1=&#8220;off&#8220; parallax_method_1=&#8220;off&#8220; parallax_2=&#8220;off&#8220; parallax_method_2=&#8220;off&#8220; column_padding_mobile=&#8220;on&#8220; custom_margin=&#8220;0px||0px|&#8220; padding_bottom_1=&#8220;0px&#8220; padding_bottom_2=&#8220;0px&#8220; padding_top_1=&#8220;0px&#8220; padding_top_2=&#8220;0px&#8220;][et_pb_column type=&#8220;3_4&#8243;][et_pb_post_title admin_label=&#8220;Titre du poste&#8220; title=&#8220;on&#8220; meta=&#8220;off&#8220; author=&#8220;on&#8220; date=&#8220;on&#8220; categories=&#8220;on&#8220; comments=&#8220;on&#8220; featured_image=&#8220;off&#8220; featured_placement=&#8220;below&#8220; parallax_effect=&#8220;on&#8220; parallax_method=&#8220;on&#8220; text_orientation=&#8220;center&#8220; text_color=&#8220;dark&#8220; text_background=&#8220;off&#8220; text_bg_color=&#8220;rgba(255,255,255,0.9)&#8220; module_bg_color=&#8220;rgba(255,255,255,0)&#8220; title_all_caps=&#8220;off&#8220; use_border_color=&#8220;on&#8220; border_color=&#8220;#a55ba6&#8243; border_style=&#8220;solid&#8220; title_font=&#8220;|on||on|&#8220; title_font_size=&#8220;30px&#8220; title_text_color=&#8220;#a55ba6&#8243; border_width=&#8220;4px&#8220; custom_padding=&#8220;10px|10px|0px|10px&#8220; custom_margin=&#8220;40px|||&#8220;] [\/et_pb_post_title][\/et_pb_column][et_pb_column type=&#8220;1_4&#8243;][et_pb_image admin_label=&#8220;Image&#8220; src=&#8220;https:\/\/www.coeurssansfrontieres.com\/wp-content\/uploads\/2016\/07\/favicon.png&#8220; show_in_lightbox=&#8220;off&#8220; url_new_window=&#8220;off&#8220; use_overlay=&#8220;off&#8220; animation=&#8220;off&#8220; sticky=&#8220;on&#8220; align=&#8220;center&#8220; force_fullwidth=&#8220;on&#8220; always_center_on_mobile=&#8220;on&#8220; use_border_color=&#8220;off&#8220; border_color=&#8220;#ffffff&#8220; border_style=&#8220;solid&#8220; custom_margin=&#8220;2px||-40px|&#8220; max_width=&#8220;150px&#8220;] [\/et_pb_image][\/et_pb_column][\/et_pb_row][et_pb_row admin_label=&#8220;row&#8220; make_fullwidth=&#8220;on&#8220; use_custom_width=&#8220;off&#8220; width_unit=&#8220;on&#8220; use_custom_gutter=&#8220;off&#8220; padding_mobile=&#8220;off&#8220; allow_player_pause=&#8220;off&#8220; parallax=&#8220;off&#8220; parallax_method=&#8220;off&#8220; make_equal=&#8220;off&#8220; parallax_1=&#8220;off&#8220; parallax_method_1=&#8220;off&#8220; parallax_2=&#8220;off&#8220; parallax_method_2=&#8220;off&#8220; column_padding_mobile=&#8220;on&#8220; custom_padding=&#8220;||0px|&#8220; custom_margin=&#8220;0px||0px|&#8220; padding_top_1=&#8220;0px&#8220; padding_bottom_1=&#8220;0px&#8220;][et_pb_column type=&#8220;4_4&#8243;][et_pb_text admin_label=&#8220;Texte&#8220; background_layout=&#8220;light&#8220; text_orientation=&#8220;left&#8220; use_border_color=&#8220;off&#8220; border_color=&#8220;#a55ba6&#8243; border_style=&#8220;solid&#8220; text_line_height=&#8220;1.2em&#8220; custom_margin=&#8220;0px|||&#8220; custom_padding=&#8220;0px|||&#8220;]<\/p>\n<p>In jeder Region ist ein ehrenamtlicher \u201c Regionaldelegierter \u201c f\u00fcr die Mitglieder da, erkennt ihre Geschichte, h\u00f6rt sie an und hilft bei der Suche.<br \/>\nDiese Regionaldelegierten wissen genau, was es heisst ,ein \u201c Kriegskind \u201c zu sein. Einige von ihnen sind noch auf der Suche, andere haben die Suche beendet und sie hatten dieselben Schwierigkeiten wie die, die sie nun unterst\u00fctzen. Sie haben langsam Erfahrungen gesammelt und stellen diese den Suchenden zur Verf\u00fcgung.<\/p>\n<p>Viel Zeit ist vergangen, Jahrzehnte des Schweigens und der Geheimnisse erschweren die Suchaktionen, ein Erfolg ist jedoch immer m\u00f6glich. Jedes Jahr k\u00f6nnen wir uns freuen \u00fcber gel\u00f6ste Recherchen, Familien finden sich wieder, Geheimnisse werden gel\u00fcftet.<br \/>\nDer Weg zu diesen Erfolgen ist keineswegs leicht und es ist ratsam diesen Weg nicht allein zu gehen, der Regionaldelegierte gibt da Hilfe und Rat und steht Ihnen zur Seite.<\/p>\n<p>&nbsp;<\/p>\n<p>[\/et_pb_text][\/et_pb_column][\/et_pb_row][et_pb_row admin_label=&#8220;row&#8220; make_fullwidth=&#8220;on&#8220; use_custom_width=&#8220;off&#8220; width_unit=&#8220;on&#8220; use_custom_gutter=&#8220;off&#8220; padding_mobile=&#8220;off&#8220; allow_player_pause=&#8220;off&#8220; parallax=&#8220;off&#8220; parallax_method=&#8220;off&#8220; make_equal=&#8220;off&#8220; parallax_1=&#8220;off&#8220; parallax_method_1=&#8220;off&#8220; parallax_2=&#8220;off&#8220; parallax_method_2=&#8220;off&#8220; column_padding_mobile=&#8220;on&#8220;][et_pb_column type=&#8220;1_2&#8243;][et_pb_text admin_label=&#8220;Texte&#8220; background_layout=&#8220;light&#8220; text_orientation=&#8220;left&#8220; use_border_color=&#8220;off&#8220; border_color=&#8220;#ffffff&#8220; border_style=&#8220;solid&#8220;]<\/p>\n<p><strong>Die Regionen:<\/strong><\/p>\n<p>NORDEN:<\/p>\n<p>Departements : 02 \u2013 08 \u2013 59 \u2013 60 \u2013 62 \u2013 80<\/p>\n<p><a href=\"https:\/\/www.coeurssansfrontieres.com\/fr\/accueil-new\/contacts\/blanc-michel\/\"><em>Regionaldelegierter: Michel Blan<\/em><em>c<\/em><\/a><\/p>\n<p>OSTEN:<\/p>\n<p>Departements : 10 \u2013 51 \u2013 52 \u2013 54 \u2013 55 \u2013 57 \u2013 67 \u2013 68 \u2013 88 \u2013 90<\/p>\n<p><a href=\"https:\/\/www.coeurssansfrontieres.com\/fr\/accueil-new\/contacts\/le-quentrec-chantal\/\"><em>Regionaldelegierte: Chantal Le Quentrec<\/em><\/a><\/p>\n<p>BRETAGNE :<\/p>\n<p>D\u00e9partements : 22 \u2013 29 \u201335 \u2013 44 \u2013 49 \u2013 53 \u2013 56 \u2013 72 \u2013 85<\/p>\n<p><a href=\"https:\/\/www.coeurssansfrontieres.com\/fr\/accueil-new\/contacts\/le-neillon-hubert\/\"><em>Regionaldelegierte: Hubert Le Neillon<br \/>\n<\/em><\/a><\/p>\n<p>NORMANDIE :<\/p>\n<p>Departements : 14 \u2013 18 \u2013 27 \u2013 28 \u2013 36 \u2013 37 \u2013 41 \u2013 45 \u2013 50 \u2013 61 \u2013 76<\/p>\n<p><a href=\"https:\/\/www.coeurssansfrontieres.com\/fr\/accueil-new\/contacts\/blanc-michel\/\"><em>Regionaldelegierter: Michel Blanc<\/em><\/a><\/p>\n<p>PARIS und der Vorort :<\/p>\n<p>Departements : 75 \u2013 77 \u2013 78 \u2013 89 \u2013 92 \u2013 93 \u2013 94 \u2013 95<\/p>\n<p><a href=\"https:\/\/www.coeurssansfrontieres.com\/fr\/accueil-new\/contacts\/le-quentrec-chantal\/\"><em>Regionaldelegierte: Chantal Le Quentrec<\/em><\/a><\/p>\n<p>S\u00dcD-OST:<\/p>\n<p>Departements : 01 \u2013 03 \u201304 &#8211; 05 \u2013 06 \u2013 07 \u201313 \u2013 21 \u2013 25 \u2013 26 \u2013 30 \u2013 34 \u2013 38 \u2013 39 \u2013 42 \u2013 43 \u2013 48 \u2013 58 \u2013 63 \u201369 \u2013 70 \u2013 71 \u2013 73 \u2013 74 \u2013 83 \u2013 84 \u2013 20 (2A + 2B) &#8211; La R\u00e9union \u2013 Mayotte<\/p>\n<p><a href=\"https:\/\/www.coeurssansfrontieres.com\/fr\/accueil-new\/contacts\/roume-georges\/\"><em>Regionaldelegierte: Georges Roume<br \/>\n<\/em><\/a><\/p>\n<p>S\u00dcD-WEST:<\/p>\n<p>Departements : 09 &#8211; 11 \u2013 12 \u2013 15 \u2013 16 \u2013 17 \u2013 19 \u2013 23 \u2013 24 \u2013 31 \u2013 32 \u2013 33 \u2013 40 \u2013 46 \u2013 47 \u2013 64 \u2013 65 \u2013 66 \u2013 79 \u2013 81 \u2013 82 \u2013 86 \u2013 87<\/p>\n<p><a href=\"https:\/\/www.coeurssansfrontieres.com\/fr\/accueil-new\/contacts\/criton-francis\/\"><em>Regionaldelegierter: Francis Criton<\/em><\/a><\/p>\n<p>DEUTSCHLAND \u2013 \u00d6STERREICH &#8211; BELGIEN:<\/p>\n<p><a href=\"https:\/\/www.coeurssansfrontieres.com\/fr\/accueil-new\/contacts\/le-quentrec-chantal\/\"><em>Regionaldelegierte: Chantal Le Quentrec<\/em><\/a><\/p>\n<p>[\/et_pb_text][\/et_pb_column][et_pb_column type=&#8220;1_2&#8243;][et_pb_image admin_label=&#8220;Image&#8220; src=&#8220;https:\/\/www.coeurssansfrontieres.com\/wp-content\/uploads\/2016\/07\/carte.gif&#8220; show_in_lightbox=&#8220;off&#8220; url_new_window=&#8220;off&#8220; use_overlay=&#8220;off&#8220; animation=&#8220;off&#8220; sticky=&#8220;on&#8220; align=&#8220;center&#8220; force_fullwidth=&#8220;on&#8220; always_center_on_mobile=&#8220;on&#8220; use_border_color=&#8220;off&#8220; border_color=&#8220;#ffffff&#8220; border_style=&#8220;solid&#8220; custom_margin=&#8220;150px|||0px&#8220;] [\/et_pb_image][\/et_pb_column][\/et_pb_row][\/et_pb_section]<\/p>\n","protected":false},"excerpt":{"rendered":"<p>In jeder Region ist ein ehrenamtlicher \u201c Regionaldelegierter \u201c f\u00fcr die Mitglieder da, erkennt ihre Geschichte, h\u00f6rt sie an und hilft bei der Suche. Diese Regionaldelegierten wissen genau, was es heisst ,ein \u201c Kriegskind \u201c zu sein. Einige von ihnen sind noch auf der Suche, andere haben die Suche beendet und sie hatten dieselben Schwierigkeiten [&hellip;]<\/p>\n","protected":false},"author":249,"featured_media":0,"parent":4083,"menu_order":2,"comment_status":"open","ping_status":"closed","template":"","meta":{"_et_pb_use_builder":"on","_et_pb_old_content":"<p>Dans chaque r\u00e9gion, un b\u00e9n\u00e9vole \"D\u00e9l\u00e9gu\u00e9 r\u00e9gional\", constitue le lien privil\u00e9gi\u00e9 avec l\u2019adh\u00e9rent. Il est \u00e0 son \u00e9coute, conna\u00eet son histoire et l\u2019aide pour ses recherches.<\/p><p>Les d\u00e9l\u00e9gu\u00e9s r\u00e9gionaux savent ce qu'est \"\u00eatre enfant de la guerre\". Certains sont encore en recherche, d'autres ont abouti, ils sont pass\u00e9s par les m\u00eames difficult\u00e9s que ceux qu\u2019ils \u00e9paulent, ont acquis progressivement une exp\u00e9rience qu'ils mettent \u00e0 disposition.<\/p><p>Le temps pass\u00e9, des d\u00e9cennies de silence et de secret compliquent les d\u00e9marches, toutefois il est possible d'aboutir, chaque ann\u00e9e nous nous r\u00e9jouissons de voir des familles se retrouver, des myst\u00e8res s'\u00e9claircir.<\/p><p>Cependant, il est certain que le trajet vers ces victoires n'est pas de tout repos, il est pr\u00e9f\u00e9rable de ne pas faire cette route tout seul, le d\u00e9l\u00e9gu\u00e9 r\u00e9gional accompagne et soutient par son \u00e9coute et ses conseils.<\/p><p><strong>Les r\u00e9gions :<\/strong><\/p><p><span style=\"text-decoration: underline;\">NORD<\/span> :<\/p><p>D\u00e9partements : 02 \u2013 08 \u2013 59 \u2013 60 \u2013 62 \u2013 80.<\/p><p><em>D\u00e9l\u00e9gu\u00e9 r\u00e9gional : Michel Blanc<\/em><\/p><p><span style=\"text-decoration: underline;\">EST<\/span> :<\/p><p>D\u00e9partements : 10 \u2013 51 \u2013 52 \u201354 \u2013 55 \u2013 57 \u2013 67 \u2013 68 \u2013 88 \u2013 90<\/p><p><em>D\u00e9l\u00e9gu\u00e9e r\u00e9gionale : Chantal Le Quentrec<\/em><\/p><p><span style=\"text-decoration: underline;\">BRETAGNE<\/span> :<\/p><p>D\u00e9partements : 22 \u2013 29 \u2013 35 \u2013 44 \u2013 49 \u2013 53 \u2013 56 \u2013 72 \u2013 85<\/p><p><em>D\u00e9l\u00e9gu\u00e9 r\u00e9gional: Hubert Le Neillon<br \/> <\/em><\/p><p><span style=\"text-decoration: underline;\">NORMANDIE<\/span> :<\/p><p>D\u00e9partements : 14 - 18 -27 \u2013 28 \u2013 36 \u2013 37 \u2013 41 \u2013 45 \u201350 \u2013 61 \u2013 76<\/p><p><em>D\u00e9l\u00e9gu\u00e9 r\u00e9gional: : Michel Blanc<\/em><\/p><p><span style=\"text-decoration: underline;\">ILE DE FRANCE<\/span> :<\/p><p>D\u00e9partements : 75 \u2013 77 \u2013 78 \u2013 89 \u2013 92 \u2013 93 \u2013 94 \u2013 95<\/p><p><em>D\u00e9l\u00e9gu\u00e9e r\u00e9gionale : Chantal Le Quentrec<\/em><\/p><p><span style=\"text-decoration: underline;\">SUD-EST<\/span> :<\/p><p>D\u00e9partements : 01 \u2013 03 \u2013 04 \u2013 05 \u2013 06 \u2013 07 \u201313 - 21 \u2013 25 \u2013 26 \u2013 30 \u2013 34 \u2013 38 - 39 \u2013 42 \u2013 43 \u2013 48 \u2013 58 \u2013 63 \u201369 \u2013 70 \u2013 71 \u2013 73 \u2013 74 \u2013 83 \u2013 84 \u2013 20 (2A + 2B) - La R\u00e9union \u2013 Mayotte<\/p><p><em>D\u00e9l\u00e9gu\u00e9 r\u00e9gional: Georges Roume<br \/> <\/em><\/p><p><span style=\"text-decoration: underline;\">SUD-OUEST<\/span> :<\/p><p>D\u00e9partements : 09 - 11 \u2013 12 \u2013 15 \u2013 16 \u2013 17 \u2013 19 \u2013 23 \u2013 24 \u2013 31 \u2013 32 \u2013 33 \u2013 40 - 46 \u2013 47 - 64 \u2013 65 \u2013 66 \u2013 79 \u2013 81 \u2013 82 - 86 \u2013 87<\/p><p><em>D\u00e9l\u00e9gu\u00e9 r\u00e9gional : Francis CRITON<\/em><\/p><p><span style=\"text-decoration: underline;\">ALLEMAGNE-AUTRICHE-BELGIQUE<\/span>:<\/p><p><em>D\u00e9l\u00e9gu\u00e9e r\u00e9gionale : Chantal Le Quentrec<\/em><\/p><p>\u00a0<\/p>","_et_gb_content_width":"","footnotes":""},"class_list":["post-585","page","type-page","status-publish","hentry"],"yoast_head":"<!-- This site is optimized with the Yoast SEO plugin v27.3 - https:\/\/yoast.com\/product\/yoast-seo-wordpress\/ -->\n<title>Regionalorganisation - CSF - HOG<\/title>\n<meta name=\"robots\" content=\"index, follow, max-snippet:-1, max-image-preview:large, max-video-preview:-1\" \/>\n<link rel=\"canonical\" href=\"https:\/\/www.coeurssansfrontieres.com\/de\/startseite201805\/startseite-neue\/regionalorganisation\/\" \/>\n<meta property=\"og:locale\" content=\"de_DE\" \/>\n<meta property=\"og:type\" content=\"article\" \/>\n<meta property=\"og:title\" content=\"Regionalorganisation - CSF - HOG\" \/>\n<meta property=\"og:description\" content=\"In jeder Region ist ein ehrenamtlicher \u201c Regionaldelegierter \u201c f\u00fcr die Mitglieder da, erkennt ihre Geschichte, h\u00f6rt sie an und hilft bei der Suche. Diese Regionaldelegierten wissen genau, was es heisst ,ein \u201c Kriegskind \u201c zu sein. Einige von ihnen sind noch auf der Suche, andere haben die Suche beendet und sie hatten dieselben Schwierigkeiten [&hellip;]\" \/>\n<meta property=\"og:url\" content=\"https:\/\/www.coeurssansfrontieres.com\/de\/startseite201805\/startseite-neue\/regionalorganisation\/\" \/>\n<meta property=\"og:site_name\" content=\"CSF - HOG\" \/>\n<meta property=\"article:modified_time\" content=\"2017-11-05T16:03:46+00:00\" \/>\n<meta name=\"twitter:card\" content=\"summary_large_image\" \/>\n<meta name=\"twitter:label1\" content=\"Gesch\u00e4tzte Lesezeit\" \/>\n\t<meta name=\"twitter:data1\" content=\"4\u00a0Minuten\" \/>\n<script type=\"application\/ld+json\" class=\"yoast-schema-graph\">{\"@context\":\"https:\\\/\\\/schema.org\",\"@graph\":[{\"@type\":\"WebPage\",\"@id\":\"https:\\\/\\\/www.coeurssansfrontieres.com\\\/de\\\/startseite201805\\\/startseite-neue\\\/regionalorganisation\\\/\",\"url\":\"https:\\\/\\\/www.coeurssansfrontieres.com\\\/de\\\/startseite201805\\\/startseite-neue\\\/regionalorganisation\\\/\",\"name\":\"Regionalorganisation - CSF - HOG\",\"isPartOf\":{\"@id\":\"https:\\\/\\\/www.coeurssansfrontieres.com\\\/fr\\\/#website\"},\"datePublished\":\"2012-04-03T10:20:54+00:00\",\"dateModified\":\"2017-11-05T16:03:46+00:00\",\"breadcrumb\":{\"@id\":\"https:\\\/\\\/www.coeurssansfrontieres.com\\\/de\\\/startseite201805\\\/startseite-neue\\\/regionalorganisation\\\/#breadcrumb\"},\"inLanguage\":\"de\",\"potentialAction\":[{\"@type\":\"ReadAction\",\"target\":[\"https:\\\/\\\/www.coeurssansfrontieres.com\\\/de\\\/startseite201805\\\/startseite-neue\\\/regionalorganisation\\\/\"]}]},{\"@type\":\"BreadcrumbList\",\"@id\":\"https:\\\/\\\/www.coeurssansfrontieres.com\\\/de\\\/startseite201805\\\/startseite-neue\\\/regionalorganisation\\\/#breadcrumb\",\"itemListElement\":[{\"@type\":\"ListItem\",\"position\":1,\"name\":\"Accueil\",\"item\":\"https:\\\/\\\/www.coeurssansfrontieres.com\\\/de\\\/\"},{\"@type\":\"ListItem\",\"position\":2,\"name\":\"Startseite201805\",\"item\":\"https:\\\/\\\/www.coeurssansfrontieres.com\\\/de\\\/startseite201805\\\/\"},{\"@type\":\"ListItem\",\"position\":3,\"name\":\"Startseite neue\",\"item\":\"https:\\\/\\\/www.coeurssansfrontieres.com\\\/de\\\/startseite201805\\\/startseite-neue\\\/\"},{\"@type\":\"ListItem\",\"position\":4,\"name\":\"Regionalorganisation\"}]},{\"@type\":\"WebSite\",\"@id\":\"https:\\\/\\\/www.coeurssansfrontieres.com\\\/fr\\\/#website\",\"url\":\"https:\\\/\\\/www.coeurssansfrontieres.com\\\/fr\\\/\",\"name\":\"C\u0153urs sans fronti\u00e8res\",\"description\":\"Association franco-allemande des Enfants de la Seconde Guerre Mondiale\",\"potentialAction\":[{\"@type\":\"SearchAction\",\"target\":{\"@type\":\"EntryPoint\",\"urlTemplate\":\"https:\\\/\\\/www.coeurssansfrontieres.com\\\/fr\\\/?s={search_term_string}\"},\"query-input\":{\"@type\":\"PropertyValueSpecification\",\"valueRequired\":true,\"valueName\":\"search_term_string\"}}],\"inLanguage\":\"de\"}]}<\/script>\n<!-- \/ Yoast SEO plugin. -->","yoast_head_json":{"title":"Regionalorganisation - CSF - HOG","robots":{"index":"index","follow":"follow","max-snippet":"max-snippet:-1","max-image-preview":"max-image-preview:large","max-video-preview":"max-video-preview:-1"},"canonical":"https:\/\/www.coeurssansfrontieres.com\/de\/startseite201805\/startseite-neue\/regionalorganisation\/","og_locale":"de_DE","og_type":"article","og_title":"Regionalorganisation - CSF - HOG","og_description":"In jeder Region ist ein ehrenamtlicher \u201c Regionaldelegierter \u201c f\u00fcr die Mitglieder da, erkennt ihre Geschichte, h\u00f6rt sie an und hilft bei der Suche. Diese Regionaldelegierten wissen genau, was es heisst ,ein \u201c Kriegskind \u201c zu sein. Einige von ihnen sind noch auf der Suche, andere haben die Suche beendet und sie hatten dieselben Schwierigkeiten [&hellip;]","og_url":"https:\/\/www.coeurssansfrontieres.com\/de\/startseite201805\/startseite-neue\/regionalorganisation\/","og_site_name":"CSF - HOG","article_modified_time":"2017-11-05T16:03:46+00:00","twitter_card":"summary_large_image","twitter_misc":{"Gesch\u00e4tzte Lesezeit":"4\u00a0Minuten"},"schema":{"@context":"https:\/\/schema.org","@graph":[{"@type":"WebPage","@id":"https:\/\/www.coeurssansfrontieres.com\/de\/startseite201805\/startseite-neue\/regionalorganisation\/","url":"https:\/\/www.coeurssansfrontieres.com\/de\/startseite201805\/startseite-neue\/regionalorganisation\/","name":"Regionalorganisation - CSF - HOG","isPartOf":{"@id":"https:\/\/www.coeurssansfrontieres.com\/fr\/#website"},"datePublished":"2012-04-03T10:20:54+00:00","dateModified":"2017-11-05T16:03:46+00:00","breadcrumb":{"@id":"https:\/\/www.coeurssansfrontieres.com\/de\/startseite201805\/startseite-neue\/regionalorganisation\/#breadcrumb"},"inLanguage":"de","potentialAction":[{"@type":"ReadAction","target":["https:\/\/www.coeurssansfrontieres.com\/de\/startseite201805\/startseite-neue\/regionalorganisation\/"]}]},{"@type":"BreadcrumbList","@id":"https:\/\/www.coeurssansfrontieres.com\/de\/startseite201805\/startseite-neue\/regionalorganisation\/#breadcrumb","itemListElement":[{"@type":"ListItem","position":1,"name":"Accueil","item":"https:\/\/www.coeurssansfrontieres.com\/de\/"},{"@type":"ListItem","position":2,"name":"Startseite201805","item":"https:\/\/www.coeurssansfrontieres.com\/de\/startseite201805\/"},{"@type":"ListItem","position":3,"name":"Startseite neue","item":"https:\/\/www.coeurssansfrontieres.com\/de\/startseite201805\/startseite-neue\/"},{"@type":"ListItem","position":4,"name":"Regionalorganisation"}]},{"@type":"WebSite","@id":"https:\/\/www.coeurssansfrontieres.com\/fr\/#website","url":"https:\/\/www.coeurssansfrontieres.com\/fr\/","name":"C\u0153urs sans fronti\u00e8res","description":"Association franco-allemande des Enfants de la Seconde Guerre Mondiale","potentialAction":[{"@type":"SearchAction","target":{"@type":"EntryPoint","urlTemplate":"https:\/\/www.coeurssansfrontieres.com\/fr\/?s={search_term_string}"},"query-input":{"@type":"PropertyValueSpecification","valueRequired":true,"valueName":"search_term_string"}}],"inLanguage":"de"}]}},"_links":{"self":[{"href":"https:\/\/www.coeurssansfrontieres.com\/de\/wp-json\/wp\/v2\/pages\/585","targetHints":{"allow":["GET"]}}],"collection":[{"href":"https:\/\/www.coeurssansfrontieres.com\/de\/wp-json\/wp\/v2\/pages"}],"about":[{"href":"https:\/\/www.coeurssansfrontieres.com\/de\/wp-json\/wp\/v2\/types\/page"}],"author":[{"embeddable":true,"href":"https:\/\/www.coeurssansfrontieres.com\/de\/wp-json\/wp\/v2\/users\/249"}],"replies":[{"embeddable":true,"href":"https:\/\/www.coeurssansfrontieres.com\/de\/wp-json\/wp\/v2\/comments?post=585"}],"version-history":[{"count":0,"href":"https:\/\/www.coeurssansfrontieres.com\/de\/wp-json\/wp\/v2\/pages\/585\/revisions"}],"up":[{"embeddable":true,"href":"https:\/\/www.coeurssansfrontieres.com\/de\/wp-json\/wp\/v2\/pages\/4083"}],"wp:attachment":[{"href":"https:\/\/www.coeurssansfrontieres.com\/de\/wp-json\/wp\/v2\/media?parent=585"}],"curies":[{"name":"wp","href":"https:\/\/api.w.org\/{rel}","templated":true}]}}