{"id":18489,"date":"2021-04-17T16:33:10","date_gmt":"2021-04-17T14:33:10","guid":{"rendered":"https:\/\/www.coeurssansfrontieres.com\/?page_id=18489"},"modified":"2021-04-18T17:17:44","modified_gmt":"2021-04-18T15:17:44","slug":"pourquoi-coeurs-sans-frontieres","status":"publish","type":"page","link":"https:\/\/www.coeurssansfrontieres.com\/fr\/pourquoi-coeurs-sans-frontieres\/","title":{"rendered":"Pourquoi C\u0153urs sans Fronti\u00e8res ?"},"content":{"rendered":"<p>[et_pb_section fb_built=\u00a0\u00bb1&Prime; _builder_version=\u00a0\u00bb4.9.3&Prime; _module_preset=\u00a0\u00bbdefault\u00a0\u00bb background_color=\u00a0\u00bb#be86c3&Prime; width=\u00a0\u00bb100%\u00a0\u00bb max_width=\u00a0\u00bb100%\u00a0\u00bb min_height=\u00a0\u00bb827.5px\u00a0\u00bb custom_margin=\u00a0\u00bb-120px||-54px||false|false\u00a0\u00bb custom_padding=\u00a0\u00bb||50px|||\u00a0\u00bb locked=\u00a0\u00bboff\u00a0\u00bb][et_pb_row _builder_version=\u00a0\u00bb4.9.3&Prime; _module_preset=\u00a0\u00bbdefault\u00a0\u00bb background_color=\u00a0\u00bb#efe2ef\u00a0\u00bb width=\u00a0\u00bbauto\u00a0\u00bb custom_padding=\u00a0\u00bb|0px||2vw|false|false\u00a0\u00bb border_radii=\u00a0\u00bbon|25px|25px|25px|25px\u00a0\u00bb border_width_all=\u00a0\u00bb2px\u00a0\u00bb border_color_all=\u00a0\u00bb#A55BA6&Prime;][et_pb_column type=\u00a0\u00bb4_4&Prime; _builder_version=\u00a0\u00bb4.9.3&Prime; _module_preset=\u00a0\u00bbdefault\u00a0\u00bb custom_padding=\u00a0\u00bb|0px||0px|false|false\u00a0\u00bb][et_pb_text _builder_version=\u00a0\u00bb4.9.3&Prime; _module_preset=\u00a0\u00bbdefault\u00a0\u00bb text_font=\u00a0\u00bb|600|||||||\u00a0\u00bb text_text_color=\u00a0\u00bb#A55BA6&Prime; text_font_size=\u00a0\u00bb19px\u00a0\u00bb text_line_height=\u00a0\u00bb1.8em\u00a0\u00bb header_font=\u00a0\u00bb|700|||||||\u00a0\u00bb header_font_size=\u00a0\u00bb20px\u00a0\u00bb header_line_height=\u00a0\u00bb1.2em\u00a0\u00bb header_3_font=\u00a0\u00bb|700|||||||\u00a0\u00bb header_3_text_align=\u00a0\u00bbcenter\u00a0\u00bb header_3_font_size=\u00a0\u00bb26px\u00a0\u00bb header_4_font=\u00a0\u00bb|600|||||||\u00a0\u00bb header_4_font_size=\u00a0\u00bb20px\u00a0\u00bb header_4_line_height=\u00a0\u00bb1.5em\u00a0\u00bb min_height=\u00a0\u00bb564px\u00a0\u00bb custom_margin=\u00a0\u00bb||||false|false\u00a0\u00bb custom_padding=\u00a0\u00bb10px|32px|0px||false|false\u00a0\u00bb custom_css_main_element=\u00a0\u00bbbackground-image: url(%22https:\/\/www.coeurssansfrontieres.com\/wp-content\/uploads\/2017\/10\/CSF-HOG-logo.png%22),url(%22https:\/\/www.coeurssansfrontieres.com\/wp-content\/uploads\/2017\/10\/CSF-HOG-logo.png%22);||background-size: 25%, 25%;||background-position: -1% 0%, 98% 0%;\t||background-repeat: no-repeat,no-repeat;||\u00a0\u00bb header_3_text_shadow_style=\u00a0\u00bbpreset5&Prime; header_3_text_shadow_color=\u00a0\u00bb#A55BA6&Prime; header_4_text_shadow_style=\u00a0\u00bbpreset5&Prime; header_4_text_shadow_color=\u00a0\u00bb#A55BA6&Prime;]<\/p>\n<h3>Pourquoi<\/h3>\n<h3>C\u0153urs sans Fronti\u00e8res ?<\/h3>\n<p>&nbsp;<\/p>\n<p>Fin 2005, en r\u00e9ponse au besoin de se retrouver et anim\u00e9e par la conscience d\u2019\u00eatre une fratrie, li\u00e9e par une souffrance commune, une poign\u00e9e d\u2019enfants de la guerre, a d\u00e9cid\u00e9 de s\u2019unir.<\/p>\n<h4>L\u2019objectif est de tendre la main \u00e0 ceux con\u00e7us, puis s\u00e9par\u00e9s, d\u2019un de leurs parents en raison de la Seconde guerre mondiale.<\/h4>\n<p>C\u2019est ainsi que les enfants n\u00e9s des occupants de la Wehrmacht en France et les enfants engendr\u00e9s par des fran\u00e7ais prisonniers de guerres, travailleurs requis (STO) ou soldats des zones d\u2019occupation fran\u00e7aises en Allemagne ou en Autriche se sont spontan\u00e9ment unis pour tenter d\u2019effacer les souffrances, voire les maltraitances endur\u00e9es en raison de leurs origines incomprises de leur entourage.<br \/>Tout au long de ces ann\u00e9es C\u0153urs sans fronti\u00e8res a d\u00e9velopp\u00e9 l\u2019entraide, r\u00e9sist\u00e9 aux difficult\u00e9s induites par des recherches ardues, frein\u00e9es par le silence persistant de ceux qui savent, par le d\u00e9c\u00e8s des contemporains de leur g\u00e9niteur, par l\u2019entrave des lois concernant l\u2019acc\u00e8s aux archives, sans oublier les probl\u00e8mes linguistiques.<\/p>\n<h4>Union, travail, \u00e9coute, conseils ont permis \u00e0 nombre d\u2019enfants de la guerre d\u2019avancer dans leur recherche identitaire et, pour certains, de trouver une issue heureuse \u00e0 leurs d\u00e9marches.<\/h4>\n<p>[\/et_pb_text][\/et_pb_column][\/et_pb_row][\/et_pb_section]<\/p>\n","protected":false},"excerpt":{"rendered":"<p>Pourquoi C\u0153urs sans Fronti\u00e8res ? &nbsp; Fin 2005, en r\u00e9ponse au besoin de se retrouver et anim\u00e9e par la conscience d\u2019\u00eatre une fratrie, li\u00e9e par une souffrance commune, une poign\u00e9e d\u2019enfants de la guerre, a d\u00e9cid\u00e9 de s\u2019unir. L\u2019objectif est de tendre la main \u00e0 ceux con\u00e7us, puis s\u00e9par\u00e9s, d\u2019un de leurs parents en raison [&hellip;]<\/p>\n","protected":false},"author":249,"featured_media":0,"parent":0,"menu_order":0,"comment_status":"closed","ping_status":"closed","template":"","meta":{"_et_pb_use_builder":"on","_et_pb_old_content":"","_et_gb_content_width":"","footnotes":""},"class_list":["post-18489","page","type-page","status-publish","hentry"],"yoast_head":"<!-- This site is optimized with the Yoast SEO plugin v27.3 - https:\/\/yoast.com\/product\/yoast-seo-wordpress\/ -->\n<title>Pourquoi C\u0153urs sans Fronti\u00e8res ? - CSF - HOG<\/title>\n<meta name=\"robots\" content=\"index, follow, max-snippet:-1, max-image-preview:large, max-video-preview:-1\" \/>\n<link rel=\"canonical\" href=\"https:\/\/www.coeurssansfrontieres.com\/fr\/pourquoi-coeurs-sans-frontieres\/\" \/>\n<meta property=\"og:locale\" content=\"fr_FR\" \/>\n<meta property=\"og:type\" content=\"article\" \/>\n<meta property=\"og:title\" content=\"Pourquoi C\u0153urs sans Fronti\u00e8res ? - CSF - HOG\" \/>\n<meta property=\"og:description\" content=\"Pourquoi C\u0153urs sans Fronti\u00e8res ? &nbsp; Fin 2005, en r\u00e9ponse au besoin de se retrouver et anim\u00e9e par la conscience d\u2019\u00eatre une fratrie, li\u00e9e par une souffrance commune, une poign\u00e9e d\u2019enfants de la guerre, a d\u00e9cid\u00e9 de s\u2019unir. L\u2019objectif est de tendre la main \u00e0 ceux con\u00e7us, puis s\u00e9par\u00e9s, d\u2019un de leurs parents en raison [&hellip;]\" \/>\n<meta property=\"og:url\" content=\"https:\/\/www.coeurssansfrontieres.com\/fr\/pourquoi-coeurs-sans-frontieres\/\" \/>\n<meta property=\"og:site_name\" content=\"CSF - HOG\" \/>\n<meta property=\"article:modified_time\" content=\"2021-04-18T15:17:44+00:00\" \/>\n<meta name=\"twitter:card\" content=\"summary_large_image\" \/>\n<meta name=\"twitter:label1\" content=\"Dur\u00e9e de lecture estim\u00e9e\" \/>\n\t<meta name=\"twitter:data1\" content=\"2 minutes\" \/>\n<script type=\"application\/ld+json\" class=\"yoast-schema-graph\">{\"@context\":\"https:\\\/\\\/schema.org\",\"@graph\":[{\"@type\":\"WebPage\",\"@id\":\"https:\\\/\\\/www.coeurssansfrontieres.com\\\/fr\\\/pourquoi-coeurs-sans-frontieres\\\/\",\"url\":\"https:\\\/\\\/www.coeurssansfrontieres.com\\\/fr\\\/pourquoi-coeurs-sans-frontieres\\\/\",\"name\":\"Pourquoi C\u0153urs sans Fronti\u00e8res ? - CSF - HOG\",\"isPartOf\":{\"@id\":\"https:\\\/\\\/www.coeurssansfrontieres.com\\\/fr\\\/#website\"},\"datePublished\":\"2021-04-17T14:33:10+00:00\",\"dateModified\":\"2021-04-18T15:17:44+00:00\",\"breadcrumb\":{\"@id\":\"https:\\\/\\\/www.coeurssansfrontieres.com\\\/fr\\\/pourquoi-coeurs-sans-frontieres\\\/#breadcrumb\"},\"inLanguage\":\"fr-FR\",\"potentialAction\":[{\"@type\":\"ReadAction\",\"target\":[\"https:\\\/\\\/www.coeurssansfrontieres.com\\\/fr\\\/pourquoi-coeurs-sans-frontieres\\\/\"]}]},{\"@type\":\"BreadcrumbList\",\"@id\":\"https:\\\/\\\/www.coeurssansfrontieres.com\\\/fr\\\/pourquoi-coeurs-sans-frontieres\\\/#breadcrumb\",\"itemListElement\":[{\"@type\":\"ListItem\",\"position\":1,\"name\":\"Accueil\",\"item\":\"https:\\\/\\\/www.coeurssansfrontieres.com\\\/fr\\\/\"},{\"@type\":\"ListItem\",\"position\":2,\"name\":\"Pourquoi C\u0153urs sans Fronti\u00e8res ?\"}]},{\"@type\":\"WebSite\",\"@id\":\"https:\\\/\\\/www.coeurssansfrontieres.com\\\/fr\\\/#website\",\"url\":\"https:\\\/\\\/www.coeurssansfrontieres.com\\\/fr\\\/\",\"name\":\"C\u0153urs sans fronti\u00e8res\",\"description\":\"Association franco-allemande des Enfants de la Seconde Guerre Mondiale\",\"potentialAction\":[{\"@type\":\"SearchAction\",\"target\":{\"@type\":\"EntryPoint\",\"urlTemplate\":\"https:\\\/\\\/www.coeurssansfrontieres.com\\\/fr\\\/?s={search_term_string}\"},\"query-input\":{\"@type\":\"PropertyValueSpecification\",\"valueRequired\":true,\"valueName\":\"search_term_string\"}}],\"inLanguage\":\"fr-FR\"}]}<\/script>\n<!-- \/ Yoast SEO plugin. -->","yoast_head_json":{"title":"Pourquoi C\u0153urs sans Fronti\u00e8res ? - CSF - HOG","robots":{"index":"index","follow":"follow","max-snippet":"max-snippet:-1","max-image-preview":"max-image-preview:large","max-video-preview":"max-video-preview:-1"},"canonical":"https:\/\/www.coeurssansfrontieres.com\/fr\/pourquoi-coeurs-sans-frontieres\/","og_locale":"fr_FR","og_type":"article","og_title":"Pourquoi C\u0153urs sans Fronti\u00e8res ? - CSF - HOG","og_description":"Pourquoi C\u0153urs sans Fronti\u00e8res ? &nbsp; Fin 2005, en r\u00e9ponse au besoin de se retrouver et anim\u00e9e par la conscience d\u2019\u00eatre une fratrie, li\u00e9e par une souffrance commune, une poign\u00e9e d\u2019enfants de la guerre, a d\u00e9cid\u00e9 de s\u2019unir. L\u2019objectif est de tendre la main \u00e0 ceux con\u00e7us, puis s\u00e9par\u00e9s, d\u2019un de leurs parents en raison [&hellip;]","og_url":"https:\/\/www.coeurssansfrontieres.com\/fr\/pourquoi-coeurs-sans-frontieres\/","og_site_name":"CSF - HOG","article_modified_time":"2021-04-18T15:17:44+00:00","twitter_card":"summary_large_image","twitter_misc":{"Dur\u00e9e de lecture estim\u00e9e":"2 minutes"},"schema":{"@context":"https:\/\/schema.org","@graph":[{"@type":"WebPage","@id":"https:\/\/www.coeurssansfrontieres.com\/fr\/pourquoi-coeurs-sans-frontieres\/","url":"https:\/\/www.coeurssansfrontieres.com\/fr\/pourquoi-coeurs-sans-frontieres\/","name":"Pourquoi C\u0153urs sans Fronti\u00e8res ? - CSF - HOG","isPartOf":{"@id":"https:\/\/www.coeurssansfrontieres.com\/fr\/#website"},"datePublished":"2021-04-17T14:33:10+00:00","dateModified":"2021-04-18T15:17:44+00:00","breadcrumb":{"@id":"https:\/\/www.coeurssansfrontieres.com\/fr\/pourquoi-coeurs-sans-frontieres\/#breadcrumb"},"inLanguage":"fr-FR","potentialAction":[{"@type":"ReadAction","target":["https:\/\/www.coeurssansfrontieres.com\/fr\/pourquoi-coeurs-sans-frontieres\/"]}]},{"@type":"BreadcrumbList","@id":"https:\/\/www.coeurssansfrontieres.com\/fr\/pourquoi-coeurs-sans-frontieres\/#breadcrumb","itemListElement":[{"@type":"ListItem","position":1,"name":"Accueil","item":"https:\/\/www.coeurssansfrontieres.com\/fr\/"},{"@type":"ListItem","position":2,"name":"Pourquoi C\u0153urs sans Fronti\u00e8res ?"}]},{"@type":"WebSite","@id":"https:\/\/www.coeurssansfrontieres.com\/fr\/#website","url":"https:\/\/www.coeurssansfrontieres.com\/fr\/","name":"C\u0153urs sans fronti\u00e8res","description":"Association franco-allemande des Enfants de la Seconde Guerre Mondiale","potentialAction":[{"@type":"SearchAction","target":{"@type":"EntryPoint","urlTemplate":"https:\/\/www.coeurssansfrontieres.com\/fr\/?s={search_term_string}"},"query-input":{"@type":"PropertyValueSpecification","valueRequired":true,"valueName":"search_term_string"}}],"inLanguage":"fr-FR"}]}},"_links":{"self":[{"href":"https:\/\/www.coeurssansfrontieres.com\/fr\/wp-json\/wp\/v2\/pages\/18489","targetHints":{"allow":["GET"]}}],"collection":[{"href":"https:\/\/www.coeurssansfrontieres.com\/fr\/wp-json\/wp\/v2\/pages"}],"about":[{"href":"https:\/\/www.coeurssansfrontieres.com\/fr\/wp-json\/wp\/v2\/types\/page"}],"author":[{"embeddable":true,"href":"https:\/\/www.coeurssansfrontieres.com\/fr\/wp-json\/wp\/v2\/users\/249"}],"replies":[{"embeddable":true,"href":"https:\/\/www.coeurssansfrontieres.com\/fr\/wp-json\/wp\/v2\/comments?post=18489"}],"version-history":[{"count":0,"href":"https:\/\/www.coeurssansfrontieres.com\/fr\/wp-json\/wp\/v2\/pages\/18489\/revisions"}],"wp:attachment":[{"href":"https:\/\/www.coeurssansfrontieres.com\/fr\/wp-json\/wp\/v2\/media?parent=18489"}],"curies":[{"name":"wp","href":"https:\/\/api.w.org\/{rel}","templated":true}]}}