{"id":19317,"date":"2021-07-08T14:53:53","date_gmt":"2021-07-08T12:53:53","guid":{"rendered":"https:\/\/www.coeurssansfrontieres.com\/?page_id=19317"},"modified":"2021-07-10T12:03:43","modified_gmt":"2021-07-10T10:03:43","slug":"mailpoet-unsubscibe-confirmation","status":"publish","type":"page","link":"https:\/\/www.coeurssansfrontieres.com\/fr\/mailpoet-unsubscibe-confirmation\/","title":{"rendered":"Mailpoet Unsubscibe confirmation"},"content":{"rendered":"<p>[et_pb_section fb_built=\u00a0\u00bb1&Prime; _builder_version=\u00a0\u00bb4.9.7&Prime; _module_preset=\u00a0\u00bbdefault\u00a0\u00bb background_color=\u00a0\u00bb#fcc4f2&Prime; custom_margin=\u00a0\u00bb-150px||||false|false\u00a0\u00bb][et_pb_row _builder_version=\u00a0\u00bb4.9.7&Prime; _module_preset=\u00a0\u00bbdefault\u00a0\u00bb][et_pb_column type=\u00a0\u00bb4_4&Prime; _builder_version=\u00a0\u00bb4.9.7&Prime; _module_preset=\u00a0\u00bbdefault\u00a0\u00bb][et_pb_text _builder_version=\u00a0\u00bb4.9.7&Prime; _module_preset=\u00a0\u00bbdefault\u00a0\u00bb text_font=\u00a0\u00bb|600|||||||\u00a0\u00bb text_font_size=\u00a0\u00bb16px\u00a0\u00bb text_line_height=\u00a0\u00bb1.8em\u00a0\u00bb header_line_height=\u00a0\u00bb1.5em\u00a0\u00bb header_2_font=\u00a0\u00bb|800|||||||\u00a0\u00bb header_2_text_align=\u00a0\u00bbcenter\u00a0\u00bb header_2_text_color=\u00a0\u00bb#A55BA6&Prime; header_2_line_height=\u00a0\u00bb1.5em\u00a0\u00bb text_orientation=\u00a0\u00bbcenter\u00a0\u00bb hover_enabled=\u00a0\u00bb0&Prime; header_2_text_shadow_style=\u00a0\u00bbpreset2&Prime; sticky_enabled=\u00a0\u00bb0&Prime;]<\/p>\n<h2>Confirmation de votre d\u00e9sinscription<br \/>Best\u00e4tigung Ihrer Abmeldung<\/h2>\n<p>Nous vous confirmons que votre d\u00e9sinscription a \u00e9t\u00e9 effectu\u00e9e.<br \/>Wir best\u00e4tigen, dass Ihre Abmeldung abgeschlossen ist.<\/p>\n<p>[\/et_pb_text][et_pb_button button_url=\u00a0\u00bbhttps:\/\/www.coeurssansfrontieres.com\/fr\/mailpoet-unsubscibe-reverse\/\u00a0\u00bb button_text=\u00a0\u00bbPour se r\u00e9inscrire  &#8212; Zum erneuten Registrieren \u00a0\u00bb button_alignment=\u00a0\u00bbcenter\u00a0\u00bb _builder_version=\u00a0\u00bb4.9.7&Prime; _module_preset=\u00a0\u00bbdefault\u00a0\u00bb custom_button=\u00a0\u00bbon\u00a0\u00bb button_text_size=\u00a0\u00bb16px\u00a0\u00bb button_text_color=\u00a0\u00bb#ffffff\u00a0\u00bb button_bg_color=\u00a0\u00bb#a55ba6&Prime; button_border_width=\u00a0\u00bb1px\u00a0\u00bb button_border_color=\u00a0\u00bb#ffffff\u00a0\u00bb button_border_radius=\u00a0\u00bb14&Prime; button_use_icon=\u00a0\u00bboff\u00a0\u00bb custom_css_main_element=\u00a0\u00bbwidth :22vw;||box-shadow: 3px 3px 3px #7C7C7C;\u00a0\u00bb button_letter_spacing__hover=\u00a0\u00bb0&Prime; button_letter_spacing__hover_enabled=\u00a0\u00bbon\u00a0\u00bb][\/et_pb_button][\/et_pb_column][\/et_pb_row][\/et_pb_section]<\/p>\n","protected":false},"excerpt":{"rendered":"<p>Confirmation de votre d\u00e9sinscriptionBest\u00e4tigung Ihrer Abmeldung Nous vous confirmons que votre d\u00e9sinscription a \u00e9t\u00e9 effectu\u00e9e.Wir best\u00e4tigen, dass Ihre Abmeldung abgeschlossen ist.<\/p>\n","protected":false},"author":249,"featured_media":0,"parent":0,"menu_order":0,"comment_status":"closed","ping_status":"closed","template":"","meta":{"_et_pb_use_builder":"on","_et_pb_old_content":"","_et_gb_content_width":"","footnotes":""},"class_list":["post-19317","page","type-page","status-publish","hentry"],"yoast_head":"<!-- This site is optimized with the Yoast SEO plugin v27.5 - https:\/\/yoast.com\/product\/yoast-seo-wordpress\/ -->\n<title>Mailpoet Unsubscibe confirmation - CSF - HOG<\/title>\n<meta name=\"robots\" content=\"index, follow, max-snippet:-1, max-image-preview:large, max-video-preview:-1\" \/>\n<link rel=\"canonical\" href=\"https:\/\/www.coeurssansfrontieres.com\/fr\/mailpoet-unsubscibe-confirmation\/\" \/>\n<meta property=\"og:locale\" content=\"fr_FR\" \/>\n<meta property=\"og:type\" content=\"article\" \/>\n<meta property=\"og:title\" content=\"Mailpoet Unsubscibe confirmation - CSF - HOG\" \/>\n<meta property=\"og:description\" content=\"Confirmation de votre d\u00e9sinscriptionBest\u00e4tigung Ihrer Abmeldung Nous vous confirmons que votre d\u00e9sinscription a \u00e9t\u00e9 effectu\u00e9e.Wir best\u00e4tigen, dass Ihre Abmeldung abgeschlossen ist.\" \/>\n<meta property=\"og:url\" content=\"https:\/\/www.coeurssansfrontieres.com\/fr\/mailpoet-unsubscibe-confirmation\/\" \/>\n<meta property=\"og:site_name\" content=\"CSF - HOG\" \/>\n<meta property=\"article:modified_time\" content=\"2021-07-10T10:03:43+00:00\" \/>\n<meta name=\"twitter:card\" content=\"summary_large_image\" \/>\n<meta name=\"twitter:label1\" content=\"Dur\u00e9e de lecture estim\u00e9e\" \/>\n\t<meta name=\"twitter:data1\" content=\"1 minute\" \/>\n<script type=\"application\/ld+json\" class=\"yoast-schema-graph\">{\"@context\":\"https:\\\/\\\/schema.org\",\"@graph\":[{\"@type\":\"WebPage\",\"@id\":\"https:\\\/\\\/www.coeurssansfrontieres.com\\\/fr\\\/mailpoet-unsubscibe-confirmation\\\/\",\"url\":\"https:\\\/\\\/www.coeurssansfrontieres.com\\\/fr\\\/mailpoet-unsubscibe-confirmation\\\/\",\"name\":\"Mailpoet Unsubscibe confirmation - CSF - HOG\",\"isPartOf\":{\"@id\":\"https:\\\/\\\/www.coeurssansfrontieres.com\\\/fr\\\/#website\"},\"datePublished\":\"2021-07-08T12:53:53+00:00\",\"dateModified\":\"2021-07-10T10:03:43+00:00\",\"breadcrumb\":{\"@id\":\"https:\\\/\\\/www.coeurssansfrontieres.com\\\/fr\\\/mailpoet-unsubscibe-confirmation\\\/#breadcrumb\"},\"inLanguage\":\"fr-FR\",\"potentialAction\":[{\"@type\":\"ReadAction\",\"target\":[\"https:\\\/\\\/www.coeurssansfrontieres.com\\\/fr\\\/mailpoet-unsubscibe-confirmation\\\/\"]}]},{\"@type\":\"BreadcrumbList\",\"@id\":\"https:\\\/\\\/www.coeurssansfrontieres.com\\\/fr\\\/mailpoet-unsubscibe-confirmation\\\/#breadcrumb\",\"itemListElement\":[{\"@type\":\"ListItem\",\"position\":1,\"name\":\"Accueil\",\"item\":\"https:\\\/\\\/www.coeurssansfrontieres.com\\\/fr\\\/\"},{\"@type\":\"ListItem\",\"position\":2,\"name\":\"Mailpoet Unsubscibe confirmation\"}]},{\"@type\":\"WebSite\",\"@id\":\"https:\\\/\\\/www.coeurssansfrontieres.com\\\/fr\\\/#website\",\"url\":\"https:\\\/\\\/www.coeurssansfrontieres.com\\\/fr\\\/\",\"name\":\"C\u0153urs sans fronti\u00e8res\",\"description\":\"Association franco-allemande des Enfants de la Seconde Guerre Mondiale\",\"potentialAction\":[{\"@type\":\"SearchAction\",\"target\":{\"@type\":\"EntryPoint\",\"urlTemplate\":\"https:\\\/\\\/www.coeurssansfrontieres.com\\\/fr\\\/?s={search_term_string}\"},\"query-input\":{\"@type\":\"PropertyValueSpecification\",\"valueRequired\":true,\"valueName\":\"search_term_string\"}}],\"inLanguage\":\"fr-FR\"}]}<\/script>\n<!-- \/ Yoast SEO plugin. -->","yoast_head_json":{"title":"Mailpoet Unsubscibe confirmation - CSF - HOG","robots":{"index":"index","follow":"follow","max-snippet":"max-snippet:-1","max-image-preview":"max-image-preview:large","max-video-preview":"max-video-preview:-1"},"canonical":"https:\/\/www.coeurssansfrontieres.com\/fr\/mailpoet-unsubscibe-confirmation\/","og_locale":"fr_FR","og_type":"article","og_title":"Mailpoet Unsubscibe confirmation - CSF - HOG","og_description":"Confirmation de votre d\u00e9sinscriptionBest\u00e4tigung Ihrer Abmeldung Nous vous confirmons que votre d\u00e9sinscription a \u00e9t\u00e9 effectu\u00e9e.Wir best\u00e4tigen, dass Ihre Abmeldung abgeschlossen ist.","og_url":"https:\/\/www.coeurssansfrontieres.com\/fr\/mailpoet-unsubscibe-confirmation\/","og_site_name":"CSF - HOG","article_modified_time":"2021-07-10T10:03:43+00:00","twitter_card":"summary_large_image","twitter_misc":{"Dur\u00e9e de lecture estim\u00e9e":"1 minute"},"schema":{"@context":"https:\/\/schema.org","@graph":[{"@type":"WebPage","@id":"https:\/\/www.coeurssansfrontieres.com\/fr\/mailpoet-unsubscibe-confirmation\/","url":"https:\/\/www.coeurssansfrontieres.com\/fr\/mailpoet-unsubscibe-confirmation\/","name":"Mailpoet Unsubscibe confirmation - CSF - HOG","isPartOf":{"@id":"https:\/\/www.coeurssansfrontieres.com\/fr\/#website"},"datePublished":"2021-07-08T12:53:53+00:00","dateModified":"2021-07-10T10:03:43+00:00","breadcrumb":{"@id":"https:\/\/www.coeurssansfrontieres.com\/fr\/mailpoet-unsubscibe-confirmation\/#breadcrumb"},"inLanguage":"fr-FR","potentialAction":[{"@type":"ReadAction","target":["https:\/\/www.coeurssansfrontieres.com\/fr\/mailpoet-unsubscibe-confirmation\/"]}]},{"@type":"BreadcrumbList","@id":"https:\/\/www.coeurssansfrontieres.com\/fr\/mailpoet-unsubscibe-confirmation\/#breadcrumb","itemListElement":[{"@type":"ListItem","position":1,"name":"Accueil","item":"https:\/\/www.coeurssansfrontieres.com\/fr\/"},{"@type":"ListItem","position":2,"name":"Mailpoet Unsubscibe confirmation"}]},{"@type":"WebSite","@id":"https:\/\/www.coeurssansfrontieres.com\/fr\/#website","url":"https:\/\/www.coeurssansfrontieres.com\/fr\/","name":"C\u0153urs sans fronti\u00e8res","description":"Association franco-allemande des Enfants de la Seconde Guerre Mondiale","potentialAction":[{"@type":"SearchAction","target":{"@type":"EntryPoint","urlTemplate":"https:\/\/www.coeurssansfrontieres.com\/fr\/?s={search_term_string}"},"query-input":{"@type":"PropertyValueSpecification","valueRequired":true,"valueName":"search_term_string"}}],"inLanguage":"fr-FR"}]}},"_links":{"self":[{"href":"https:\/\/www.coeurssansfrontieres.com\/fr\/wp-json\/wp\/v2\/pages\/19317","targetHints":{"allow":["GET"]}}],"collection":[{"href":"https:\/\/www.coeurssansfrontieres.com\/fr\/wp-json\/wp\/v2\/pages"}],"about":[{"href":"https:\/\/www.coeurssansfrontieres.com\/fr\/wp-json\/wp\/v2\/types\/page"}],"author":[{"embeddable":true,"href":"https:\/\/www.coeurssansfrontieres.com\/fr\/wp-json\/wp\/v2\/users\/249"}],"replies":[{"embeddable":true,"href":"https:\/\/www.coeurssansfrontieres.com\/fr\/wp-json\/wp\/v2\/comments?post=19317"}],"version-history":[{"count":0,"href":"https:\/\/www.coeurssansfrontieres.com\/fr\/wp-json\/wp\/v2\/pages\/19317\/revisions"}],"wp:attachment":[{"href":"https:\/\/www.coeurssansfrontieres.com\/fr\/wp-json\/wp\/v2\/media?parent=19317"}],"curies":[{"name":"wp","href":"https:\/\/api.w.org\/{rel}","templated":true}]}}