{"id":4627,"date":"2017-08-20T17:41:54","date_gmt":"2017-08-20T15:41:54","guid":{"rendered":"http:\/\/www.coeurssansfrontieres.com\/fr\/?page_id=4627"},"modified":"2021-05-17T16:58:16","modified_gmt":"2021-05-17T14:58:16","slug":"blogleschroniques","status":"publish","type":"page","link":"https:\/\/www.coeurssansfrontieres.com\/fr\/vie-de-csfhog\/blogleschroniques\/","title":{"rendered":"BlogLesChroniques"},"content":{"rendered":"<p>[et_pb_section fb_built=\u00a0\u00bb1&Prime; custom_padding_last_edited=\u00a0\u00bbon|desktop\u00a0\u00bb admin_label=\u00a0\u00bbsection\u00a0\u00bb _builder_version=\u00a0\u00bb4.0.7&Prime; custom_margin=\u00a0\u00bb-150px||||false|false\u00a0\u00bb custom_padding=\u00a0\u00bb0px|||||\u00a0\u00bb custom_padding_tablet=\u00a0\u00bb50px|0|50px|0&Prime; custom_padding_phone=\u00a0\u00bb\u00a0\u00bb custom_css_main_element=\u00a0\u00bbmargin-top :20px;\u00a0\u00bb transparent_background=\u00a0\u00bboff\u00a0\u00bb padding_mobile=\u00a0\u00bboff\u00a0\u00bb make_fullwidth=\u00a0\u00bboff\u00a0\u00bb use_custom_width=\u00a0\u00bboff\u00a0\u00bb width_unit=\u00a0\u00bbon\u00a0\u00bb locked=\u00a0\u00bboff\u00a0\u00bb background_color=\u00a0\u00bb#ffffff\u00a0\u00bb][et_pb_row column_structure=\u00a0\u00bb3_4,1_4&Prime; column_padding_mobile=\u00a0\u00bbon\u00a0\u00bb admin_label=\u00a0\u00bbrow\u00a0\u00bb module_class=\u00a0\u00bb et_pb_row_fullwidth\u00a0\u00bb _builder_version=\u00a0\u00bb4.0.7&Prime; width=\u00a0\u00bb89%\u00a0\u00bb width_tablet=\u00a0\u00bb80%\u00a0\u00bb width_phone=\u00a0\u00bb\u00a0\u00bb width_last_edited=\u00a0\u00bbon|desktop\u00a0\u00bb max_width=\u00a0\u00bb89%\u00a0\u00bb max_width_tablet=\u00a0\u00bb80%\u00a0\u00bb max_width_phone=\u00a0\u00bb\u00a0\u00bb max_width_last_edited=\u00a0\u00bbon|desktop\u00a0\u00bb custom_margin=\u00a0\u00bb|auto||auto|false|false\u00a0\u00bb custom_padding=\u00a0\u00bb0px|100px|0px|2px|false|false\u00a0\u00bb make_fullwidth=\u00a0\u00bbon\u00a0\u00bb use_custom_width=\u00a0\u00bboff\u00a0\u00bb width_unit=\u00a0\u00bbon\u00a0\u00bb background_size=\u00a0\u00bbinitial\u00a0\u00bb background_position=\u00a0\u00bbtop_left\u00a0\u00bb background_repeat=\u00a0\u00bbrepeat\u00a0\u00bb][et_pb_column type=\u00a0\u00bb3_4&Prime; _builder_version=\u00a0\u00bb3.25&Prime; custom_padding=\u00a0\u00bb|||\u00a0\u00bb custom_padding__hover=\u00a0\u00bb|||\u00a0\u00bb][et_pb_text admin_label=\u00a0\u00bbTexte\u00a0\u00bb _builder_version=\u00a0\u00bb4.9.4&Prime; custom_css_main_element=\u00a0\u00bbbox-shadow: 6px 6px 6px #7C7C7C;||background-image: url(%22https:\/\/www.coeurssansfrontieres.com\/wp-content\/uploads\/2017\/08\/Chronique-ombre.png%22),url(%22https:\/\/www.coeurssansfrontieres.com\/wp-content\/uploads\/2017\/08\/Chronique-ombre.png%22);||background-size: 50px 50px, 50px 50px;||background-position: 5% 50%, 95% 50%;\t||background-repeat: no-repeat,no-repeat;\u00a0\u00bb use_border_color=\u00a0\u00bboff\u00a0\u00bb border_color=\u00a0\u00bb#ffffff\u00a0\u00bb border_style=\u00a0\u00bbsolid\u00a0\u00bb background_size=\u00a0\u00bbinitial\u00a0\u00bb background_position=\u00a0\u00bbtop_left\u00a0\u00bb background_repeat=\u00a0\u00bbrepeat\u00a0\u00bb custom_margin=\u00a0\u00bb||0.8vh|5vw|false|false\u00a0\u00bb custom_padding=\u00a0\u00bb2vh||2vh||false|false\u00a0\u00bb text_text_shadow_style=\u00a0\u00bbpreset2&Prime; text_text_shadow_horizontal_length=\u00a0\u00bb0.1em\u00a0\u00bb text_text_shadow_vertical_length=\u00a0\u00bb0.1em\u00a0\u00bb text_text_shadow_blur_strength=\u00a0\u00bb0.1em\u00a0\u00bb border_radii=\u00a0\u00bbon|25px|25px|25px|25px\u00a0\u00bb border_width_all=\u00a0\u00bb3px\u00a0\u00bb border_color_all=\u00a0\u00bb#e221ed\u00a0\u00bb border_style_all=\u00a0\u00bbdouble\u00a0\u00bb box_shadow_style=\u00a0\u00bbpreset4&Prime; hover_enabled=\u00a0\u00bb0&Prime; sticky_enabled=\u00a0\u00bb0&Prime;]<\/p>\n<h1 style=\"text-align: center;\"><strong>LA CHRONIQUE<\/strong><\/h1>\n<p>[\/et_pb_text][et_pb_text admin_label=\u00a0\u00bbTexte\u00a0\u00bb _builder_version=\u00a0\u00bb4.9.4&Prime; custom_margin=\u00a0\u00bb||0.8vh|5vw|false|false\u00a0\u00bb custom_padding=\u00a0\u00bb1vh|2vw|0vh|2vw|false|false\u00a0\u00bb custom_css_main_element=\u00a0\u00bbbox-shadow: 6px 6px 6px #7C7C7C;\u00a0\u00bb border_width_all=\u00a0\u00bb3px\u00a0\u00bb border_color_all=\u00a0\u00bb#e221ed\u00a0\u00bb border_style_all=\u00a0\u00bbdouble\u00a0\u00bb use_border_color=\u00a0\u00bbon\u00a0\u00bb border_color=\u00a0\u00bb#e221ed\u00a0\u00bb border_width=\u00a0\u00bb3px\u00a0\u00bb border_style=\u00a0\u00bbdouble\u00a0\u00bb sticky_enabled=\u00a0\u00bb0&Prime; header_4_line_height=\u00a0\u00bb1.2em\u00a0\u00bb background_size=\u00a0\u00bbinitial\u00a0\u00bb background_position=\u00a0\u00bbtop_left\u00a0\u00bb background_repeat=\u00a0\u00bbrepeat\u00a0\u00bb text_text_shadow_style=\u00a0\u00bbpreset2&Prime; text_text_shadow_horizontal_length=\u00a0\u00bb0.1em\u00a0\u00bb text_text_shadow_vertical_length=\u00a0\u00bb0.1em\u00a0\u00bb text_text_shadow_blur_strength=\u00a0\u00bb0.1em\u00a0\u00bb border_radii=\u00a0\u00bbon|25px|25px|25px|25px\u00a0\u00bb box_shadow_style=\u00a0\u00bbpreset4&Prime;]<\/p>\n<h4><strong>En compl\u00e9ment du site CSF \/ HOG diffuse irr\u00e9guli\u00e8rement par mail \u00e0 destination de ses membres une \u00ab\u00a0Chronique\u00a0\u00bb sous format pdf. Celle-ci permet de mettre en \u00e9vidence des nouvelles, des annonces, des articles.<\/strong><\/h4>\n<p>[\/et_pb_text][\/et_pb_column][et_pb_column type=\u00a0\u00bb1_4&Prime; _builder_version=\u00a0\u00bb3.25&Prime; custom_padding=\u00a0\u00bb|||\u00a0\u00bb custom_padding__hover=\u00a0\u00bb|||\u00a0\u00bb][et_pb_button button_url=\u00a0\u00bbhttps:\/\/www.coeurssansfrontieres.com\/fr\/accueil201805-2\/accueil-new\/vie-de-csfhog\/\u00a0\u00bb button_text=\u00a0\u00bbRETOUR AU MENU DE LA VIE DE L&rsquo;ASSOCITION\u00a0\u00bb button_alignment=\u00a0\u00bbcenter\u00a0\u00bb disabled_on=\u00a0\u00bboff|off|off\u00a0\u00bb admin_label=\u00a0\u00bbBouton retour\u00a0\u00bb _builder_version=\u00a0\u00bb4.0.7&Prime; custom_button=\u00a0\u00bbon\u00a0\u00bb button_text_size=\u00a0\u00bb15px\u00a0\u00bb button_text_color=\u00a0\u00bb#ffffff\u00a0\u00bb button_bg_color=\u00a0\u00bb#a55ba6&Prime; button_border_width=\u00a0\u00bb1px\u00a0\u00bb button_border_color=\u00a0\u00bb#ffffff\u00a0\u00bb button_border_radius=\u00a0\u00bb25px\u00a0\u00bb button_font=\u00a0\u00bb|||||on|||\u00a0\u00bb button_icon=\u00a0\u00bb%%41%%\u00a0\u00bb button_icon_color=\u00a0\u00bb#ffffff\u00a0\u00bb button_on_hover=\u00a0\u00bboff\u00a0\u00bb background_layout=\u00a0\u00bbdark\u00a0\u00bb custom_margin=\u00a0\u00bb1vh||0px||false|false\u00a0\u00bb button_text_shadow_style=\u00a0\u00bbpreset1&Prime; box_shadow_style=\u00a0\u00bbpreset4&Prime; locked=\u00a0\u00bboff\u00a0\u00bb custom_css_main_element=\u00a0\u00bbfont-size : 12px !important;\u00a0\u00bb][\/et_pb_button][et_pb_image src=\u00a0\u00bbhttps:\/\/www.coeurssansfrontieres.com\/wp-content\/uploads\/2017\/08\/Chronique-ombre.png\u00a0\u00bb show_bottom_space=\u00a0\u00bboff\u00a0\u00bb align=\u00a0\u00bbcenter\u00a0\u00bb align_tablet=\u00a0\u00bbcenter\u00a0\u00bb align_phone=\u00a0\u00bb\u00a0\u00bb align_last_edited=\u00a0\u00bbon|desktop\u00a0\u00bb admin_label=\u00a0\u00bbImage\u00a0\u00bb _builder_version=\u00a0\u00bb4.0.7&Prime; max_width=\u00a0\u00bb50px\u00a0\u00bb custom_margin=\u00a0\u00bb25px|||\u00a0\u00bb use_border_color=\u00a0\u00bboff\u00a0\u00bb border_color=\u00a0\u00bb#ffffff\u00a0\u00bb border_style=\u00a0\u00bbsolid\u00a0\u00bb sticky=\u00a0\u00bbon\u00a0\u00bb always_center_on_mobile=\u00a0\u00bbon\u00a0\u00bb]&nbsp;<br \/>\n[\/et_pb_image][et_pb_search exclude_pages=\u00a0\u00bbon\u00a0\u00bb include_categories=\u00a0\u00bb183,236,212,227,214,162,170,202,231,229,208,1,161,168,66,163,22,13,255,253,251,159,158,160,149,28,154,210&Prime; placeholder=\u00a0\u00bb ?\u00a0\u00bb button_color=\u00a0\u00bb#a61abf\u00a0\u00bb admin_label=\u00a0\u00bbChercher\u00a0\u00bb _builder_version=\u00a0\u00bb4.0.7&Prime; form_field_background_color=\u00a0\u00bb#E5C3DF\u00a0\u00bb form_field_focus_background_color=\u00a0\u00bb#e5c3df\u00a0\u00bb button_font=\u00a0\u00bb|on|||\u00a0\u00bb button_text_color=\u00a0\u00bb#ffffff\u00a0\u00bb button_font_size=\u00a0\u00bb10px\u00a0\u00bb button_line_height=\u00a0\u00bb1.5em\u00a0\u00bb form_field_font=\u00a0\u00bb|700|||||||\u00a0\u00bb form_field_text_align=\u00a0\u00bbcenter\u00a0\u00bb form_field_font_size=\u00a0\u00bb16px\u00a0\u00bb form_field_line_height=\u00a0\u00bb0.6em\u00a0\u00bb text_orientation=\u00a0\u00bbcenter\u00a0\u00bb custom_padding=\u00a0\u00bb0.4em|0.715em|0.4em|0.715em|false|false\u00a0\u00bb custom_css_main_element=\u00a0\u00bbbox-shadow: 6px 6px 6px #7C7C7C;\u00a0\u00bb custom_css_input_field=\u00a0\u00bbfont-weight: bold !important;||\u00a0\u00bb button_text_shadow_style=\u00a0\u00bbpreset5&Prime; border_radii=\u00a0\u00bbon|25px|25px|25px|25px\u00a0\u00bb text_shadow_style=\u00a0\u00bbpreset5&Prime; hide_button=\u00a0\u00bboff\u00a0\u00bb input_font_size=\u00a0\u00bb11&Prime; input_line_height=\u00a0\u00bb2em\u00a0\u00bb button_text_size__hover_enabled=\u00a0\u00bboff\u00a0\u00bb button_one_text_size__hover_enabled=\u00a0\u00bboff\u00a0\u00bb button_two_text_size__hover_enabled=\u00a0\u00bboff\u00a0\u00bb button_text_color__hover_enabled=\u00a0\u00bboff\u00a0\u00bb button_one_text_color__hover_enabled=\u00a0\u00bboff\u00a0\u00bb button_two_text_color__hover_enabled=\u00a0\u00bboff\u00a0\u00bb button_border_width__hover_enabled=\u00a0\u00bboff\u00a0\u00bb button_one_border_width__hover_enabled=\u00a0\u00bboff\u00a0\u00bb button_two_border_width__hover_enabled=\u00a0\u00bboff\u00a0\u00bb button_border_color__hover_enabled=\u00a0\u00bboff\u00a0\u00bb button_one_border_color__hover_enabled=\u00a0\u00bboff\u00a0\u00bb button_two_border_color__hover_enabled=\u00a0\u00bboff\u00a0\u00bb button_border_radius__hover_enabled=\u00a0\u00bboff\u00a0\u00bb button_one_border_radius__hover_enabled=\u00a0\u00bboff\u00a0\u00bb button_two_border_radius__hover_enabled=\u00a0\u00bboff\u00a0\u00bb button_letter_spacing__hover_enabled=\u00a0\u00bboff\u00a0\u00bb button_one_letter_spacing__hover_enabled=\u00a0\u00bboff\u00a0\u00bb button_two_letter_spacing__hover_enabled=\u00a0\u00bboff\u00a0\u00bb button_bg_color__hover_enabled=\u00a0\u00bboff\u00a0\u00bb button_one_bg_color__hover_enabled=\u00a0\u00bboff\u00a0\u00bb button_two_bg_color__hover_enabled=\u00a0\u00bboff\u00a0\u00bb background_color=\u00a0\u00bb#e5c3df\u00a0\u00bb]&nbsp;<br \/>\n[\/et_pb_search][\/et_pb_column][\/et_pb_row][et_pb_row column_padding_mobile=\u00a0\u00bbon\u00a0\u00bb admin_label=\u00a0\u00bbrow\u00a0\u00bb module_class=\u00a0\u00bb et_pb_row_fullwidth\u00a0\u00bb _builder_version=\u00a0\u00bb4.0.7&Prime; width=\u00a0\u00bb89%\u00a0\u00bb width_tablet=\u00a0\u00bb80%\u00a0\u00bb width_phone=\u00a0\u00bb\u00a0\u00bb width_last_edited=\u00a0\u00bbon|desktop\u00a0\u00bb max_width=\u00a0\u00bb89%\u00a0\u00bb max_width_tablet=\u00a0\u00bb80%\u00a0\u00bb max_width_phone=\u00a0\u00bb\u00a0\u00bb max_width_last_edited=\u00a0\u00bbon|desktop\u00a0\u00bb custom_margin=\u00a0\u00bb||||false|false\u00a0\u00bb custom_padding=\u00a0\u00bb0px|2px|0px|2px|false|false\u00a0\u00bb make_fullwidth=\u00a0\u00bbon\u00a0\u00bb use_custom_width=\u00a0\u00bboff\u00a0\u00bb width_unit=\u00a0\u00bbon\u00a0\u00bb background_size=\u00a0\u00bbinitial\u00a0\u00bb background_position=\u00a0\u00bbtop_left\u00a0\u00bb background_repeat=\u00a0\u00bbrepeat\u00a0\u00bb][et_pb_column type=\u00a0\u00bb4_4&Prime; _builder_version=\u00a0\u00bb3.25&Prime; custom_padding=\u00a0\u00bb|||\u00a0\u00bb custom_padding__hover=\u00a0\u00bb|||\u00a0\u00bb][et_pb_blog posts_number=\u00a0\u00bb25&Prime; include_categories=\u00a0\u00bb180&Prime; show_more=\u00a0\u00bbon\u00a0\u00bb show_author=\u00a0\u00bboff\u00a0\u00bb show_date=\u00a0\u00bboff\u00a0\u00bb show_categories=\u00a0\u00bboff\u00a0\u00bb admin_label=\u00a0\u00bbBlog\u00a0\u00bb module_class=\u00a0\u00bbcsfhog_blog01&Prime; _builder_version=\u00a0\u00bb4.0.7&Prime; header_font=\u00a0\u00bb|on|||\u00a0\u00bb header_font_size=\u00a0\u00bb20&Prime; body_font=\u00a0\u00bb||on||\u00a0\u00bb body_font_size=\u00a0\u00bb18&Prime; meta_font_size=\u00a0\u00bb18&Prime; meta_line_height=\u00a0\u00bb1em\u00a0\u00bb width=\u00a0\u00bb90%\u00a0\u00bb max_width=\u00a0\u00bb90%\u00a0\u00bb module_alignment=\u00a0\u00bbcenter\u00a0\u00bb custom_margin=\u00a0\u00bb||||false|false\u00a0\u00bb border_width_all=\u00a0\u00bb1px\u00a0\u00bb border_color_all=\u00a0\u00bb#d01fe0&Prime; border_style_all=\u00a0\u00bbsolid\u00a0\u00bb border_width_all_fullwidth=\u00a0\u00bb1px\u00a0\u00bb border_color_all_fullwidth=\u00a0\u00bb#d01fe0&Prime; border_style_all_fullwidth=\u00a0\u00bbsolid\u00a0\u00bb use_border_color=\u00a0\u00bbon\u00a0\u00bb border_color=\u00a0\u00bb#d01fe0&Prime; border_style=\u00a0\u00bbsolid\u00a0\u00bb use_dropshadow=\u00a0\u00bboff\u00a0\u00bb]&nbsp;<br \/>\n[\/et_pb_blog][\/et_pb_column][\/et_pb_row][\/et_pb_section]<\/p>\n","protected":false},"excerpt":{"rendered":"<p>LA CHRONIQUEEn compl\u00e9ment du site CSF \/ HOG diffuse irr\u00e9guli\u00e8rement par mail \u00e0 destination de ses membres une \u00ab\u00a0Chronique\u00a0\u00bb sous format pdf. Celle-ci permet de mettre en \u00e9vidence des nouvelles, des annonces, des articles.&nbsp; &nbsp; &nbsp;<\/p>\n","protected":false},"author":249,"featured_media":0,"parent":4496,"menu_order":0,"comment_status":"closed","ping_status":"closed","template":"","meta":{"_et_pb_use_builder":"on","_et_pb_old_content":"","_et_gb_content_width":"","footnotes":""},"class_list":["post-4627","page","type-page","status-publish","hentry"],"yoast_head":"<!-- This site is optimized with the Yoast SEO plugin v27.3 - https:\/\/yoast.com\/product\/yoast-seo-wordpress\/ -->\n<title>BlogLesChroniques - CSF - HOG<\/title>\n<meta name=\"robots\" content=\"index, follow, max-snippet:-1, max-image-preview:large, max-video-preview:-1\" \/>\n<link rel=\"canonical\" href=\"https:\/\/www.coeurssansfrontieres.com\/fr\/vie-de-csfhog\/blogleschroniques\/\" \/>\n<meta property=\"og:locale\" content=\"fr_FR\" \/>\n<meta property=\"og:type\" content=\"article\" \/>\n<meta property=\"og:title\" content=\"BlogLesChroniques - CSF - HOG\" \/>\n<meta property=\"og:description\" content=\"LA CHRONIQUEEn compl\u00e9ment du site CSF \/ HOG diffuse irr\u00e9guli\u00e8rement par mail \u00e0 destination de ses membres une &quot;Chronique&quot; sous format pdf. Celle-ci permet de mettre en \u00e9vidence des nouvelles, des annonces, des articles.&nbsp; &nbsp; &nbsp;\" \/>\n<meta property=\"og:url\" content=\"https:\/\/www.coeurssansfrontieres.com\/fr\/vie-de-csfhog\/blogleschroniques\/\" \/>\n<meta property=\"og:site_name\" content=\"CSF - HOG\" \/>\n<meta property=\"article:modified_time\" content=\"2021-05-17T14:58:16+00:00\" \/>\n<meta name=\"twitter:card\" content=\"summary_large_image\" \/>\n<meta name=\"twitter:label1\" content=\"Dur\u00e9e de lecture estim\u00e9e\" \/>\n\t<meta name=\"twitter:data1\" content=\"2 minutes\" \/>\n<script type=\"application\/ld+json\" class=\"yoast-schema-graph\">{\"@context\":\"https:\\\/\\\/schema.org\",\"@graph\":[{\"@type\":\"WebPage\",\"@id\":\"https:\\\/\\\/www.coeurssansfrontieres.com\\\/fr\\\/vie-de-csfhog\\\/blogleschroniques\\\/\",\"url\":\"https:\\\/\\\/www.coeurssansfrontieres.com\\\/fr\\\/vie-de-csfhog\\\/blogleschroniques\\\/\",\"name\":\"BlogLesChroniques - CSF - HOG\",\"isPartOf\":{\"@id\":\"https:\\\/\\\/www.coeurssansfrontieres.com\\\/fr\\\/#website\"},\"datePublished\":\"2017-08-20T15:41:54+00:00\",\"dateModified\":\"2021-05-17T14:58:16+00:00\",\"breadcrumb\":{\"@id\":\"https:\\\/\\\/www.coeurssansfrontieres.com\\\/fr\\\/vie-de-csfhog\\\/blogleschroniques\\\/#breadcrumb\"},\"inLanguage\":\"fr-FR\",\"potentialAction\":[{\"@type\":\"ReadAction\",\"target\":[\"https:\\\/\\\/www.coeurssansfrontieres.com\\\/fr\\\/vie-de-csfhog\\\/blogleschroniques\\\/\"]}]},{\"@type\":\"BreadcrumbList\",\"@id\":\"https:\\\/\\\/www.coeurssansfrontieres.com\\\/fr\\\/vie-de-csfhog\\\/blogleschroniques\\\/#breadcrumb\",\"itemListElement\":[{\"@type\":\"ListItem\",\"position\":1,\"name\":\"Accueil\",\"item\":\"https:\\\/\\\/www.coeurssansfrontieres.com\\\/fr\\\/\"},{\"@type\":\"ListItem\",\"position\":2,\"name\":\"Vie de CSFHOG\",\"item\":\"https:\\\/\\\/www.coeurssansfrontieres.com\\\/fr\\\/vie-de-csfhog\\\/\"},{\"@type\":\"ListItem\",\"position\":3,\"name\":\"BlogLesChroniques\"}]},{\"@type\":\"WebSite\",\"@id\":\"https:\\\/\\\/www.coeurssansfrontieres.com\\\/fr\\\/#website\",\"url\":\"https:\\\/\\\/www.coeurssansfrontieres.com\\\/fr\\\/\",\"name\":\"C\u0153urs sans fronti\u00e8res\",\"description\":\"Association franco-allemande des Enfants de la Seconde Guerre Mondiale\",\"potentialAction\":[{\"@type\":\"SearchAction\",\"target\":{\"@type\":\"EntryPoint\",\"urlTemplate\":\"https:\\\/\\\/www.coeurssansfrontieres.com\\\/fr\\\/?s={search_term_string}\"},\"query-input\":{\"@type\":\"PropertyValueSpecification\",\"valueRequired\":true,\"valueName\":\"search_term_string\"}}],\"inLanguage\":\"fr-FR\"}]}<\/script>\n<!-- \/ Yoast SEO plugin. -->","yoast_head_json":{"title":"BlogLesChroniques - CSF - HOG","robots":{"index":"index","follow":"follow","max-snippet":"max-snippet:-1","max-image-preview":"max-image-preview:large","max-video-preview":"max-video-preview:-1"},"canonical":"https:\/\/www.coeurssansfrontieres.com\/fr\/vie-de-csfhog\/blogleschroniques\/","og_locale":"fr_FR","og_type":"article","og_title":"BlogLesChroniques - CSF - HOG","og_description":"LA CHRONIQUEEn compl\u00e9ment du site CSF \/ HOG diffuse irr\u00e9guli\u00e8rement par mail \u00e0 destination de ses membres une \"Chronique\" sous format pdf. Celle-ci permet de mettre en \u00e9vidence des nouvelles, des annonces, des articles.&nbsp; &nbsp; &nbsp;","og_url":"https:\/\/www.coeurssansfrontieres.com\/fr\/vie-de-csfhog\/blogleschroniques\/","og_site_name":"CSF - HOG","article_modified_time":"2021-05-17T14:58:16+00:00","twitter_card":"summary_large_image","twitter_misc":{"Dur\u00e9e de lecture estim\u00e9e":"2 minutes"},"schema":{"@context":"https:\/\/schema.org","@graph":[{"@type":"WebPage","@id":"https:\/\/www.coeurssansfrontieres.com\/fr\/vie-de-csfhog\/blogleschroniques\/","url":"https:\/\/www.coeurssansfrontieres.com\/fr\/vie-de-csfhog\/blogleschroniques\/","name":"BlogLesChroniques - CSF - HOG","isPartOf":{"@id":"https:\/\/www.coeurssansfrontieres.com\/fr\/#website"},"datePublished":"2017-08-20T15:41:54+00:00","dateModified":"2021-05-17T14:58:16+00:00","breadcrumb":{"@id":"https:\/\/www.coeurssansfrontieres.com\/fr\/vie-de-csfhog\/blogleschroniques\/#breadcrumb"},"inLanguage":"fr-FR","potentialAction":[{"@type":"ReadAction","target":["https:\/\/www.coeurssansfrontieres.com\/fr\/vie-de-csfhog\/blogleschroniques\/"]}]},{"@type":"BreadcrumbList","@id":"https:\/\/www.coeurssansfrontieres.com\/fr\/vie-de-csfhog\/blogleschroniques\/#breadcrumb","itemListElement":[{"@type":"ListItem","position":1,"name":"Accueil","item":"https:\/\/www.coeurssansfrontieres.com\/fr\/"},{"@type":"ListItem","position":2,"name":"Vie de CSFHOG","item":"https:\/\/www.coeurssansfrontieres.com\/fr\/vie-de-csfhog\/"},{"@type":"ListItem","position":3,"name":"BlogLesChroniques"}]},{"@type":"WebSite","@id":"https:\/\/www.coeurssansfrontieres.com\/fr\/#website","url":"https:\/\/www.coeurssansfrontieres.com\/fr\/","name":"C\u0153urs sans fronti\u00e8res","description":"Association franco-allemande des Enfants de la Seconde Guerre Mondiale","potentialAction":[{"@type":"SearchAction","target":{"@type":"EntryPoint","urlTemplate":"https:\/\/www.coeurssansfrontieres.com\/fr\/?s={search_term_string}"},"query-input":{"@type":"PropertyValueSpecification","valueRequired":true,"valueName":"search_term_string"}}],"inLanguage":"fr-FR"}]}},"_links":{"self":[{"href":"https:\/\/www.coeurssansfrontieres.com\/fr\/wp-json\/wp\/v2\/pages\/4627","targetHints":{"allow":["GET"]}}],"collection":[{"href":"https:\/\/www.coeurssansfrontieres.com\/fr\/wp-json\/wp\/v2\/pages"}],"about":[{"href":"https:\/\/www.coeurssansfrontieres.com\/fr\/wp-json\/wp\/v2\/types\/page"}],"author":[{"embeddable":true,"href":"https:\/\/www.coeurssansfrontieres.com\/fr\/wp-json\/wp\/v2\/users\/249"}],"replies":[{"embeddable":true,"href":"https:\/\/www.coeurssansfrontieres.com\/fr\/wp-json\/wp\/v2\/comments?post=4627"}],"version-history":[{"count":0,"href":"https:\/\/www.coeurssansfrontieres.com\/fr\/wp-json\/wp\/v2\/pages\/4627\/revisions"}],"up":[{"embeddable":true,"href":"https:\/\/www.coeurssansfrontieres.com\/fr\/wp-json\/wp\/v2\/pages\/4496"}],"wp:attachment":[{"href":"https:\/\/www.coeurssansfrontieres.com\/fr\/wp-json\/wp\/v2\/media?parent=4627"}],"curies":[{"name":"wp","href":"https:\/\/api.w.org\/{rel}","templated":true}]}}