{"id":5029,"date":"2017-08-27T18:30:23","date_gmt":"2017-08-27T16:30:23","guid":{"rendered":"http:\/\/www.coeurssansfrontieres.com\/?page_id=5029\/"},"modified":"2017-08-29T11:11:15","modified_gmt":"2017-08-29T09:11:15","slug":"articles-a-reclasser-20170828","status":"publish","type":"page","link":"https:\/\/www.coeurssansfrontieres.com\/fr\/articles-a-reclasser-20170828\/","title":{"rendered":"Articles \u00e0 reclasser 20170828"},"content":{"rendered":"<p>[et_pb_section admin_label=\u00a0\u00bbsection\u00a0\u00bb][et_pb_row admin_label=\u00a0\u00bbrow\u00a0\u00bb][et_pb_column type=\u00a0\u00bb4_4&Prime;][et_pb_text admin_label=\u00a0\u00bbTexte\u00a0\u00bb background_layout=\u00a0\u00bblight\u00a0\u00bb text_orientation=\u00a0\u00bbleft\u00a0\u00bb header_font=\u00a0\u00bb|on|||\u00a0\u00bb header_text_color=\u00a0\u00bb#a55ba6&Prime; use_border_color=\u00a0\u00bbon\u00a0\u00bb border_color=\u00a0\u00bb#a55ba6&Prime; border_width=\u00a0\u00bb4&Prime; border_style=\u00a0\u00bbdouble\u00a0\u00bb custom_padding=\u00a0\u00bb10px|10px|10px|10px\u00a0\u00bb]<\/p>\n<h3 style=\"text-align: center;\"><strong>ARTICLES A RECLASSER<\/strong><\/h3>\n<p>[\/et_pb_text][\/et_pb_column][\/et_pb_row][et_pb_row admin_label=\u00a0\u00bbLigne\u00a0\u00bb make_fullwidth=\u00a0\u00bboff\u00a0\u00bb use_custom_width=\u00a0\u00bboff\u00a0\u00bb width_unit=\u00a0\u00bbon\u00a0\u00bb use_custom_gutter=\u00a0\u00bboff\u00a0\u00bb custom_padding=\u00a0\u00bb|1px||1px\u00a0\u00bb padding_mobile=\u00a0\u00bboff\u00a0\u00bb allow_player_pause=\u00a0\u00bboff\u00a0\u00bb parallax=\u00a0\u00bboff\u00a0\u00bb parallax_method=\u00a0\u00bboff\u00a0\u00bb make_equal=\u00a0\u00bboff\u00a0\u00bb parallax_1=\u00a0\u00bboff\u00a0\u00bb parallax_method_1=\u00a0\u00bboff\u00a0\u00bb parallax_2=\u00a0\u00bboff\u00a0\u00bb parallax_method_2=\u00a0\u00bboff\u00a0\u00bb column_padding_mobile=\u00a0\u00bbon\u00a0\u00bb][et_pb_column type=\u00a0\u00bb2_3&Prime;][et_pb_text admin_label=\u00a0\u00bbTexte\u00a0\u00bb background_layout=\u00a0\u00bblight\u00a0\u00bb text_orientation=\u00a0\u00bbleft\u00a0\u00bb header_font=\u00a0\u00bb|on|||\u00a0\u00bb header_text_color=\u00a0\u00bb#a55ba6&Prime; use_border_color=\u00a0\u00bbon\u00a0\u00bb border_color=\u00a0\u00bb#a55ba6&Prime; border_width=\u00a0\u00bb4&Prime; border_style=\u00a0\u00bbdouble\u00a0\u00bb custom_padding=\u00a0\u00bb10px|10px|10px|10px\u00a0\u00bb custom_margin=\u00a0\u00bb|1px||\u00a0\u00bb]<\/p>\n<p>Ci-dessous se trouve la liste des articles (environ 202) auxquels nous devons :<\/p>\n<ul>\n<li>Attribuer un sort\u00a0: \u00ab\u00a0On garde ou on garde pas\u00a0\u00bb<\/li>\n<li>Attribuer un classement de base\u00a0:\n<ul>\n<li>Identit\u00e9 de CSF<\/li>\n<li>Recherches<\/li>\n<li>Vie de l\u2019association<\/li>\n<li>Documents et t\u00e9moignages<\/li>\n<\/ul>\n<\/li>\n<\/ul>\n<p>Cette liste se pr\u00e9sente par ordre d\u00e9croissant de la date de parution des articles, du plus r\u00e9cent (2017) au plus ancien (2008).<\/p>\n<p>Pour lire un article, cliquer sur le titre en premi\u00e8re ligne du titre.<\/p>\n<p>Pour voir une liste des articles de la m\u00eame cat\u00e9gorie, cliquer sur la cat\u00e9gorie reprise en deuxi\u00e8me ligne du titre. \u00a0Ces cat\u00e9gories proviennent de diverses tentatives de classement qui ont eu leur utilit\u00e9 au cours des dix derni\u00e8res ann\u00e9es.<\/p>\n<p>[\/et_pb_text][\/et_pb_column][et_pb_column type=\u00a0\u00bb1_3&Prime;][et_pb_text admin_label=\u00a0\u00bbTexte\u00a0\u00bb background_layout=\u00a0\u00bblight\u00a0\u00bb text_orientation=\u00a0\u00bbleft\u00a0\u00bb header_font=\u00a0\u00bb|on|||\u00a0\u00bb header_text_color=\u00a0\u00bb#a55ba6&Prime; use_border_color=\u00a0\u00bbon\u00a0\u00bb border_color=\u00a0\u00bb#a55ba6&Prime; border_width=\u00a0\u00bb4&Prime; border_style=\u00a0\u00bbdouble\u00a0\u00bb custom_padding=\u00a0\u00bb5px|5px|5px|5px\u00a0\u00bb text_font_size=\u00a0\u00bb12&Prime; custom_margin=\u00a0\u00bb||5px|1px\u00a0\u00bb]<\/p>\n<p>Le bouton ci-dessous donne acc\u00e8s \u00e0 un tableau reprenant les titres des articles dans le m\u00eame ordre que ci-dessous.<\/p>\n<p>Ce tableau est accessible \u00e0 ceux qui utilisent le navigateur Google Chrome.<br \/>\nIl s&rsquo;ouvre dans une nouvelle page de telle fa\u00e7on \u00e0 pouvoir le garder ouvert tout en consultant les articles ci-dessous.<br \/>\nToute modification est automatiquement sauv\u00e9e dans le tableau.<\/p>\n<p>Les trois derni\u00e8res colonnes sont disponibles pour indiquer s&rsquo;il faut garder l&rsquo;article, dans quelle section du site et les initiales de la personne qui fait cette proposition.<\/p>\n<p>[\/et_pb_text][et_pb_button admin_label=\u00a0\u00bbBouton\u00a0\u00bb button_url=\u00a0\u00bbhttps:\/\/docs.google.com\/document\/d\/1nxL7nkazszJbUAjCgSZGeCDwcx0E3i2Up9q0cJGbruc\/edit?usp=sharing\u00a0\u00bb url_new_window=\u00a0\u00bbon\u00a0\u00bb button_text=\u00a0\u00bbDocument \u00e0 remplir\u00a0\u00bb button_alignment=\u00a0\u00bbcenter\u00a0\u00bb background_layout=\u00a0\u00bblight\u00a0\u00bb custom_button=\u00a0\u00bbon\u00a0\u00bb button_letter_spacing=\u00a0\u00bb0&Prime; button_use_icon=\u00a0\u00bbdefault\u00a0\u00bb button_icon_placement=\u00a0\u00bbleft\u00a0\u00bb button_on_hover=\u00a0\u00bboff\u00a0\u00bb button_letter_spacing_hover=\u00a0\u00bb0&Prime; button_border_radius=\u00a0\u00bb14&Prime; button_icon=\u00a0\u00bb%%75%%\u00a0\u00bb button_text_color=\u00a0\u00bb#ffffff\u00a0\u00bb button_bg_color=\u00a0\u00bb#a55ba6&Prime; button_border_color=\u00a0\u00bb#a55ba6&Prime; button_icon_color=\u00a0\u00bb#ffffff\u00a0\u00bb button_text_size=\u00a0\u00bb16&Prime;] [\/et_pb_button][\/et_pb_column][\/et_pb_row][et_pb_row admin_label=\u00a0\u00bbLigne\u00a0\u00bb][et_pb_column type=\u00a0\u00bb4_4&Prime;][et_pb_blog admin_label=\u00a0\u00bbBlog\u00a0\u00bb fullwidth=\u00a0\u00bbon\u00a0\u00bb include_categories=\u00a0\u00bb54,70,36,24,42,26,48,50,52,68,152,62,60,150,32,44,27,38,64,74,34,72,1,161,11,40,76,56,58,30,66,46,15&Prime; show_thumbnail=\u00a0\u00bboff\u00a0\u00bb show_content=\u00a0\u00bboff\u00a0\u00bb show_more=\u00a0\u00bbon\u00a0\u00bb show_author=\u00a0\u00bboff\u00a0\u00bb show_date=\u00a0\u00bbon\u00a0\u00bb show_categories=\u00a0\u00bbon\u00a0\u00bb show_comments=\u00a0\u00bboff\u00a0\u00bb show_pagination=\u00a0\u00bbon\u00a0\u00bb offset_number=\u00a0\u00bb0&Prime; use_overlay=\u00a0\u00bboff\u00a0\u00bb background_layout=\u00a0\u00bblight\u00a0\u00bb use_dropshadow=\u00a0\u00bboff\u00a0\u00bb use_border_color=\u00a0\u00bboff\u00a0\u00bb border_color=\u00a0\u00bb#ffffff\u00a0\u00bb border_style=\u00a0\u00bbsolid\u00a0\u00bb posts_number=\u00a0\u00bb220&Prime; meta_date=\u00a0\u00bbj\/m\/Y\u00a0\u00bb] [\/et_pb_blog][\/et_pb_column][\/et_pb_row][\/et_pb_section]<\/p>\n","protected":false},"excerpt":{"rendered":"<p>ARTICLES A RECLASSER Ci-dessous se trouve la liste des articles (environ 202) auxquels nous devons : Attribuer un sort\u00a0: \u00ab\u00a0On garde ou on garde pas\u00a0\u00bb Attribuer un classement de base\u00a0: Identit\u00e9 de CSF Recherches Vie de l\u2019association Documents et t\u00e9moignages Cette liste se pr\u00e9sente par ordre d\u00e9croissant de la date de parution des articles, du [&hellip;]<\/p>\n","protected":false},"author":249,"featured_media":0,"parent":0,"menu_order":0,"comment_status":"closed","ping_status":"closed","template":"page-template-blank.php","meta":{"_et_pb_use_builder":"on","_et_pb_old_content":"","_et_gb_content_width":"","footnotes":""},"class_list":["post-5029","page","type-page","status-publish","hentry"],"yoast_head":"<!-- This site is optimized with the Yoast SEO plugin v27.6 - https:\/\/yoast.com\/product\/yoast-seo-wordpress\/ -->\n<title>Articles \u00e0 reclasser 20170828 - CSF - HOG<\/title>\n<meta name=\"robots\" content=\"index, follow, max-snippet:-1, max-image-preview:large, max-video-preview:-1\" \/>\n<link rel=\"canonical\" href=\"https:\/\/www.coeurssansfrontieres.com\/fr\/articles-a-reclasser-20170828\/\" \/>\n<meta property=\"og:locale\" content=\"fr_FR\" \/>\n<meta property=\"og:type\" content=\"article\" \/>\n<meta property=\"og:title\" content=\"Articles \u00e0 reclasser 20170828 - CSF - HOG\" \/>\n<meta property=\"og:description\" content=\"ARTICLES A RECLASSER Ci-dessous se trouve la liste des articles (environ 202) auxquels nous devons : Attribuer un sort\u00a0: \u00ab\u00a0On garde ou on garde pas\u00a0\u00bb Attribuer un classement de base\u00a0: Identit\u00e9 de CSF Recherches Vie de l\u2019association Documents et t\u00e9moignages Cette liste se pr\u00e9sente par ordre d\u00e9croissant de la date de parution des articles, du [&hellip;]\" \/>\n<meta property=\"og:url\" content=\"https:\/\/www.coeurssansfrontieres.com\/fr\/articles-a-reclasser-20170828\/\" \/>\n<meta property=\"og:site_name\" content=\"CSF - HOG\" \/>\n<meta property=\"article:modified_time\" content=\"2017-08-29T09:11:15+00:00\" \/>\n<meta name=\"twitter:card\" content=\"summary_large_image\" \/>\n<meta name=\"twitter:label1\" content=\"Dur\u00e9e de lecture estim\u00e9e\" \/>\n\t<meta name=\"twitter:data1\" content=\"3 minutes\" \/>\n<script type=\"application\/ld+json\" class=\"yoast-schema-graph\">{\"@context\":\"https:\\\/\\\/schema.org\",\"@graph\":[{\"@type\":\"WebPage\",\"@id\":\"https:\\\/\\\/www.coeurssansfrontieres.com\\\/fr\\\/articles-a-reclasser-20170828\\\/\",\"url\":\"https:\\\/\\\/www.coeurssansfrontieres.com\\\/fr\\\/articles-a-reclasser-20170828\\\/\",\"name\":\"Articles \u00e0 reclasser 20170828 - CSF - HOG\",\"isPartOf\":{\"@id\":\"https:\\\/\\\/www.coeurssansfrontieres.com\\\/fr\\\/#website\"},\"datePublished\":\"2017-08-27T16:30:23+00:00\",\"dateModified\":\"2017-08-29T09:11:15+00:00\",\"breadcrumb\":{\"@id\":\"https:\\\/\\\/www.coeurssansfrontieres.com\\\/fr\\\/articles-a-reclasser-20170828\\\/#breadcrumb\"},\"inLanguage\":\"fr-FR\",\"potentialAction\":[{\"@type\":\"ReadAction\",\"target\":[\"https:\\\/\\\/www.coeurssansfrontieres.com\\\/fr\\\/articles-a-reclasser-20170828\\\/\"]}]},{\"@type\":\"BreadcrumbList\",\"@id\":\"https:\\\/\\\/www.coeurssansfrontieres.com\\\/fr\\\/articles-a-reclasser-20170828\\\/#breadcrumb\",\"itemListElement\":[{\"@type\":\"ListItem\",\"position\":1,\"name\":\"Accueil\",\"item\":\"https:\\\/\\\/www.coeurssansfrontieres.com\\\/fr\\\/\"},{\"@type\":\"ListItem\",\"position\":2,\"name\":\"Articles \u00e0 reclasser 20170828\"}]},{\"@type\":\"WebSite\",\"@id\":\"https:\\\/\\\/www.coeurssansfrontieres.com\\\/fr\\\/#website\",\"url\":\"https:\\\/\\\/www.coeurssansfrontieres.com\\\/fr\\\/\",\"name\":\"C\u0153urs sans fronti\u00e8res\",\"description\":\"Association franco-allemande des Enfants de la Seconde Guerre Mondiale\",\"potentialAction\":[{\"@type\":\"SearchAction\",\"target\":{\"@type\":\"EntryPoint\",\"urlTemplate\":\"https:\\\/\\\/www.coeurssansfrontieres.com\\\/fr\\\/?s={search_term_string}\"},\"query-input\":{\"@type\":\"PropertyValueSpecification\",\"valueRequired\":true,\"valueName\":\"search_term_string\"}}],\"inLanguage\":\"fr-FR\"}]}<\/script>\n<!-- \/ Yoast SEO plugin. -->","yoast_head_json":{"title":"Articles \u00e0 reclasser 20170828 - CSF - HOG","robots":{"index":"index","follow":"follow","max-snippet":"max-snippet:-1","max-image-preview":"max-image-preview:large","max-video-preview":"max-video-preview:-1"},"canonical":"https:\/\/www.coeurssansfrontieres.com\/fr\/articles-a-reclasser-20170828\/","og_locale":"fr_FR","og_type":"article","og_title":"Articles \u00e0 reclasser 20170828 - CSF - HOG","og_description":"ARTICLES A RECLASSER Ci-dessous se trouve la liste des articles (environ 202) auxquels nous devons : Attribuer un sort\u00a0: \u00ab\u00a0On garde ou on garde pas\u00a0\u00bb Attribuer un classement de base\u00a0: Identit\u00e9 de CSF Recherches Vie de l\u2019association Documents et t\u00e9moignages Cette liste se pr\u00e9sente par ordre d\u00e9croissant de la date de parution des articles, du [&hellip;]","og_url":"https:\/\/www.coeurssansfrontieres.com\/fr\/articles-a-reclasser-20170828\/","og_site_name":"CSF - HOG","article_modified_time":"2017-08-29T09:11:15+00:00","twitter_card":"summary_large_image","twitter_misc":{"Dur\u00e9e de lecture estim\u00e9e":"3 minutes"},"schema":{"@context":"https:\/\/schema.org","@graph":[{"@type":"WebPage","@id":"https:\/\/www.coeurssansfrontieres.com\/fr\/articles-a-reclasser-20170828\/","url":"https:\/\/www.coeurssansfrontieres.com\/fr\/articles-a-reclasser-20170828\/","name":"Articles \u00e0 reclasser 20170828 - CSF - HOG","isPartOf":{"@id":"https:\/\/www.coeurssansfrontieres.com\/fr\/#website"},"datePublished":"2017-08-27T16:30:23+00:00","dateModified":"2017-08-29T09:11:15+00:00","breadcrumb":{"@id":"https:\/\/www.coeurssansfrontieres.com\/fr\/articles-a-reclasser-20170828\/#breadcrumb"},"inLanguage":"fr-FR","potentialAction":[{"@type":"ReadAction","target":["https:\/\/www.coeurssansfrontieres.com\/fr\/articles-a-reclasser-20170828\/"]}]},{"@type":"BreadcrumbList","@id":"https:\/\/www.coeurssansfrontieres.com\/fr\/articles-a-reclasser-20170828\/#breadcrumb","itemListElement":[{"@type":"ListItem","position":1,"name":"Accueil","item":"https:\/\/www.coeurssansfrontieres.com\/fr\/"},{"@type":"ListItem","position":2,"name":"Articles \u00e0 reclasser 20170828"}]},{"@type":"WebSite","@id":"https:\/\/www.coeurssansfrontieres.com\/fr\/#website","url":"https:\/\/www.coeurssansfrontieres.com\/fr\/","name":"C\u0153urs sans fronti\u00e8res","description":"Association franco-allemande des Enfants de la Seconde Guerre Mondiale","potentialAction":[{"@type":"SearchAction","target":{"@type":"EntryPoint","urlTemplate":"https:\/\/www.coeurssansfrontieres.com\/fr\/?s={search_term_string}"},"query-input":{"@type":"PropertyValueSpecification","valueRequired":true,"valueName":"search_term_string"}}],"inLanguage":"fr-FR"}]}},"_links":{"self":[{"href":"https:\/\/www.coeurssansfrontieres.com\/fr\/wp-json\/wp\/v2\/pages\/5029","targetHints":{"allow":["GET"]}}],"collection":[{"href":"https:\/\/www.coeurssansfrontieres.com\/fr\/wp-json\/wp\/v2\/pages"}],"about":[{"href":"https:\/\/www.coeurssansfrontieres.com\/fr\/wp-json\/wp\/v2\/types\/page"}],"author":[{"embeddable":true,"href":"https:\/\/www.coeurssansfrontieres.com\/fr\/wp-json\/wp\/v2\/users\/249"}],"replies":[{"embeddable":true,"href":"https:\/\/www.coeurssansfrontieres.com\/fr\/wp-json\/wp\/v2\/comments?post=5029"}],"version-history":[{"count":0,"href":"https:\/\/www.coeurssansfrontieres.com\/fr\/wp-json\/wp\/v2\/pages\/5029\/revisions"}],"wp:attachment":[{"href":"https:\/\/www.coeurssansfrontieres.com\/fr\/wp-json\/wp\/v2\/media?parent=5029"}],"curies":[{"name":"wp","href":"https:\/\/api.w.org\/{rel}","templated":true}]}}