{"id":5799,"date":"2017-09-23T15:59:27","date_gmt":"2017-09-23T13:59:27","guid":{"rendered":"http:\/\/www.coeurssansfrontieres.com\/?page_id=5799"},"modified":"2017-09-23T16:40:13","modified_gmt":"2017-09-23T14:40:13","slug":"contact-exceptionnel-610","status":"publish","type":"page","link":"https:\/\/www.coeurssansfrontieres.com\/fr\/accueil201805-2\/accueil-new\/contact-exceptionnel-610\/","title":{"rendered":"Contact exceptionnel 610"},"content":{"rendered":"<p>[et_pb_section admin_label=\u00a0\u00bbsection\u00a0\u00bb][et_pb_row admin_label=\u00a0\u00bbrow\u00a0\u00bb][et_pb_column type=\u00a0\u00bb4_4&Prime;][et_pb_team_member admin_label=\u00a0\u00bbPersonne\u00a0\u00bb name=\u00a0\u00bbGestionnaires &#8211; Manager\u00a0\u00bb animation=\u00a0\u00bboff\u00a0\u00bb background_layout=\u00a0\u00bblight\u00a0\u00bb use_border_color=\u00a0\u00bboff\u00a0\u00bb border_color=\u00a0\u00bb#ffffff\u00a0\u00bb border_style=\u00a0\u00bbsolid\u00a0\u00bb header_font_size=\u00a0\u00bb30&Prime; header_font=\u00a0\u00bb|on|||\u00a0\u00bb body_font=\u00a0\u00bb|on|||\u00a0\u00bb body_font_size=\u00a0\u00bb24&Prime; header_line_height=\u00a0\u00bb2em\u00a0\u00bb]<\/p>\n<p class=\"entry-title\" style=\"text-align: left;\"><strong>Recherche 610 &#8211; Robert Durand \u2013\u00a0Rotes Gut \u2013 Gottfried B\u00f6ttger<\/strong><\/p>\n<p>[\/et_pb_team_member][\/et_pb_column][\/et_pb_row][et_pb_row admin_label=\u00a0\u00bbrow\u00a0\u00bb][et_pb_column type=\u00a0\u00bb4_4&Prime;][et_pb_contact_form admin_label=\u00a0\u00bbFormulaire de contact\u00a0\u00bb captcha=\u00a0\u00bbon\u00a0\u00bb email=\u00a0\u00bbcoeurssansfrontieres-lequentrec@laposte.net,cwoehrle@laposte.net\u00a0\u00bb use_redirect=\u00a0\u00bboff\u00a0\u00bb success_message=\u00a0\u00bbMerci pour votre message.\u00a0\u00bb input_border_radius=\u00a0\u00bb0&Prime; use_border_color=\u00a0\u00bboff\u00a0\u00bb border_color=\u00a0\u00bb#ffffff\u00a0\u00bb border_style=\u00a0\u00bbsolid\u00a0\u00bb custom_button=\u00a0\u00bboff\u00a0\u00bb button_letter_spacing=\u00a0\u00bb0&Prime; button_use_icon=\u00a0\u00bbdefault\u00a0\u00bb button_icon_placement=\u00a0\u00bbright\u00a0\u00bb button_on_hover=\u00a0\u00bbon\u00a0\u00bb button_letter_spacing_hover=\u00a0\u00bb0&Prime; custom_message=\u00a0\u00bbMessage<\/p>\n<p>%%message%%<\/p>\n<p>Email de l&rsquo;exp\u00e9diteur :<\/p>\n<p>%%Email%%<\/p>\n<p>\u00ab\u00a0] [et_pb_contact_field field_title=\u00a0\u00bbNom\u00a0\u00bb field_type=\u00a0\u00bbinput\u00a0\u00bb field_id=\u00a0\u00bbName\u00a0\u00bb required_mark=\u00a0\u00bbon\u00a0\u00bb fullwidth_field=\u00a0\u00bboff\u00a0\u00bb] [\/et_pb_contact_field][et_pb_contact_field field_title=\u00a0\u00bbVotre adresse e-mail (champ obligatoire)\u00a0\u00bb field_type=\u00a0\u00bbemail\u00a0\u00bb field_id=\u00a0\u00bbEmail\u00a0\u00bb required_mark=\u00a0\u00bbon\u00a0\u00bb fullwidth_field=\u00a0\u00bboff\u00a0\u00bb form_field_font_select=\u00a0\u00bbdefault\u00a0\u00bb form_field_font=\u00a0\u00bb||||\u00a0\u00bb use_border_color=\u00a0\u00bboff\u00a0\u00bb border_style=\u00a0\u00bbsolid\u00a0\u00bb] [\/et_pb_contact_field][et_pb_contact_field field_id=\u00a0\u00bbObject\u00a0\u00bb field_title=\u00a0\u00bbObjet\u00a0\u00bb field_type=\u00a0\u00bbinput\u00a0\u00bb required_mark=\u00a0\u00bbon\u00a0\u00bb fullwidth_field=\u00a0\u00bbon\u00a0\u00bb form_field_font_select=\u00a0\u00bbdefault\u00a0\u00bb form_field_font=\u00a0\u00bb||||\u00a0\u00bb use_border_color=\u00a0\u00bboff\u00a0\u00bb border_style=\u00a0\u00bbsolid\u00a0\u00bb] [\/et_pb_contact_field][et_pb_contact_field field_title=\u00a0\u00bbMessage\u00a0\u00bb field_type=\u00a0\u00bbtext\u00a0\u00bb field_id=\u00a0\u00bbMessage\u00a0\u00bb required_mark=\u00a0\u00bbon\u00a0\u00bb] [\/et_pb_contact_field][et_pb_contact_field field_id=\u00a0\u00bbInformation\u00a0\u00bb field_title=\u00a0\u00bbAdditionnez les deux chiffres ci-dessous \u00e0 droite et notez le r\u00e9sultat dans la case apr\u00e8s le signe =\u00a0\u00bb field_type=\u00a0\u00bbinput\u00a0\u00bb required_mark=\u00a0\u00bboff\u00a0\u00bb fullwidth_field=\u00a0\u00bbon\u00a0\u00bb form_field_font_select=\u00a0\u00bbdefault\u00a0\u00bb form_field_font=\u00a0\u00bb||||\u00a0\u00bb use_border_color=\u00a0\u00bboff\u00a0\u00bb border_style=\u00a0\u00bbsolid\u00a0\u00bb] [\/et_pb_contact_field] [\/et_pb_contact_form][\/et_pb_column][\/et_pb_row][\/et_pb_section]<\/p>\n","protected":false},"excerpt":{"rendered":"<p>Recherche 610 &#8211; Robert Durand \u2013\u00a0Rotes Gut \u2013 Gottfried B\u00f6ttger<\/p>\n","protected":false},"author":249,"featured_media":0,"parent":3830,"menu_order":0,"comment_status":"closed","ping_status":"closed","template":"","meta":{"_et_pb_use_builder":"on","_et_pb_old_content":"","_et_gb_content_width":"","footnotes":""},"class_list":["post-5799","page","type-page","status-publish","hentry"],"yoast_head":"<!-- This site is optimized with the Yoast SEO plugin v27.3 - https:\/\/yoast.com\/product\/yoast-seo-wordpress\/ -->\n<title>Contact exceptionnel 610 - CSF - HOG<\/title>\n<meta name=\"robots\" content=\"index, follow, max-snippet:-1, max-image-preview:large, max-video-preview:-1\" \/>\n<link rel=\"canonical\" href=\"https:\/\/www.coeurssansfrontieres.com\/fr\/accueil201805-2\/accueil-new\/contact-exceptionnel-610\/\" \/>\n<meta property=\"og:locale\" content=\"fr_FR\" \/>\n<meta property=\"og:type\" content=\"article\" \/>\n<meta property=\"og:title\" content=\"Contact exceptionnel 610 - CSF - HOG\" \/>\n<meta property=\"og:description\" content=\"Recherche 610 - Robert Durand \u2013\u00a0Rotes Gut \u2013 Gottfried B\u00f6ttger\" \/>\n<meta property=\"og:url\" content=\"https:\/\/www.coeurssansfrontieres.com\/fr\/accueil201805-2\/accueil-new\/contact-exceptionnel-610\/\" \/>\n<meta property=\"og:site_name\" content=\"CSF - HOG\" \/>\n<meta property=\"article:modified_time\" content=\"2017-09-23T14:40:13+00:00\" \/>\n<meta name=\"twitter:card\" content=\"summary_large_image\" \/>\n<meta name=\"twitter:label1\" content=\"Dur\u00e9e de lecture estim\u00e9e\" \/>\n\t<meta name=\"twitter:data1\" content=\"2 minutes\" \/>\n<script type=\"application\/ld+json\" class=\"yoast-schema-graph\">{\"@context\":\"https:\\\/\\\/schema.org\",\"@graph\":[{\"@type\":\"WebPage\",\"@id\":\"https:\\\/\\\/www.coeurssansfrontieres.com\\\/fr\\\/accueil201805-2\\\/accueil-new\\\/contact-exceptionnel-610\\\/\",\"url\":\"https:\\\/\\\/www.coeurssansfrontieres.com\\\/fr\\\/accueil201805-2\\\/accueil-new\\\/contact-exceptionnel-610\\\/\",\"name\":\"Contact exceptionnel 610 - CSF - HOG\",\"isPartOf\":{\"@id\":\"https:\\\/\\\/www.coeurssansfrontieres.com\\\/fr\\\/#website\"},\"datePublished\":\"2017-09-23T13:59:27+00:00\",\"dateModified\":\"2017-09-23T14:40:13+00:00\",\"breadcrumb\":{\"@id\":\"https:\\\/\\\/www.coeurssansfrontieres.com\\\/fr\\\/accueil201805-2\\\/accueil-new\\\/contact-exceptionnel-610\\\/#breadcrumb\"},\"inLanguage\":\"fr-FR\",\"potentialAction\":[{\"@type\":\"ReadAction\",\"target\":[\"https:\\\/\\\/www.coeurssansfrontieres.com\\\/fr\\\/accueil201805-2\\\/accueil-new\\\/contact-exceptionnel-610\\\/\"]}]},{\"@type\":\"BreadcrumbList\",\"@id\":\"https:\\\/\\\/www.coeurssansfrontieres.com\\\/fr\\\/accueil201805-2\\\/accueil-new\\\/contact-exceptionnel-610\\\/#breadcrumb\",\"itemListElement\":[{\"@type\":\"ListItem\",\"position\":1,\"name\":\"Accueil\",\"item\":\"https:\\\/\\\/www.coeurssansfrontieres.com\\\/fr\\\/\"},{\"@type\":\"ListItem\",\"position\":2,\"name\":\"CSF HOG accueil\",\"item\":\"https:\\\/\\\/www.coeurssansfrontieres.com\\\/fr\\\/\"},{\"@type\":\"ListItem\",\"position\":3,\"name\":\"accueil new\",\"item\":\"https:\\\/\\\/www.coeurssansfrontieres.com\\\/fr\\\/?page_id=3830\"},{\"@type\":\"ListItem\",\"position\":4,\"name\":\"Contact exceptionnel 610\"}]},{\"@type\":\"WebSite\",\"@id\":\"https:\\\/\\\/www.coeurssansfrontieres.com\\\/fr\\\/#website\",\"url\":\"https:\\\/\\\/www.coeurssansfrontieres.com\\\/fr\\\/\",\"name\":\"C\u0153urs sans fronti\u00e8res\",\"description\":\"Association franco-allemande des Enfants de la Seconde Guerre Mondiale\",\"potentialAction\":[{\"@type\":\"SearchAction\",\"target\":{\"@type\":\"EntryPoint\",\"urlTemplate\":\"https:\\\/\\\/www.coeurssansfrontieres.com\\\/fr\\\/?s={search_term_string}\"},\"query-input\":{\"@type\":\"PropertyValueSpecification\",\"valueRequired\":true,\"valueName\":\"search_term_string\"}}],\"inLanguage\":\"fr-FR\"}]}<\/script>\n<!-- \/ Yoast SEO plugin. -->","yoast_head_json":{"title":"Contact exceptionnel 610 - CSF - HOG","robots":{"index":"index","follow":"follow","max-snippet":"max-snippet:-1","max-image-preview":"max-image-preview:large","max-video-preview":"max-video-preview:-1"},"canonical":"https:\/\/www.coeurssansfrontieres.com\/fr\/accueil201805-2\/accueil-new\/contact-exceptionnel-610\/","og_locale":"fr_FR","og_type":"article","og_title":"Contact exceptionnel 610 - CSF - HOG","og_description":"Recherche 610 - Robert Durand \u2013\u00a0Rotes Gut \u2013 Gottfried B\u00f6ttger","og_url":"https:\/\/www.coeurssansfrontieres.com\/fr\/accueil201805-2\/accueil-new\/contact-exceptionnel-610\/","og_site_name":"CSF - HOG","article_modified_time":"2017-09-23T14:40:13+00:00","twitter_card":"summary_large_image","twitter_misc":{"Dur\u00e9e de lecture estim\u00e9e":"2 minutes"},"schema":{"@context":"https:\/\/schema.org","@graph":[{"@type":"WebPage","@id":"https:\/\/www.coeurssansfrontieres.com\/fr\/accueil201805-2\/accueil-new\/contact-exceptionnel-610\/","url":"https:\/\/www.coeurssansfrontieres.com\/fr\/accueil201805-2\/accueil-new\/contact-exceptionnel-610\/","name":"Contact exceptionnel 610 - CSF - HOG","isPartOf":{"@id":"https:\/\/www.coeurssansfrontieres.com\/fr\/#website"},"datePublished":"2017-09-23T13:59:27+00:00","dateModified":"2017-09-23T14:40:13+00:00","breadcrumb":{"@id":"https:\/\/www.coeurssansfrontieres.com\/fr\/accueil201805-2\/accueil-new\/contact-exceptionnel-610\/#breadcrumb"},"inLanguage":"fr-FR","potentialAction":[{"@type":"ReadAction","target":["https:\/\/www.coeurssansfrontieres.com\/fr\/accueil201805-2\/accueil-new\/contact-exceptionnel-610\/"]}]},{"@type":"BreadcrumbList","@id":"https:\/\/www.coeurssansfrontieres.com\/fr\/accueil201805-2\/accueil-new\/contact-exceptionnel-610\/#breadcrumb","itemListElement":[{"@type":"ListItem","position":1,"name":"Accueil","item":"https:\/\/www.coeurssansfrontieres.com\/fr\/"},{"@type":"ListItem","position":2,"name":"CSF HOG accueil","item":"https:\/\/www.coeurssansfrontieres.com\/fr\/"},{"@type":"ListItem","position":3,"name":"accueil new","item":"https:\/\/www.coeurssansfrontieres.com\/fr\/?page_id=3830"},{"@type":"ListItem","position":4,"name":"Contact exceptionnel 610"}]},{"@type":"WebSite","@id":"https:\/\/www.coeurssansfrontieres.com\/fr\/#website","url":"https:\/\/www.coeurssansfrontieres.com\/fr\/","name":"C\u0153urs sans fronti\u00e8res","description":"Association franco-allemande des Enfants de la Seconde Guerre Mondiale","potentialAction":[{"@type":"SearchAction","target":{"@type":"EntryPoint","urlTemplate":"https:\/\/www.coeurssansfrontieres.com\/fr\/?s={search_term_string}"},"query-input":{"@type":"PropertyValueSpecification","valueRequired":true,"valueName":"search_term_string"}}],"inLanguage":"fr-FR"}]}},"_links":{"self":[{"href":"https:\/\/www.coeurssansfrontieres.com\/fr\/wp-json\/wp\/v2\/pages\/5799","targetHints":{"allow":["GET"]}}],"collection":[{"href":"https:\/\/www.coeurssansfrontieres.com\/fr\/wp-json\/wp\/v2\/pages"}],"about":[{"href":"https:\/\/www.coeurssansfrontieres.com\/fr\/wp-json\/wp\/v2\/types\/page"}],"author":[{"embeddable":true,"href":"https:\/\/www.coeurssansfrontieres.com\/fr\/wp-json\/wp\/v2\/users\/249"}],"replies":[{"embeddable":true,"href":"https:\/\/www.coeurssansfrontieres.com\/fr\/wp-json\/wp\/v2\/comments?post=5799"}],"version-history":[{"count":0,"href":"https:\/\/www.coeurssansfrontieres.com\/fr\/wp-json\/wp\/v2\/pages\/5799\/revisions"}],"up":[{"embeddable":true,"href":"https:\/\/www.coeurssansfrontieres.com\/fr\/wp-json\/wp\/v2\/pages\/3830"}],"wp:attachment":[{"href":"https:\/\/www.coeurssansfrontieres.com\/fr\/wp-json\/wp\/v2\/media?parent=5799"}],"curies":[{"name":"wp","href":"https:\/\/api.w.org\/{rel}","templated":true}]}}