{"id":584,"date":"2012-04-03T12:20:54","date_gmt":"2012-04-03T10:20:54","guid":{"rendered":"http:\/\/www.coeurssansfrontieres.com\/presentation-de-lassociation\/pa\/organisation-regionale\/"},"modified":"2017-11-05T16:50:54","modified_gmt":"2017-11-05T15:50:54","slug":"organisation-regionale","status":"publish","type":"page","link":"https:\/\/www.coeurssansfrontieres.com\/fr\/accueil201805-2\/accueil-new\/organisation-regionale\/","title":{"rendered":"Organisation r\u00e9gionale"},"content":{"rendered":"<p>[et_pb_section admin_label=\u00a0\u00bbsection\u00a0\u00bb][et_pb_row admin_label=\u00a0\u00bbLigne\u00a0\u00bb make_fullwidth=\u00a0\u00bbon\u00a0\u00bb use_custom_width=\u00a0\u00bboff\u00a0\u00bb width_unit=\u00a0\u00bbon\u00a0\u00bb use_custom_gutter=\u00a0\u00bboff\u00a0\u00bb padding_mobile=\u00a0\u00bboff\u00a0\u00bb allow_player_pause=\u00a0\u00bboff\u00a0\u00bb parallax=\u00a0\u00bboff\u00a0\u00bb parallax_method=\u00a0\u00bboff\u00a0\u00bb make_equal=\u00a0\u00bboff\u00a0\u00bb parallax_1=\u00a0\u00bboff\u00a0\u00bb parallax_method_1=\u00a0\u00bboff\u00a0\u00bb parallax_2=\u00a0\u00bboff\u00a0\u00bb parallax_method_2=\u00a0\u00bboff\u00a0\u00bb column_padding_mobile=\u00a0\u00bbon\u00a0\u00bb custom_margin=\u00a0\u00bb0px||0px|\u00a0\u00bb padding_bottom_1=\u00a0\u00bb0px\u00a0\u00bb padding_bottom_2=\u00a0\u00bb0px\u00a0\u00bb padding_top_1=\u00a0\u00bb0px\u00a0\u00bb padding_top_2=\u00a0\u00bb0px\u00a0\u00bb][et_pb_column type=\u00a0\u00bb3_4&Prime;][et_pb_post_title admin_label=\u00a0\u00bbTitre du poste\u00a0\u00bb title=\u00a0\u00bbon\u00a0\u00bb meta=\u00a0\u00bboff\u00a0\u00bb author=\u00a0\u00bbon\u00a0\u00bb date=\u00a0\u00bbon\u00a0\u00bb categories=\u00a0\u00bbon\u00a0\u00bb comments=\u00a0\u00bbon\u00a0\u00bb featured_image=\u00a0\u00bboff\u00a0\u00bb featured_placement=\u00a0\u00bbbelow\u00a0\u00bb parallax_effect=\u00a0\u00bbon\u00a0\u00bb parallax_method=\u00a0\u00bbon\u00a0\u00bb text_orientation=\u00a0\u00bbcenter\u00a0\u00bb text_color=\u00a0\u00bbdark\u00a0\u00bb text_background=\u00a0\u00bboff\u00a0\u00bb text_bg_color=\u00a0\u00bbrgba(255,255,255,0.9)\u00a0\u00bb module_bg_color=\u00a0\u00bbrgba(255,255,255,0)\u00a0\u00bb title_all_caps=\u00a0\u00bboff\u00a0\u00bb use_border_color=\u00a0\u00bbon\u00a0\u00bb border_color=\u00a0\u00bb#a55ba6&Prime; border_style=\u00a0\u00bbsolid\u00a0\u00bb title_font=\u00a0\u00bb|on||on|\u00a0\u00bb title_font_size=\u00a0\u00bb30px\u00a0\u00bb title_text_color=\u00a0\u00bb#a55ba6&Prime; border_width=\u00a0\u00bb4px\u00a0\u00bb custom_padding=\u00a0\u00bb10px|10px|0px|10px\u00a0\u00bb custom_margin=\u00a0\u00bb40px|||\u00a0\u00bb] [\/et_pb_post_title][\/et_pb_column][et_pb_column type=\u00a0\u00bb1_4&Prime;][et_pb_image admin_label=\u00a0\u00bbImage\u00a0\u00bb src=\u00a0\u00bbhttps:\/\/www.coeurssansfrontieres.com\/wp-content\/uploads\/2016\/07\/favicon.png\u00a0\u00bb show_in_lightbox=\u00a0\u00bboff\u00a0\u00bb url_new_window=\u00a0\u00bboff\u00a0\u00bb use_overlay=\u00a0\u00bboff\u00a0\u00bb animation=\u00a0\u00bboff\u00a0\u00bb sticky=\u00a0\u00bbon\u00a0\u00bb align=\u00a0\u00bbcenter\u00a0\u00bb force_fullwidth=\u00a0\u00bbon\u00a0\u00bb always_center_on_mobile=\u00a0\u00bbon\u00a0\u00bb use_border_color=\u00a0\u00bboff\u00a0\u00bb border_color=\u00a0\u00bb#ffffff\u00a0\u00bb border_style=\u00a0\u00bbsolid\u00a0\u00bb custom_margin=\u00a0\u00bb2px||-40px|\u00a0\u00bb max_width=\u00a0\u00bb150px\u00a0\u00bb] [\/et_pb_image][\/et_pb_column][\/et_pb_row][et_pb_row admin_label=\u00a0\u00bbrow\u00a0\u00bb make_fullwidth=\u00a0\u00bbon\u00a0\u00bb use_custom_width=\u00a0\u00bboff\u00a0\u00bb width_unit=\u00a0\u00bbon\u00a0\u00bb use_custom_gutter=\u00a0\u00bboff\u00a0\u00bb padding_mobile=\u00a0\u00bboff\u00a0\u00bb allow_player_pause=\u00a0\u00bboff\u00a0\u00bb parallax=\u00a0\u00bboff\u00a0\u00bb parallax_method=\u00a0\u00bboff\u00a0\u00bb make_equal=\u00a0\u00bboff\u00a0\u00bb parallax_1=\u00a0\u00bboff\u00a0\u00bb parallax_method_1=\u00a0\u00bboff\u00a0\u00bb parallax_2=\u00a0\u00bboff\u00a0\u00bb parallax_method_2=\u00a0\u00bboff\u00a0\u00bb column_padding_mobile=\u00a0\u00bbon\u00a0\u00bb custom_padding=\u00a0\u00bb||0px|\u00a0\u00bb custom_margin=\u00a0\u00bb0px||0px|\u00a0\u00bb padding_top_1=\u00a0\u00bb0px\u00a0\u00bb padding_bottom_1=\u00a0\u00bb0px\u00a0\u00bb][et_pb_column type=\u00a0\u00bb4_4&Prime;][et_pb_text admin_label=\u00a0\u00bbTexte\u00a0\u00bb background_layout=\u00a0\u00bblight\u00a0\u00bb text_orientation=\u00a0\u00bbleft\u00a0\u00bb use_border_color=\u00a0\u00bboff\u00a0\u00bb border_color=\u00a0\u00bb#a55ba6&Prime; border_style=\u00a0\u00bbsolid\u00a0\u00bb text_line_height=\u00a0\u00bb1.2em\u00a0\u00bb custom_margin=\u00a0\u00bb0px|||\u00a0\u00bb custom_padding=\u00a0\u00bb0px|||\u00a0\u00bb]<\/p>\n<p>Dans chaque r\u00e9gion, un b\u00e9n\u00e9vole \u00ab\u00a0D\u00e9l\u00e9gu\u00e9 r\u00e9gional\u00a0\u00bb, constitue le lien privil\u00e9gi\u00e9 avec l\u2019adh\u00e9rent. Il est \u00e0 son \u00e9coute, conna\u00eet son histoire et l\u2019aide pour ses recherches.<br \/>\nLes d\u00e9l\u00e9gu\u00e9s r\u00e9gionaux savent ce qu&rsquo;est \u00ab\u00a0\u00eatre enfant de la guerre\u00a0\u00bb. Certains sont encore en recherche, d&rsquo;autres ont abouti, ils sont pass\u00e9s par les m\u00eames difficult\u00e9s que ceux qu\u2019ils \u00e9paulent, ont acquis progressivement une exp\u00e9rience qu&rsquo;ils mettent \u00e0 disposition.<\/p>\n<p>Le temps pass\u00e9, des d\u00e9cennies de silence et de secret compliquent les d\u00e9marches, toutefois il est possible d&rsquo;aboutir, chaque ann\u00e9e nous nous r\u00e9jouissons de voir des familles se retrouver, des myst\u00e8res s&rsquo;\u00e9claircir.<br \/>\nCependant, il est certain que le trajet vers ces victoires n&rsquo;est pas de tout repos, il est pr\u00e9f\u00e9rable de ne pas faire cette route tout seul, le d\u00e9l\u00e9gu\u00e9 r\u00e9gional accompagne et soutient par son \u00e9coute et ses conseils.<\/p>\n<p>[\/et_pb_text][\/et_pb_column][\/et_pb_row][et_pb_row admin_label=\u00a0\u00bbrow\u00a0\u00bb make_fullwidth=\u00a0\u00bbon\u00a0\u00bb use_custom_width=\u00a0\u00bboff\u00a0\u00bb width_unit=\u00a0\u00bbon\u00a0\u00bb use_custom_gutter=\u00a0\u00bboff\u00a0\u00bb padding_mobile=\u00a0\u00bboff\u00a0\u00bb allow_player_pause=\u00a0\u00bboff\u00a0\u00bb parallax=\u00a0\u00bboff\u00a0\u00bb parallax_method=\u00a0\u00bboff\u00a0\u00bb make_equal=\u00a0\u00bboff\u00a0\u00bb parallax_1=\u00a0\u00bboff\u00a0\u00bb parallax_method_1=\u00a0\u00bboff\u00a0\u00bb parallax_2=\u00a0\u00bboff\u00a0\u00bb parallax_method_2=\u00a0\u00bboff\u00a0\u00bb column_padding_mobile=\u00a0\u00bbon\u00a0\u00bb][et_pb_column type=\u00a0\u00bb1_2&Prime;][et_pb_text admin_label=\u00a0\u00bbTexte\u00a0\u00bb background_layout=\u00a0\u00bblight\u00a0\u00bb text_orientation=\u00a0\u00bbleft\u00a0\u00bb use_border_color=\u00a0\u00bboff\u00a0\u00bb border_color=\u00a0\u00bb#ffffff\u00a0\u00bb border_style=\u00a0\u00bbsolid\u00a0\u00bb]<\/p>\n<p><strong>Les r\u00e9gions :<\/strong><\/p>\n<p><span style=\"text-decoration: underline;\">NORD<\/span> :<\/p>\n<p>D\u00e9partements : 02 \u2013 08 \u2013 59 \u2013 60 \u2013 62 \u2013 80.<\/p>\n<p><a href=\"https:\/\/www.coeurssansfrontieres.com\/fr\/accueil-new\/contacts\/blanc-michel\/\"><em>D\u00e9l\u00e9gu\u00e9 r\u00e9gional : Michel Blanc<\/em><\/a><\/p>\n<p><span style=\"text-decoration: underline;\">EST<\/span> :<\/p>\n<p>D\u00e9partements : 10 \u2013 51 \u2013 52 \u201354 \u2013 55 \u2013 57 \u2013 67 \u2013 68 \u2013 88 \u2013 90<\/p>\n<p><a href=\"https:\/\/www.coeurssansfrontieres.com\/fr\/accueil-new\/contacts\/le-quentrec-chantal\/\"><em>D\u00e9l\u00e9gu\u00e9e r\u00e9gionale : Chantal Le Quentrec<\/em><\/a><\/p>\n<p><span style=\"text-decoration: underline;\">BRETAGNE<\/span> :<\/p>\n<p>D\u00e9partements : 22 \u2013 29 \u2013 35 \u2013 44 \u2013 49 \u2013 53 \u2013 56 \u2013 72 \u2013 85<\/p>\n<p><em><a href=\"https:\/\/www.coeurssansfrontieres.com\/fr\/accueil-new\/contacts\/le-neillon-hubert\/\">D\u00e9l\u00e9gu\u00e9 r\u00e9gional: Hubert Le Neillon<\/a><br \/>\n<\/em><\/p>\n<p><span style=\"text-decoration: underline;\">NORMANDIE<\/span> :<\/p>\n<p>D\u00e9partements : 14 &#8211; 18 -27 \u2013 28 \u2013 36 \u2013 37 \u2013 41 \u2013 45 \u201350 \u2013 61 \u2013 76<\/p>\n<p><a href=\"https:\/\/www.coeurssansfrontieres.com\/fr\/accueil-new\/contacts\/blanc-michel\/\"><em>D\u00e9l\u00e9gu\u00e9 r\u00e9gional: : Michel Blanc<\/em><\/a><\/p>\n<p><span style=\"text-decoration: underline;\">ILE DE FRANCE<\/span> :<\/p>\n<p>D\u00e9partements : 75 \u2013 77 \u2013 78 \u2013 89 \u2013 92 \u2013 93 \u2013 94 \u2013 95<\/p>\n<p><a href=\"https:\/\/www.coeurssansfrontieres.com\/fr\/accueil-new\/contacts\/le-quentrec-chantal\/\"><em>D\u00e9l\u00e9gu\u00e9e r\u00e9gionale : Chantal Le Quentrec<\/em><\/a><\/p>\n<p><span style=\"text-decoration: underline;\">SUD-EST<\/span> :<\/p>\n<p>D\u00e9partements : 01 \u2013 03 \u2013 04 \u2013 05 \u2013 06 \u2013 07 \u201313 &#8211; 21 \u2013 25 \u2013 26 \u2013 30 \u2013 34 \u2013 38 &#8211; 39 \u2013 42 \u2013 43 \u2013 48 \u2013 58 \u2013 63 \u201369 \u2013 70 \u2013 71 \u2013 73 \u2013 74 \u2013 83 \u2013 84 \u2013 20 (2A + 2B) &#8211; La R\u00e9union \u2013 Mayotte<\/p>\n<p><a href=\"https:\/\/www.coeurssansfrontieres.com\/fr\/accueil-new\/contacts\/roume-georges\/\"><em>D\u00e9l\u00e9gu\u00e9 r\u00e9gional: Georges Roume<br \/>\n<\/em><\/a><\/p>\n<p><span style=\"text-decoration: underline;\">SUD-OUEST<\/span> :<\/p>\n<p>D\u00e9partements : 09 &#8211; 11 \u2013 12 \u2013 15 \u2013 16 \u2013 17 \u2013 19 \u2013 23 \u2013 24 \u2013 31 \u2013 32 \u2013 33 \u2013 40 &#8211; 46 \u2013 47 &#8211; 64 \u2013 65 \u2013 66 \u2013 79 \u2013 81 \u2013 82 &#8211; 86 \u2013 87<\/p>\n<p><a href=\"https:\/\/www.coeurssansfrontieres.com\/fr\/accueil-new\/contacts\/criton-francis\/\"><em>D\u00e9l\u00e9gu\u00e9 r\u00e9gional : Francis CRITON<\/em><\/a><\/p>\n<p><span style=\"text-decoration: underline;\">ALLEMAGNE-AUTRICHE-BELGIQUE<\/span>:<\/p>\n<p><a href=\"https:\/\/www.coeurssansfrontieres.com\/fr\/accueil-new\/contacts\/le-quentrec-chantal\/\"><em>D\u00e9l\u00e9gu\u00e9e r\u00e9gionale : Chantal Le Quentrec<\/em><\/a><\/p>\n<p>&nbsp;<\/p>\n<p>[\/et_pb_text][\/et_pb_column][et_pb_column type=\u00a0\u00bb1_2&Prime;][et_pb_image admin_label=\u00a0\u00bbImage\u00a0\u00bb src=\u00a0\u00bbhttps:\/\/www.coeurssansfrontieres.com\/wp-content\/uploads\/2016\/07\/carte.gif\u00a0\u00bb show_in_lightbox=\u00a0\u00bboff\u00a0\u00bb url_new_window=\u00a0\u00bboff\u00a0\u00bb use_overlay=\u00a0\u00bboff\u00a0\u00bb animation=\u00a0\u00bboff\u00a0\u00bb sticky=\u00a0\u00bbon\u00a0\u00bb align=\u00a0\u00bbcenter\u00a0\u00bb force_fullwidth=\u00a0\u00bbon\u00a0\u00bb always_center_on_mobile=\u00a0\u00bbon\u00a0\u00bb use_border_color=\u00a0\u00bboff\u00a0\u00bb border_color=\u00a0\u00bb#ffffff\u00a0\u00bb border_style=\u00a0\u00bbsolid\u00a0\u00bb custom_margin=\u00a0\u00bb150px|||0px\u00a0\u00bb] [\/et_pb_image][\/et_pb_column][\/et_pb_row][\/et_pb_section]<\/p>\n","protected":false},"excerpt":{"rendered":"<p>Dans chaque r\u00e9gion, un b\u00e9n\u00e9vole \u00ab\u00a0D\u00e9l\u00e9gu\u00e9 r\u00e9gional\u00a0\u00bb, constitue le lien privil\u00e9gi\u00e9 avec l\u2019adh\u00e9rent. Il est \u00e0 son \u00e9coute, conna\u00eet son histoire et l\u2019aide pour ses recherches. Les d\u00e9l\u00e9gu\u00e9s r\u00e9gionaux savent ce qu&rsquo;est \u00ab\u00a0\u00eatre enfant de la guerre\u00a0\u00bb. Certains sont encore en recherche, d&rsquo;autres ont abouti, ils sont pass\u00e9s par les m\u00eames difficult\u00e9s que ceux qu\u2019ils [&hellip;]<\/p>\n","protected":false},"author":249,"featured_media":0,"parent":3830,"menu_order":2,"comment_status":"open","ping_status":"closed","template":"","meta":{"_et_pb_use_builder":"on","_et_pb_old_content":"<p>Dans chaque r\u00e9gion, un b\u00e9n\u00e9vole \"D\u00e9l\u00e9gu\u00e9 r\u00e9gional\", constitue le lien privil\u00e9gi\u00e9 avec l\u2019adh\u00e9rent. Il est \u00e0 son \u00e9coute, conna\u00eet son histoire et l\u2019aide pour ses recherches.<\/p><p>Les d\u00e9l\u00e9gu\u00e9s r\u00e9gionaux savent ce qu'est \"\u00eatre enfant de la guerre\". Certains sont encore en recherche, d'autres ont abouti, ils sont pass\u00e9s par les m\u00eames difficult\u00e9s que ceux qu\u2019ils \u00e9paulent, ont acquis progressivement une exp\u00e9rience qu'ils mettent \u00e0 disposition.<\/p><p>Le temps pass\u00e9, des d\u00e9cennies de silence et de secret compliquent les d\u00e9marches, toutefois il est possible d'aboutir, chaque ann\u00e9e nous nous r\u00e9jouissons de voir des familles se retrouver, des myst\u00e8res s'\u00e9claircir.<\/p><p>Cependant, il est certain que le trajet vers ces victoires n'est pas de tout repos, il est pr\u00e9f\u00e9rable de ne pas faire cette route tout seul, le d\u00e9l\u00e9gu\u00e9 r\u00e9gional accompagne et soutient par son \u00e9coute et ses conseils.<\/p><p><strong>Les r\u00e9gions :<\/strong><\/p><p><span style=\"text-decoration: underline;\">NORD<\/span> :<\/p><p>D\u00e9partements : 02 \u2013 08 \u2013 59 \u2013 60 \u2013 62 \u2013 80.<\/p><p><em>D\u00e9l\u00e9gu\u00e9 r\u00e9gional : Michel Blanc<\/em><\/p><p><span style=\"text-decoration: underline;\">EST<\/span> :<\/p><p>D\u00e9partements : 10 \u2013 51 \u2013 52 \u201354 \u2013 55 \u2013 57 \u2013 67 \u2013 68 \u2013 88 \u2013 90<\/p><p><em>D\u00e9l\u00e9gu\u00e9e r\u00e9gionale : Chantal Le Quentrec<\/em><\/p><p><span style=\"text-decoration: underline;\">BRETAGNE<\/span> :<\/p><p>D\u00e9partements : 22 \u2013 29 \u2013 35 \u2013 44 \u2013 49 \u2013 53 \u2013 56 \u2013 72 \u2013 85<\/p><p><em>D\u00e9l\u00e9gu\u00e9 r\u00e9gional: Hubert Le Neillon<br \/> <\/em><\/p><p><span style=\"text-decoration: underline;\">NORMANDIE<\/span> :<\/p><p>D\u00e9partements : 14 - 18 -27 \u2013 28 \u2013 36 \u2013 37 \u2013 41 \u2013 45 \u201350 \u2013 61 \u2013 76<\/p><p><em>D\u00e9l\u00e9gu\u00e9 r\u00e9gional: : Michel Blanc<\/em><\/p><p><span style=\"text-decoration: underline;\">ILE DE FRANCE<\/span> :<\/p><p>D\u00e9partements : 75 \u2013 77 \u2013 78 \u2013 89 \u2013 92 \u2013 93 \u2013 94 \u2013 95<\/p><p><em>D\u00e9l\u00e9gu\u00e9e r\u00e9gionale : Chantal Le Quentrec<\/em><\/p><p><span style=\"text-decoration: underline;\">SUD-EST<\/span> :<\/p><p>D\u00e9partements : 01 \u2013 03 \u2013 04 \u2013 05 \u2013 06 \u2013 07 \u201313 - 21 \u2013 25 \u2013 26 \u2013 30 \u2013 34 \u2013 38 - 39 \u2013 42 \u2013 43 \u2013 48 \u2013 58 \u2013 63 \u201369 \u2013 70 \u2013 71 \u2013 73 \u2013 74 \u2013 83 \u2013 84 \u2013 20 (2A + 2B) - La R\u00e9union \u2013 Mayotte<\/p><p><em>D\u00e9l\u00e9gu\u00e9 r\u00e9gional: Georges Roume<br \/> <\/em><\/p><p><span style=\"text-decoration: underline;\">SUD-OUEST<\/span> :<\/p><p>D\u00e9partements : 09 - 11 \u2013 12 \u2013 15 \u2013 16 \u2013 17 \u2013 19 \u2013 23 \u2013 24 \u2013 31 \u2013 32 \u2013 33 \u2013 40 - 46 \u2013 47 - 64 \u2013 65 \u2013 66 \u2013 79 \u2013 81 \u2013 82 - 86 \u2013 87<\/p><p><em>D\u00e9l\u00e9gu\u00e9 r\u00e9gional : Francis CRITON<\/em><\/p><p><span style=\"text-decoration: underline;\">ALLEMAGNE-AUTRICHE-BELGIQUE<\/span>:<\/p><p><em>D\u00e9l\u00e9gu\u00e9e r\u00e9gionale : Chantal Le Quentrec<\/em><\/p><p>\u00a0<\/p>","_et_gb_content_width":"","footnotes":""},"class_list":["post-584","page","type-page","status-publish","hentry"],"yoast_head":"<!-- This site is optimized with the Yoast SEO plugin v27.3 - https:\/\/yoast.com\/product\/yoast-seo-wordpress\/ -->\n<title>Organisation r\u00e9gionale - CSF - HOG<\/title>\n<meta name=\"robots\" content=\"index, follow, max-snippet:-1, max-image-preview:large, max-video-preview:-1\" \/>\n<link rel=\"canonical\" href=\"https:\/\/www.coeurssansfrontieres.com\/fr\/accueil201805-2\/accueil-new\/organisation-regionale\/\" \/>\n<meta property=\"og:locale\" content=\"fr_FR\" \/>\n<meta property=\"og:type\" content=\"article\" \/>\n<meta property=\"og:title\" content=\"Organisation r\u00e9gionale - CSF - HOG\" \/>\n<meta property=\"og:description\" content=\"Dans chaque r\u00e9gion, un b\u00e9n\u00e9vole &quot;D\u00e9l\u00e9gu\u00e9 r\u00e9gional&quot;, constitue le lien privil\u00e9gi\u00e9 avec l\u2019adh\u00e9rent. Il est \u00e0 son \u00e9coute, conna\u00eet son histoire et l\u2019aide pour ses recherches. Les d\u00e9l\u00e9gu\u00e9s r\u00e9gionaux savent ce qu&#039;est &quot;\u00eatre enfant de la guerre&quot;. Certains sont encore en recherche, d&#039;autres ont abouti, ils sont pass\u00e9s par les m\u00eames difficult\u00e9s que ceux qu\u2019ils [&hellip;]\" \/>\n<meta property=\"og:url\" content=\"https:\/\/www.coeurssansfrontieres.com\/fr\/accueil201805-2\/accueil-new\/organisation-regionale\/\" \/>\n<meta property=\"og:site_name\" content=\"CSF - HOG\" \/>\n<meta property=\"article:modified_time\" content=\"2017-11-05T15:50:54+00:00\" \/>\n<meta name=\"twitter:card\" content=\"summary_large_image\" \/>\n<meta name=\"twitter:label1\" content=\"Dur\u00e9e de lecture estim\u00e9e\" \/>\n\t<meta name=\"twitter:data1\" content=\"4 minutes\" \/>\n<script type=\"application\/ld+json\" class=\"yoast-schema-graph\">{\"@context\":\"https:\\\/\\\/schema.org\",\"@graph\":[{\"@type\":\"WebPage\",\"@id\":\"https:\\\/\\\/www.coeurssansfrontieres.com\\\/fr\\\/accueil201805-2\\\/accueil-new\\\/organisation-regionale\\\/\",\"url\":\"https:\\\/\\\/www.coeurssansfrontieres.com\\\/fr\\\/accueil201805-2\\\/accueil-new\\\/organisation-regionale\\\/\",\"name\":\"Organisation r\u00e9gionale - CSF - HOG\",\"isPartOf\":{\"@id\":\"https:\\\/\\\/www.coeurssansfrontieres.com\\\/fr\\\/#website\"},\"datePublished\":\"2012-04-03T10:20:54+00:00\",\"dateModified\":\"2017-11-05T15:50:54+00:00\",\"breadcrumb\":{\"@id\":\"https:\\\/\\\/www.coeurssansfrontieres.com\\\/fr\\\/accueil201805-2\\\/accueil-new\\\/organisation-regionale\\\/#breadcrumb\"},\"inLanguage\":\"fr-FR\",\"potentialAction\":[{\"@type\":\"ReadAction\",\"target\":[\"https:\\\/\\\/www.coeurssansfrontieres.com\\\/fr\\\/accueil201805-2\\\/accueil-new\\\/organisation-regionale\\\/\"]}]},{\"@type\":\"BreadcrumbList\",\"@id\":\"https:\\\/\\\/www.coeurssansfrontieres.com\\\/fr\\\/accueil201805-2\\\/accueil-new\\\/organisation-regionale\\\/#breadcrumb\",\"itemListElement\":[{\"@type\":\"ListItem\",\"position\":1,\"name\":\"Accueil\",\"item\":\"https:\\\/\\\/www.coeurssansfrontieres.com\\\/fr\\\/\"},{\"@type\":\"ListItem\",\"position\":2,\"name\":\"CSF HOG accueil\",\"item\":\"https:\\\/\\\/www.coeurssansfrontieres.com\\\/fr\\\/\"},{\"@type\":\"ListItem\",\"position\":3,\"name\":\"accueil new\",\"item\":\"https:\\\/\\\/www.coeurssansfrontieres.com\\\/fr\\\/?page_id=3830\"},{\"@type\":\"ListItem\",\"position\":4,\"name\":\"Organisation r\u00e9gionale\"}]},{\"@type\":\"WebSite\",\"@id\":\"https:\\\/\\\/www.coeurssansfrontieres.com\\\/fr\\\/#website\",\"url\":\"https:\\\/\\\/www.coeurssansfrontieres.com\\\/fr\\\/\",\"name\":\"C\u0153urs sans fronti\u00e8res\",\"description\":\"Association franco-allemande des Enfants de la Seconde Guerre Mondiale\",\"potentialAction\":[{\"@type\":\"SearchAction\",\"target\":{\"@type\":\"EntryPoint\",\"urlTemplate\":\"https:\\\/\\\/www.coeurssansfrontieres.com\\\/fr\\\/?s={search_term_string}\"},\"query-input\":{\"@type\":\"PropertyValueSpecification\",\"valueRequired\":true,\"valueName\":\"search_term_string\"}}],\"inLanguage\":\"fr-FR\"}]}<\/script>\n<!-- \/ Yoast SEO plugin. -->","yoast_head_json":{"title":"Organisation r\u00e9gionale - CSF - HOG","robots":{"index":"index","follow":"follow","max-snippet":"max-snippet:-1","max-image-preview":"max-image-preview:large","max-video-preview":"max-video-preview:-1"},"canonical":"https:\/\/www.coeurssansfrontieres.com\/fr\/accueil201805-2\/accueil-new\/organisation-regionale\/","og_locale":"fr_FR","og_type":"article","og_title":"Organisation r\u00e9gionale - CSF - HOG","og_description":"Dans chaque r\u00e9gion, un b\u00e9n\u00e9vole \"D\u00e9l\u00e9gu\u00e9 r\u00e9gional\", constitue le lien privil\u00e9gi\u00e9 avec l\u2019adh\u00e9rent. Il est \u00e0 son \u00e9coute, conna\u00eet son histoire et l\u2019aide pour ses recherches. Les d\u00e9l\u00e9gu\u00e9s r\u00e9gionaux savent ce qu'est \"\u00eatre enfant de la guerre\". Certains sont encore en recherche, d'autres ont abouti, ils sont pass\u00e9s par les m\u00eames difficult\u00e9s que ceux qu\u2019ils [&hellip;]","og_url":"https:\/\/www.coeurssansfrontieres.com\/fr\/accueil201805-2\/accueil-new\/organisation-regionale\/","og_site_name":"CSF - HOG","article_modified_time":"2017-11-05T15:50:54+00:00","twitter_card":"summary_large_image","twitter_misc":{"Dur\u00e9e de lecture estim\u00e9e":"4 minutes"},"schema":{"@context":"https:\/\/schema.org","@graph":[{"@type":"WebPage","@id":"https:\/\/www.coeurssansfrontieres.com\/fr\/accueil201805-2\/accueil-new\/organisation-regionale\/","url":"https:\/\/www.coeurssansfrontieres.com\/fr\/accueil201805-2\/accueil-new\/organisation-regionale\/","name":"Organisation r\u00e9gionale - CSF - HOG","isPartOf":{"@id":"https:\/\/www.coeurssansfrontieres.com\/fr\/#website"},"datePublished":"2012-04-03T10:20:54+00:00","dateModified":"2017-11-05T15:50:54+00:00","breadcrumb":{"@id":"https:\/\/www.coeurssansfrontieres.com\/fr\/accueil201805-2\/accueil-new\/organisation-regionale\/#breadcrumb"},"inLanguage":"fr-FR","potentialAction":[{"@type":"ReadAction","target":["https:\/\/www.coeurssansfrontieres.com\/fr\/accueil201805-2\/accueil-new\/organisation-regionale\/"]}]},{"@type":"BreadcrumbList","@id":"https:\/\/www.coeurssansfrontieres.com\/fr\/accueil201805-2\/accueil-new\/organisation-regionale\/#breadcrumb","itemListElement":[{"@type":"ListItem","position":1,"name":"Accueil","item":"https:\/\/www.coeurssansfrontieres.com\/fr\/"},{"@type":"ListItem","position":2,"name":"CSF HOG accueil","item":"https:\/\/www.coeurssansfrontieres.com\/fr\/"},{"@type":"ListItem","position":3,"name":"accueil new","item":"https:\/\/www.coeurssansfrontieres.com\/fr\/?page_id=3830"},{"@type":"ListItem","position":4,"name":"Organisation r\u00e9gionale"}]},{"@type":"WebSite","@id":"https:\/\/www.coeurssansfrontieres.com\/fr\/#website","url":"https:\/\/www.coeurssansfrontieres.com\/fr\/","name":"C\u0153urs sans fronti\u00e8res","description":"Association franco-allemande des Enfants de la Seconde Guerre Mondiale","potentialAction":[{"@type":"SearchAction","target":{"@type":"EntryPoint","urlTemplate":"https:\/\/www.coeurssansfrontieres.com\/fr\/?s={search_term_string}"},"query-input":{"@type":"PropertyValueSpecification","valueRequired":true,"valueName":"search_term_string"}}],"inLanguage":"fr-FR"}]}},"_links":{"self":[{"href":"https:\/\/www.coeurssansfrontieres.com\/fr\/wp-json\/wp\/v2\/pages\/584","targetHints":{"allow":["GET"]}}],"collection":[{"href":"https:\/\/www.coeurssansfrontieres.com\/fr\/wp-json\/wp\/v2\/pages"}],"about":[{"href":"https:\/\/www.coeurssansfrontieres.com\/fr\/wp-json\/wp\/v2\/types\/page"}],"author":[{"embeddable":true,"href":"https:\/\/www.coeurssansfrontieres.com\/fr\/wp-json\/wp\/v2\/users\/249"}],"replies":[{"embeddable":true,"href":"https:\/\/www.coeurssansfrontieres.com\/fr\/wp-json\/wp\/v2\/comments?post=584"}],"version-history":[{"count":0,"href":"https:\/\/www.coeurssansfrontieres.com\/fr\/wp-json\/wp\/v2\/pages\/584\/revisions"}],"up":[{"embeddable":true,"href":"https:\/\/www.coeurssansfrontieres.com\/fr\/wp-json\/wp\/v2\/pages\/3830"}],"wp:attachment":[{"href":"https:\/\/www.coeurssansfrontieres.com\/fr\/wp-json\/wp\/v2\/media?parent=584"}],"curies":[{"name":"wp","href":"https:\/\/api.w.org\/{rel}","templated":true}]}}